{"id":117,"date":"2021-04-12T11:11:20","date_gmt":"2021-04-12T10:11:20","guid":{"rendered":"https:\/\/wersch-verlag.de\/?page_id=117"},"modified":"2026-03-16T11:24:51","modified_gmt":"2026-03-16T10:24:51","slug":"startseite","status":"publish","type":"page","link":"https:\/\/wersch-verlag.de\/","title":{"rendered":"Startseite"},"content":{"rendered":"\t\t<div data-elementor-type=\"wp-page\" data-elementor-id=\"117\" class=\"elementor elementor-117\">\n\t\t\t\t\t\t<section class=\"elementor-section elementor-top-section elementor-element elementor-element-266b7e97 elementor-section-boxed elementor-section-height-default elementor-section-height-default\" data-id=\"266b7e97\" data-element_type=\"section\" data-e-type=\"section\">\n\t\t\t\t\t\t<div class=\"elementor-container elementor-column-gap-default\">\n\t\t\t\t\t<div class=\"elementor-column elementor-col-100 elementor-top-column elementor-element elementor-element-40694ef4\" data-id=\"40694ef4\" data-element_type=\"column\" data-e-type=\"column\">\n\t\t\t<div class=\"elementor-widget-wrap elementor-element-populated\">\n\t\t\t\t\t\t<div class=\"elementor-element elementor-element-41b176c elementor-widget elementor-widget-image\" data-id=\"41b176c\" data-element_type=\"widget\" data-e-type=\"widget\" data-widget_type=\"image.default\">\n\t\t\t\t<div class=\"elementor-widget-container\">\n\t\t\t\t\t\t\t\t\t\t\t\t\t\t\t<img fetchpriority=\"high\" decoding=\"async\" width=\"820\" height=\"617\" src=\"https:\/\/wersch-verlag.de\/wp-content\/uploads\/2021\/04\/Bild-Bruecke-a.jpeg\" class=\"attachment-large size-large wp-image-92\" alt=\"\" srcset=\"https:\/\/wersch-verlag.de\/wp-content\/uploads\/2021\/04\/Bild-Bruecke-a.jpeg 820w, https:\/\/wersch-verlag.de\/wp-content\/uploads\/2021\/04\/Bild-Bruecke-a-324x244.jpeg 324w, https:\/\/wersch-verlag.de\/wp-content\/uploads\/2021\/04\/Bild-Bruecke-a-416x313.jpeg 416w, https:\/\/wersch-verlag.de\/wp-content\/uploads\/2021\/04\/Bild-Bruecke-a-300x226.jpeg 300w, https:\/\/wersch-verlag.de\/wp-content\/uploads\/2021\/04\/Bild-Bruecke-a-768x578.jpeg 768w\" sizes=\"(max-width: 820px) 100vw, 820px\" \/>\t\t\t\t\t\t\t\t\t\t\t\t\t\t\t<\/div>\n\t\t\t\t<\/div>\n\t\t\t\t<div class=\"elementor-element elementor-element-7cc77440 elementor-widget elementor-widget-text-editor\" data-id=\"7cc77440\" data-element_type=\"widget\" data-e-type=\"widget\" data-widget_type=\"text-editor.default\">\n\t\t\t\t<div class=\"elementor-widget-container\">\n\t\t\t\t\t\t\t\t\t<h4 class=\"has-medium-font-size\">Im WerSch Verlag werden fast ausschlie\u00dflich die B\u00fccher und Brosch\u00fcren von\u00a0<br \/><span style=\"font-size: var(--wp--preset--font-size--medium); color: var( --e-global-color-text ); font-family: var( --e-global-typography-text-font-family ), Sans-serif; background-color: var(--wp--preset--color--base);\">Prof. Dr. Werner Schiebeler ver\u00f6ffentlicht.\u00a0<\/span><\/h4>\n<h4><!-- \/wp:paragraph --><!-- wp:paragraph {\"fontSize\":\"medium\"} --><\/h4>\n<h4 class=\"has-medium-font-size\">Die Schriften sind auch heute hoch aktuell f\u00fcr Menschen, die sich mit der jenseitigen Welt und den Zusammenh\u00e4ngen mit der diesseitigen Welt besch\u00e4ftigen.<\/h4>\n<div>\u00a0<\/div>\n<p>\u00a0<\/p>\n<div><b>Kontakt:<\/b><br \/>Christiane Kadzioch<br \/>Tel. +49 (0) 89 &#8211; 7913876 (Montag &#8211; Freitag: 09.00-17.00 Uhr)<br \/>Email: ckadzioch@arcor.de<\/div>\n<p><!-- \/wp:image --><!-- wp:paragraph --><\/p>\n<p><!-- \/wp:paragraph --><\/p>\t\t\t\t\t\t\t\t<\/div>\n\t\t\t\t<\/div>\n\t\t\t\t\t<\/div>\n\t\t<\/div>\n\t\t\t\t\t<\/div>\n\t\t<\/section>\n\t\t\t\t<\/div>\n\t\t","protected":false},"excerpt":{"rendered":"<p>Im WerSch Verlag werden fast ausschlie\u00dflich die B\u00fccher und Brosch\u00fcren von\u00a0Prof. Dr. Werner Schiebeler ver\u00f6ffentlicht.\u00a0 Die Schriften sind auch heute hoch aktuell f\u00fcr Menschen, die sich mit der jenseitigen Welt und den Zusammenh\u00e4ngen mit der diesseitigen Welt besch\u00e4ftigen. \u00a0 \u00a0 Kontakt:Christiane KadziochTel. +49 (0) 89 &#8211; 7913876 (Montag &#8211; Freitag: 09.00-17.00 Uhr)Email: ckadzioch@arcor.de<\/p>\n","protected":false},"author":1,"featured_media":0,"parent":0,"menu_order":0,"comment_status":"closed","ping_status":"closed","template":"","meta":{"_monsterinsights_skip_tracking":false,"_monsterinsights_sitenote_active":false,"_monsterinsights_sitenote_note":"","_monsterinsights_sitenote_category":0,"footnotes":""},"class_list":["post-117","page","type-page","status-publish","hentry"],"yoast_head":"<!-- This site is optimized with the Yoast SEO plugin v27.3 - https:\/\/yoast.com\/product\/yoast-seo-wordpress\/ -->\n<title>Startseite - WerSch Verlag<\/title>\n<meta name=\"description\" content=\"B\u00fccher von Prof. Dr. Werner Schiebeler f\u00fcr Menschen, die sich mit der jenseitigen Welt und den Zusammenh\u00e4ngen mit der diesseitigen Welt besch\u00e4ftigen.\" \/>\n<meta name=\"robots\" content=\"index, follow, max-snippet:-1, max-image-preview:large, max-video-preview:-1\" \/>\n<link rel=\"canonical\" href=\"https:\/\/wersch-verlag.de\/\" \/>\n<meta property=\"og:locale\" content=\"de_DE\" \/>\n<meta property=\"og:type\" content=\"article\" \/>\n<meta property=\"og:title\" content=\"Startseite - WerSch Verlag\" \/>\n<meta property=\"og:description\" content=\"B\u00fccher von Prof. Dr. Werner Schiebeler f\u00fcr Menschen, die sich mit der jenseitigen Welt und den Zusammenh\u00e4ngen mit der diesseitigen Welt besch\u00e4ftigen.\" \/>\n<meta property=\"og:url\" content=\"https:\/\/wersch-verlag.de\/\" \/>\n<meta property=\"og:site_name\" content=\"WerSch Verlag\" \/>\n<meta property=\"article:modified_time\" content=\"2026-03-16T10:24:51+00:00\" \/>\n<meta property=\"og:image\" content=\"https:\/\/wersch-verlag.de\/wp-content\/uploads\/2021\/04\/Bild-Bruecke-a.jpeg\" \/>\n\t<meta property=\"og:image:width\" content=\"820\" \/>\n\t<meta property=\"og:image:height\" content=\"617\" \/>\n\t<meta property=\"og:image:type\" content=\"image\/jpeg\" \/>\n<meta name=\"twitter:card\" content=\"summary_large_image\" \/>\n<meta name=\"twitter:label1\" content=\"Gesch\u00e4tzte Lesezeit\" \/>\n\t<meta name=\"twitter:data1\" content=\"1\u00a0Minute\" \/>\n<script type=\"application\/ld+json\" class=\"yoast-schema-graph\">{\"@context\":\"https:\\\/\\\/schema.org\",\"@graph\":[{\"@type\":\"WebPage\",\"@id\":\"https:\\\/\\\/wersch-verlag.de\\\/\",\"url\":\"https:\\\/\\\/wersch-verlag.de\\\/\",\"name\":\"Startseite - WerSch Verlag\",\"isPartOf\":{\"@id\":\"https:\\\/\\\/wersch-verlag.de\\\/#website\"},\"primaryImageOfPage\":{\"@id\":\"https:\\\/\\\/wersch-verlag.de\\\/#primaryimage\"},\"image\":{\"@id\":\"https:\\\/\\\/wersch-verlag.de\\\/#primaryimage\"},\"thumbnailUrl\":\"https:\\\/\\\/wersch-verlag.de\\\/wp-content\\\/uploads\\\/2021\\\/04\\\/Bild-Bruecke-a.jpeg\",\"datePublished\":\"2021-04-12T10:11:20+00:00\",\"dateModified\":\"2026-03-16T10:24:51+00:00\",\"description\":\"B\u00fccher von Prof. Dr. Werner Schiebeler f\u00fcr Menschen, die sich mit der jenseitigen Welt und den Zusammenh\u00e4ngen mit der diesseitigen Welt besch\u00e4ftigen.\",\"breadcrumb\":{\"@id\":\"https:\\\/\\\/wersch-verlag.de\\\/#breadcrumb\"},\"inLanguage\":\"de\",\"potentialAction\":[{\"@type\":\"ReadAction\",\"target\":[\"https:\\\/\\\/wersch-verlag.de\\\/\"]}]},{\"@type\":\"ImageObject\",\"inLanguage\":\"de\",\"@id\":\"https:\\\/\\\/wersch-verlag.de\\\/#primaryimage\",\"url\":\"https:\\\/\\\/wersch-verlag.de\\\/wp-content\\\/uploads\\\/2021\\\/04\\\/Bild-Bruecke-a.jpeg\",\"contentUrl\":\"https:\\\/\\\/wersch-verlag.de\\\/wp-content\\\/uploads\\\/2021\\\/04\\\/Bild-Bruecke-a.jpeg\",\"width\":820,\"height\":617},{\"@type\":\"BreadcrumbList\",\"@id\":\"https:\\\/\\\/wersch-verlag.de\\\/#breadcrumb\",\"itemListElement\":[{\"@type\":\"ListItem\",\"position\":1,\"name\":\"Home\",\"item\":\"https:\\\/\\\/wersch-verlag.de\\\/\"},{\"@type\":\"ListItem\",\"position\":2,\"name\":\"Startseite\"}]},{\"@type\":\"WebSite\",\"@id\":\"https:\\\/\\\/wersch-verlag.de\\\/#website\",\"url\":\"https:\\\/\\\/wersch-verlag.de\\\/\",\"name\":\"WerSch Verlag\",\"description\":\"M\u00fcnchen\",\"publisher\":{\"@id\":\"https:\\\/\\\/wersch-verlag.de\\\/#organization\"},\"potentialAction\":[{\"@type\":\"SearchAction\",\"target\":{\"@type\":\"EntryPoint\",\"urlTemplate\":\"https:\\\/\\\/wersch-verlag.de\\\/?s={search_term_string}\"},\"query-input\":{\"@type\":\"PropertyValueSpecification\",\"valueRequired\":true,\"valueName\":\"search_term_string\"}}],\"inLanguage\":\"de\"},{\"@type\":\"Organization\",\"@id\":\"https:\\\/\\\/wersch-verlag.de\\\/#organization\",\"name\":\"WerSch Verlag\",\"url\":\"https:\\\/\\\/wersch-verlag.de\\\/\",\"logo\":{\"@type\":\"ImageObject\",\"inLanguage\":\"de\",\"@id\":\"https:\\\/\\\/wersch-verlag.de\\\/#\\\/schema\\\/logo\\\/image\\\/\",\"url\":\"https:\\\/\\\/wersch-verlag.de\\\/wp-content\\\/uploads\\\/2021\\\/04\\\/Bild-Bruecke-a.jpeg\",\"contentUrl\":\"https:\\\/\\\/wersch-verlag.de\\\/wp-content\\\/uploads\\\/2021\\\/04\\\/Bild-Bruecke-a.jpeg\",\"width\":820,\"height\":617,\"caption\":\"WerSch Verlag\"},\"image\":{\"@id\":\"https:\\\/\\\/wersch-verlag.de\\\/#\\\/schema\\\/logo\\\/image\\\/\"}}]}<\/script>\n<!-- \/ Yoast SEO plugin. -->","yoast_head_json":{"title":"Startseite - WerSch Verlag","description":"B\u00fccher von Prof. Dr. Werner Schiebeler f\u00fcr Menschen, die sich mit der jenseitigen Welt und den Zusammenh\u00e4ngen mit der diesseitigen Welt besch\u00e4ftigen.","robots":{"index":"index","follow":"follow","max-snippet":"max-snippet:-1","max-image-preview":"max-image-preview:large","max-video-preview":"max-video-preview:-1"},"canonical":"https:\/\/wersch-verlag.de\/","og_locale":"de_DE","og_type":"article","og_title":"Startseite - WerSch Verlag","og_description":"B\u00fccher von Prof. Dr. Werner Schiebeler f\u00fcr Menschen, die sich mit der jenseitigen Welt und den Zusammenh\u00e4ngen mit der diesseitigen Welt besch\u00e4ftigen.","og_url":"https:\/\/wersch-verlag.de\/","og_site_name":"WerSch Verlag","article_modified_time":"2026-03-16T10:24:51+00:00","og_image":[{"width":820,"height":617,"url":"https:\/\/wersch-verlag.de\/wp-content\/uploads\/2021\/04\/Bild-Bruecke-a.jpeg","type":"image\/jpeg"}],"twitter_card":"summary_large_image","twitter_misc":{"Gesch\u00e4tzte Lesezeit":"1\u00a0Minute"},"schema":{"@context":"https:\/\/schema.org","@graph":[{"@type":"WebPage","@id":"https:\/\/wersch-verlag.de\/","url":"https:\/\/wersch-verlag.de\/","name":"Startseite - WerSch Verlag","isPartOf":{"@id":"https:\/\/wersch-verlag.de\/#website"},"primaryImageOfPage":{"@id":"https:\/\/wersch-verlag.de\/#primaryimage"},"image":{"@id":"https:\/\/wersch-verlag.de\/#primaryimage"},"thumbnailUrl":"https:\/\/wersch-verlag.de\/wp-content\/uploads\/2021\/04\/Bild-Bruecke-a.jpeg","datePublished":"2021-04-12T10:11:20+00:00","dateModified":"2026-03-16T10:24:51+00:00","description":"B\u00fccher von Prof. Dr. Werner Schiebeler f\u00fcr Menschen, die sich mit der jenseitigen Welt und den Zusammenh\u00e4ngen mit der diesseitigen Welt besch\u00e4ftigen.","breadcrumb":{"@id":"https:\/\/wersch-verlag.de\/#breadcrumb"},"inLanguage":"de","potentialAction":[{"@type":"ReadAction","target":["https:\/\/wersch-verlag.de\/"]}]},{"@type":"ImageObject","inLanguage":"de","@id":"https:\/\/wersch-verlag.de\/#primaryimage","url":"https:\/\/wersch-verlag.de\/wp-content\/uploads\/2021\/04\/Bild-Bruecke-a.jpeg","contentUrl":"https:\/\/wersch-verlag.de\/wp-content\/uploads\/2021\/04\/Bild-Bruecke-a.jpeg","width":820,"height":617},{"@type":"BreadcrumbList","@id":"https:\/\/wersch-verlag.de\/#breadcrumb","itemListElement":[{"@type":"ListItem","position":1,"name":"Home","item":"https:\/\/wersch-verlag.de\/"},{"@type":"ListItem","position":2,"name":"Startseite"}]},{"@type":"WebSite","@id":"https:\/\/wersch-verlag.de\/#website","url":"https:\/\/wersch-verlag.de\/","name":"WerSch Verlag","description":"M\u00fcnchen","publisher":{"@id":"https:\/\/wersch-verlag.de\/#organization"},"potentialAction":[{"@type":"SearchAction","target":{"@type":"EntryPoint","urlTemplate":"https:\/\/wersch-verlag.de\/?s={search_term_string}"},"query-input":{"@type":"PropertyValueSpecification","valueRequired":true,"valueName":"search_term_string"}}],"inLanguage":"de"},{"@type":"Organization","@id":"https:\/\/wersch-verlag.de\/#organization","name":"WerSch Verlag","url":"https:\/\/wersch-verlag.de\/","logo":{"@type":"ImageObject","inLanguage":"de","@id":"https:\/\/wersch-verlag.de\/#\/schema\/logo\/image\/","url":"https:\/\/wersch-verlag.de\/wp-content\/uploads\/2021\/04\/Bild-Bruecke-a.jpeg","contentUrl":"https:\/\/wersch-verlag.de\/wp-content\/uploads\/2021\/04\/Bild-Bruecke-a.jpeg","width":820,"height":617,"caption":"WerSch Verlag"},"image":{"@id":"https:\/\/wersch-verlag.de\/#\/schema\/logo\/image\/"}}]}},"_links":{"self":[{"href":"https:\/\/wersch-verlag.de\/index.php\/wp-json\/wp\/v2\/pages\/117","targetHints":{"allow":["GET"]}}],"collection":[{"href":"https:\/\/wersch-verlag.de\/index.php\/wp-json\/wp\/v2\/pages"}],"about":[{"href":"https:\/\/wersch-verlag.de\/index.php\/wp-json\/wp\/v2\/types\/page"}],"author":[{"embeddable":true,"href":"https:\/\/wersch-verlag.de\/index.php\/wp-json\/wp\/v2\/users\/1"}],"replies":[{"embeddable":true,"href":"https:\/\/wersch-verlag.de\/index.php\/wp-json\/wp\/v2\/comments?post=117"}],"version-history":[{"count":41,"href":"https:\/\/wersch-verlag.de\/index.php\/wp-json\/wp\/v2\/pages\/117\/revisions"}],"predecessor-version":[{"id":854,"href":"https:\/\/wersch-verlag.de\/index.php\/wp-json\/wp\/v2\/pages\/117\/revisions\/854"}],"wp:attachment":[{"href":"https:\/\/wersch-verlag.de\/index.php\/wp-json\/wp\/v2\/media?parent=117"}],"curies":[{"name":"wp","href":"https:\/\/api.w.org\/{rel}","templated":true}]}}