{"id":20,"date":"2021-03-11T14:36:51","date_gmt":"2021-03-11T14:36:51","guid":{"rendered":"https:\/\/wersch-verlag.de\/?page_id=20"},"modified":"2025-02-17T16:49:26","modified_gmt":"2025-02-17T15:49:26","slug":"kontakt","status":"publish","type":"page","link":"https:\/\/wersch-verlag.de\/index.php\/kontakt\/","title":{"rendered":"Impressum"},"content":{"rendered":"<p><strong style=\"font-size: 1.41575em; font-family: var( --e-global-typography-text-font-family ), Sans-serif;\">Angaben gema\u0308\u00df \u00a7 5 TMG<\/strong><\/p>\n<p><strong><br>WerSch Verlag<\/strong> <br>Inhaberin: Christiane Kadzioch (Einzelunternehmerin) <br>Rothpletzstra\u00dfe 12a<br>80937 M\u00fcnchen<\/p>\n<h4><strong>Kontakt<\/strong><\/h4>\n<p>Telefon: +49 (0) 89 7913876<br>E-Mail: ckadzioch@arcor.de<\/p>\n<h4><strong>Postadresse<\/strong><\/h4>\n<p>WerSch Verlag<br>Rothpletzstr. 12a<br>80937 M\u00fcnchen<\/p>\n<h4><strong>Umsatzsteuer-ID<\/strong><\/h4>\n<p>Umsatzsteuer-Identifikationsnummer gema\u0308\u00df \u00a7 27 a Umsatzsteuergesetz: DE368360106<\/p>\n<h4><b>Gewerbeanmeldung<\/b><\/h4>\n<p>Die Gewerbeanmeldung nach \u00a7 14 GewO bzw. \u00a7 55c GewO&nbsp;wurde am 24.08.2023 durch Ordnungsamt M\u00fcnchen erteilt.<\/p>\n<h4><strong>Verbraucherstreitbeilegung\/Universalschlichtungsstelle<\/strong><\/h4>\n<p>Wir sind nicht bereit oder verpflichtet, an Streitbeilegungsverfahren vor einer Verbraucherschlichtungsstelle teilzunehmen.<\/p>\n<h4><strong>Haftung fu\u0308r Inhalte<\/strong><\/h4>\n<p>Als Diensteanbieter sind wir gema\u0308\u00df \u00a7 7 Abs.1 TMG fu\u0308r eigene Inhalte auf diesen Seiten nach den allgemeinen Gesetzen verantwortlich. Nach \u00a7\u00a7 8 bis 10 TMG sind wir als Diensteanbieter jedoch nicht verpflichtet, u\u0308bermittelte oder gespeicherte fremde Informationen zu u\u0308berwachen oder nach Umsta\u0308nden zu forschen, die auf eine rechtswidrige Ta\u0308tigkeit hinweisen.<\/p>\n<p>Verpflichtungen zur Entfernung oder Sperrung der Nutzung von Informationen nach den allgemeinen Gesetzen bleiben hiervon unberu\u0308hrt. Eine diesbezu\u0308gliche Haftung ist jedoch erst ab dem Zeitpunkt der Kenntnis einer konkreten Rechtsverletzung mo\u0308glich. Bei Bekanntwerden von entsprechenden Rechtsverletzungen werden wir diese Inhalte umgehend entfernen.<\/p>\n<h4><strong>Haftung fu\u0308r Links<\/strong><\/h4>\n<p>Unser Angebot entha\u0308lt Links zu externen Websites Dritter, auf deren Inhalte wir keinen Einfluss haben. Deshalb ko\u0308nnen wir fu\u0308r diese fremden Inhalte auch keine Gewa\u0308hr u\u0308bernehmen. Fu\u0308r die Inhalte der verlinkten Seiten ist stets der jeweilige Anbieter oder Betreiber der Seiten verantwortlich. Die verlinkten Seiten wurden zum Zeitpunkt der Verlinkung auf mo\u0308gliche Rechtsversto\u0308\u00dfe u\u0308berpru\u0308ft. Rechtswidrige Inhalte waren zum Zeitpunkt der Verlinkung nicht erkennbar.<\/p>\n<p>Eine permanente inhaltliche Kontrolle der verlinkten Seiten ist jedoch ohne konkrete Anhaltspunkte einer Rechtsverletzung nicht zumutbar. Bei Bekanntwerden von Rechtsverletzungen werden wir derartige Links umgehend entfernen.<\/p>\n<h4><strong>Urheberrecht<\/strong><\/h4>\n<p>Die durch die Seitenbetreiber erstellten Inhalte und Werke auf diesen Seiten unterliegen dem deutschen Urheberrecht. Die Vervielfa\u0308ltigung, Bearbeitung, Verbreitung und jede Art der Verwertung au\u00dferhalb der Grenzen des Urheberrechtes bedu\u0308rfen der schriftlichen Zustimmung des jeweiligen Autors bzw. Erstellers. Downloads und Kopien dieser Seite sind nur fu\u0308r den privaten, nicht kommerziellen Gebrauch gestattet.<\/p>\n<p>Soweit die Inhalte auf dieser Seite nicht vom Betreiber erstellt wurden, werden die Urheberrechte Dritter beachtet. Insbesondere werden Inhalte Dritter als solche gekennzeichnet. Sollten Sie trotzdem auf eine Urheberrechtsverletzung aufmerksam werden, bitten wir um einen entsprechenden Hinweis. Bei Bekanntwerden von Rechtsverletzungen werden wir derartige Inhalte umgehend entfernen.<\/p>\n<p>Quelle:<br>e-recht24.de<\/p>\n<p>Stand 29. August 2023, Christiane Kadzioch<\/p>\n<p><\/p><!-- \/wp:post-content -->","protected":false},"excerpt":{"rendered":"<p>Angaben gema\u0308\u00df \u00a7 5 TMG WerSch Verlag Inhaberin: Christiane Kadzioch (Einzelunternehmerin) Rothpletzstra\u00dfe 12a80937 M\u00fcnchen Kontakt Telefon: +49 (0) 89 7913876E-Mail: ckadzioch@arcor.de Postadresse WerSch VerlagRothpletzstr. 12a80937 M\u00fcnchen Umsatzsteuer-ID Umsatzsteuer-Identifikationsnummer gema\u0308\u00df \u00a7 27 a Umsatzsteuergesetz: DE368360106 Gewerbeanmeldung Die Gewerbeanmeldung nach \u00a7 14 GewO bzw. \u00a7 55c GewO&nbsp;wurde am 24.08.2023 durch Ordnungsamt M\u00fcnchen erteilt. Verbraucherstreitbeilegung\/Universalschlichtungsstelle Wir sind nicht [&hellip;]<\/p>\n","protected":false},"author":1,"featured_media":0,"parent":0,"menu_order":0,"comment_status":"closed","ping_status":"closed","template":"","meta":{"_monsterinsights_skip_tracking":false,"_monsterinsights_sitenote_active":false,"_monsterinsights_sitenote_note":"","_monsterinsights_sitenote_category":0,"footnotes":""},"class_list":["post-20","page","type-page","status-publish","hentry"],"yoast_head":"<!-- This site is optimized with the Yoast SEO plugin v27.4 - https:\/\/yoast.com\/product\/yoast-seo-wordpress\/ -->\n<title>Impressum - WerSch Verlag<\/title>\n<meta name=\"robots\" content=\"index, follow, max-snippet:-1, max-image-preview:large, max-video-preview:-1\" \/>\n<link rel=\"canonical\" href=\"https:\/\/wersch-verlag.de\/index.php\/kontakt\/\" \/>\n<meta property=\"og:locale\" content=\"de_DE\" \/>\n<meta property=\"og:type\" content=\"article\" \/>\n<meta property=\"og:title\" content=\"Impressum - WerSch Verlag\" \/>\n<meta property=\"og:description\" content=\"Angaben gema\u0308\u00df \u00a7 5 TMG WerSch Verlag Inhaberin: Christiane Kadzioch (Einzelunternehmerin) Rothpletzstra\u00dfe 12a80937 M\u00fcnchen Kontakt Telefon: +49 (0) 89 7913876E-Mail: ckadzioch@arcor.de Postadresse WerSch VerlagRothpletzstr. 12a80937 M\u00fcnchen Umsatzsteuer-ID Umsatzsteuer-Identifikationsnummer gema\u0308\u00df \u00a7 27 a Umsatzsteuergesetz: DE368360106 Gewerbeanmeldung Die Gewerbeanmeldung nach \u00a7 14 GewO bzw. \u00a7 55c GewO&nbsp;wurde am 24.08.2023 durch Ordnungsamt M\u00fcnchen erteilt. Verbraucherstreitbeilegung\/Universalschlichtungsstelle Wir sind nicht [&hellip;]\" \/>\n<meta property=\"og:url\" content=\"https:\/\/wersch-verlag.de\/index.php\/kontakt\/\" \/>\n<meta property=\"og:site_name\" content=\"WerSch Verlag\" \/>\n<meta property=\"article:modified_time\" content=\"2025-02-17T15:49:26+00:00\" \/>\n<meta name=\"twitter:card\" content=\"summary_large_image\" \/>\n<meta name=\"twitter:label1\" content=\"Gesch\u00e4tzte Lesezeit\" \/>\n\t<meta name=\"twitter:data1\" content=\"2\u00a0Minuten\" \/>\n<script type=\"application\/ld+json\" class=\"yoast-schema-graph\">{\"@context\":\"https:\\\/\\\/schema.org\",\"@graph\":[{\"@type\":\"WebPage\",\"@id\":\"https:\\\/\\\/wersch-verlag.de\\\/index.php\\\/kontakt\\\/\",\"url\":\"https:\\\/\\\/wersch-verlag.de\\\/index.php\\\/kontakt\\\/\",\"name\":\"Impressum - WerSch Verlag\",\"isPartOf\":{\"@id\":\"https:\\\/\\\/wersch-verlag.de\\\/#website\"},\"datePublished\":\"2021-03-11T14:36:51+00:00\",\"dateModified\":\"2025-02-17T15:49:26+00:00\",\"breadcrumb\":{\"@id\":\"https:\\\/\\\/wersch-verlag.de\\\/index.php\\\/kontakt\\\/#breadcrumb\"},\"inLanguage\":\"de\",\"potentialAction\":[{\"@type\":\"ReadAction\",\"target\":[\"https:\\\/\\\/wersch-verlag.de\\\/index.php\\\/kontakt\\\/\"]}]},{\"@type\":\"BreadcrumbList\",\"@id\":\"https:\\\/\\\/wersch-verlag.de\\\/index.php\\\/kontakt\\\/#breadcrumb\",\"itemListElement\":[{\"@type\":\"ListItem\",\"position\":1,\"name\":\"Home\",\"item\":\"https:\\\/\\\/wersch-verlag.de\\\/\"},{\"@type\":\"ListItem\",\"position\":2,\"name\":\"Impressum\"}]},{\"@type\":\"WebSite\",\"@id\":\"https:\\\/\\\/wersch-verlag.de\\\/#website\",\"url\":\"https:\\\/\\\/wersch-verlag.de\\\/\",\"name\":\"WerSch Verlag\",\"description\":\"M\u00fcnchen\",\"publisher\":{\"@id\":\"https:\\\/\\\/wersch-verlag.de\\\/#organization\"},\"potentialAction\":[{\"@type\":\"SearchAction\",\"target\":{\"@type\":\"EntryPoint\",\"urlTemplate\":\"https:\\\/\\\/wersch-verlag.de\\\/?s={search_term_string}\"},\"query-input\":{\"@type\":\"PropertyValueSpecification\",\"valueRequired\":true,\"valueName\":\"search_term_string\"}}],\"inLanguage\":\"de\"},{\"@type\":\"Organization\",\"@id\":\"https:\\\/\\\/wersch-verlag.de\\\/#organization\",\"name\":\"WerSch Verlag\",\"url\":\"https:\\\/\\\/wersch-verlag.de\\\/\",\"logo\":{\"@type\":\"ImageObject\",\"inLanguage\":\"de\",\"@id\":\"https:\\\/\\\/wersch-verlag.de\\\/#\\\/schema\\\/logo\\\/image\\\/\",\"url\":\"https:\\\/\\\/wersch-verlag.de\\\/wp-content\\\/uploads\\\/2021\\\/04\\\/Bild-Bruecke-a.jpeg\",\"contentUrl\":\"https:\\\/\\\/wersch-verlag.de\\\/wp-content\\\/uploads\\\/2021\\\/04\\\/Bild-Bruecke-a.jpeg\",\"width\":820,\"height\":617,\"caption\":\"WerSch Verlag\"},\"image\":{\"@id\":\"https:\\\/\\\/wersch-verlag.de\\\/#\\\/schema\\\/logo\\\/image\\\/\"}}]}<\/script>\n<!-- \/ Yoast SEO plugin. -->","yoast_head_json":{"title":"Impressum - WerSch Verlag","robots":{"index":"index","follow":"follow","max-snippet":"max-snippet:-1","max-image-preview":"max-image-preview:large","max-video-preview":"max-video-preview:-1"},"canonical":"https:\/\/wersch-verlag.de\/index.php\/kontakt\/","og_locale":"de_DE","og_type":"article","og_title":"Impressum - WerSch Verlag","og_description":"Angaben gema\u0308\u00df \u00a7 5 TMG WerSch Verlag Inhaberin: Christiane Kadzioch (Einzelunternehmerin) Rothpletzstra\u00dfe 12a80937 M\u00fcnchen Kontakt Telefon: +49 (0) 89 7913876E-Mail: ckadzioch@arcor.de Postadresse WerSch VerlagRothpletzstr. 12a80937 M\u00fcnchen Umsatzsteuer-ID Umsatzsteuer-Identifikationsnummer gema\u0308\u00df \u00a7 27 a Umsatzsteuergesetz: DE368360106 Gewerbeanmeldung Die Gewerbeanmeldung nach \u00a7 14 GewO bzw. \u00a7 55c GewO&nbsp;wurde am 24.08.2023 durch Ordnungsamt M\u00fcnchen erteilt. Verbraucherstreitbeilegung\/Universalschlichtungsstelle Wir sind nicht [&hellip;]","og_url":"https:\/\/wersch-verlag.de\/index.php\/kontakt\/","og_site_name":"WerSch Verlag","article_modified_time":"2025-02-17T15:49:26+00:00","twitter_card":"summary_large_image","twitter_misc":{"Gesch\u00e4tzte Lesezeit":"2\u00a0Minuten"},"schema":{"@context":"https:\/\/schema.org","@graph":[{"@type":"WebPage","@id":"https:\/\/wersch-verlag.de\/index.php\/kontakt\/","url":"https:\/\/wersch-verlag.de\/index.php\/kontakt\/","name":"Impressum - WerSch Verlag","isPartOf":{"@id":"https:\/\/wersch-verlag.de\/#website"},"datePublished":"2021-03-11T14:36:51+00:00","dateModified":"2025-02-17T15:49:26+00:00","breadcrumb":{"@id":"https:\/\/wersch-verlag.de\/index.php\/kontakt\/#breadcrumb"},"inLanguage":"de","potentialAction":[{"@type":"ReadAction","target":["https:\/\/wersch-verlag.de\/index.php\/kontakt\/"]}]},{"@type":"BreadcrumbList","@id":"https:\/\/wersch-verlag.de\/index.php\/kontakt\/#breadcrumb","itemListElement":[{"@type":"ListItem","position":1,"name":"Home","item":"https:\/\/wersch-verlag.de\/"},{"@type":"ListItem","position":2,"name":"Impressum"}]},{"@type":"WebSite","@id":"https:\/\/wersch-verlag.de\/#website","url":"https:\/\/wersch-verlag.de\/","name":"WerSch Verlag","description":"M\u00fcnchen","publisher":{"@id":"https:\/\/wersch-verlag.de\/#organization"},"potentialAction":[{"@type":"SearchAction","target":{"@type":"EntryPoint","urlTemplate":"https:\/\/wersch-verlag.de\/?s={search_term_string}"},"query-input":{"@type":"PropertyValueSpecification","valueRequired":true,"valueName":"search_term_string"}}],"inLanguage":"de"},{"@type":"Organization","@id":"https:\/\/wersch-verlag.de\/#organization","name":"WerSch Verlag","url":"https:\/\/wersch-verlag.de\/","logo":{"@type":"ImageObject","inLanguage":"de","@id":"https:\/\/wersch-verlag.de\/#\/schema\/logo\/image\/","url":"https:\/\/wersch-verlag.de\/wp-content\/uploads\/2021\/04\/Bild-Bruecke-a.jpeg","contentUrl":"https:\/\/wersch-verlag.de\/wp-content\/uploads\/2021\/04\/Bild-Bruecke-a.jpeg","width":820,"height":617,"caption":"WerSch Verlag"},"image":{"@id":"https:\/\/wersch-verlag.de\/#\/schema\/logo\/image\/"}}]}},"_links":{"self":[{"href":"https:\/\/wersch-verlag.de\/index.php\/wp-json\/wp\/v2\/pages\/20","targetHints":{"allow":["GET"]}}],"collection":[{"href":"https:\/\/wersch-verlag.de\/index.php\/wp-json\/wp\/v2\/pages"}],"about":[{"href":"https:\/\/wersch-verlag.de\/index.php\/wp-json\/wp\/v2\/types\/page"}],"author":[{"embeddable":true,"href":"https:\/\/wersch-verlag.de\/index.php\/wp-json\/wp\/v2\/users\/1"}],"replies":[{"embeddable":true,"href":"https:\/\/wersch-verlag.de\/index.php\/wp-json\/wp\/v2\/comments?post=20"}],"version-history":[{"count":37,"href":"https:\/\/wersch-verlag.de\/index.php\/wp-json\/wp\/v2\/pages\/20\/revisions"}],"predecessor-version":[{"id":642,"href":"https:\/\/wersch-verlag.de\/index.php\/wp-json\/wp\/v2\/pages\/20\/revisions\/642"}],"wp:attachment":[{"href":"https:\/\/wersch-verlag.de\/index.php\/wp-json\/wp\/v2\/media?parent=20"}],"curies":[{"name":"wp","href":"https:\/\/api.w.org\/{rel}","templated":true}]}}