{"id":167,"date":"2021-04-20T10:56:03","date_gmt":"2021-04-20T09:56:03","guid":{"rendered":"https:\/\/wersch-verlag.de\/?post_type=product&#038;p=167"},"modified":"2025-05-09T10:00:48","modified_gmt":"2025-05-09T09:00:48","slug":"paranormale-heilmethoden-auf-den-philippinen","status":"publish","type":"product","link":"https:\/\/wersch-verlag.de\/index.php\/product\/paranormale-heilmethoden-auf-den-philippinen\/","title":{"rendered":"Paranormale Heilmethoden auf den Philippinen"},"content":{"rendered":"<p>Auf den Philippinen \u00fcben Heiler christlich-spiritistischer Gemeinden die paranormale Heilung von K\u00f6rpersch\u00e4den und Krankheiten aus. Neben der Gebetsheilung, dem Auflegen der H\u00e4nde und gewissen Formen der Naturheilkunde sind quasichirurgische Behandlungsmethoden entwickelt worden, die in blutigen Eingriffen in den vorher \u00e4u\u00dferlich intakten K\u00f6rper des Patienten bestehen. Hierbei wird der K\u00f6rper nicht mit dem Messer er\u00f6ffnet, sondern die Er\u00f6ffnung geschieht durch knetende Bewegung mit den blo\u00dfen H\u00e4nden, oder bei einem Heiler nur mittels ei-ner Fingerbewegung durch die Luft. Dabei werden die Patienten nicht narkotisiert, empfinden aber trotzdem keine oder nur ertr\u00e4gliche Schmerzen. Die durch die H\u00e4nde des Heilers erzeugte Wunde schlie\u00dft sich im allgemeinen nach Entfernung der H\u00e4nde von selbst, ohne da\u00df eine Narbe sichtbar bleibt.<\/p>\n<p>Die vorliegende Abhandlung entstand als Ergebnis von Filmaufnahmen, die w\u00e4hrend zweier Studienreisen auf die Philippinen im Februar\/M\u00e4rz 1973 und im Februar 1980 unter Leitung von Prof. Dr. W. Schiebeler, Fachhochschule Ravensburg, Fachbereich Physikalische Technik, vorgenommen wurden. Reisebegleiter und Mitwirkende waren: Prof. Dipl.-Ing. B. Kirchg\u00e4\u00dfner (gest. 1995), Fachhochschule Ravensburg, Dr. H. Naegeli (gest.1997) und Katharina Nager (gest. 1982), beide Schweizer Parapsychologische Gesellschaft, Z\u00fcrich und Dipl. Ing. (FH) Manfred Kraus, Fachhochschule Ravensburg.<\/p>\n<p>Die Filme wurde 1974 und 1981 durch das Institut f\u00fcr den Wissenschaftlichen Film, G\u00f6ttingen (Direktor: Prof. Dr. Ing. G. Wolf), ver\u00f6ffentlicht. Es sind Farbtonfilme 16 mm mit Mag-netton in deutscher und Lichtton in englischer Sprache, L\u00e4nge rund 500 m, Vorf\u00fchrdauer 46 Minuten bzw. 48 Minuten bei einer Vorf\u00fchrgeschwindigkeit von 24 Bildern\/s. Die Filme sind (auch als Videokopie) \u00fcber das Institut f\u00fcr den Wissenschaftlichen Film, Nonnenstieg 72, D 37075 G\u00f6ttingen, ausleihbar und f\u00fcr wissenschaftliche Verwendungszwecke auch k\u00e4uflich. Alle kommerziellen Filmrechte liegen beim Verfasser Prof. Dr. W. Schiebeler.<\/p>\n<p>Der erste Film wurde auf dem Sechsten Internationalen Parapsychologischen Kongre\u00df der Associazione Italiana Scientifica di Metapsichica in Genua unter der Pr\u00e4sidentschaft von Ing. Ettore Mengoli am 9. Juni 1974 als bester parapsychologischer Dokumentarfilm mit dem ERNESTO-BOZZANO-PREIS ausgezeichnet. Prof. Ernesto Bozzano (1862-1943) war der bedeutendste italienische Forscher auf dem Gebiet der Parapsychologie. Er verfa\u00dfte etwa 25 B\u00fccher und einige hundert Zeitschriftenartikel.<\/p>\n","protected":false},"excerpt":{"rendered":"<p>Auf den Philippinen \u00fcben Heiler christlich-spiritistischer Gemeinden die paranormale Heilung von K\u00f6rpersch\u00e4den und Krankheiten aus. Neben der Gebetsheilung, dem Auflegen der H\u00e4nde und gewissen Formen der Naturheilkunde sind quasichirurgische Behandlungsmethoden entwickelt worden, die in blutigen Eingriffen in den vorher \u00e4u\u00dferlich intakten K\u00f6rper des Patienten bestehen. Dabei werden die Patienten nicht narkotisiert, empfinden aber trotzdem keine oder nur ertr\u00e4gliche Schmerzen. Die durch die H\u00e4nde des Heilers erzeugte Wunde schlie\u00dft sich im allgemeinen nach Entfernung der H\u00e4nde von selbst, ohne da\u00df eine Narbe sichtbar bleibt.<\/p>\n","protected":false},"featured_media":144,"comment_status":"open","ping_status":"closed","template":"","meta":{"_monsterinsights_skip_tracking":false,"_monsterinsights_sitenote_active":false,"_monsterinsights_sitenote_note":"","_monsterinsights_sitenote_category":0},"product_brand":[98],"product_cat":[30],"product_tag":[36,35,86,38,31,37,39,33],"class_list":{"0":"post-167","1":"product","2":"type-product","3":"status-publish","4":"has-post-thumbnail","6":"product_brand-wersch-verlag","7":"product_cat-broschuere","8":"product_tag-geistheiler","9":"product_tag-heiler","10":"product_tag-isbn-978-3-928867-01-6","11":"product_tag-paranormale-heilmethoden","12":"product_tag-parapsychologie","13":"product_tag-philippinen","14":"product_tag-religion","15":"product_tag-spiritualismus","17":"first","18":"instock","19":"taxable","20":"shipping-taxable","21":"purchasable","22":"product-type-simple"},"yoast_head":"<!-- This site is optimized with the Yoast SEO plugin v27.4 - https:\/\/yoast.com\/product\/yoast-seo-wordpress\/ -->\n<title>Paranormale Heilmethoden auf den Philippinen - WerSch Verlag<\/title>\n<meta name=\"description\" content=\"Auf den Philippinen \u00fcben Heiler christlich-spiritistischer Gemeinden die paranormale Heilung von K\u00f6rpersch\u00e4den und Krankheiten aus. Neben der Gebetsheilung, dem Auflegen der H\u00e4nde und gewissen Formen der Naturheilkunde sind quasichirurgische Behandlungsmethoden entwickelt worden, die in blutigen Eingriffen in den vorher \u00e4u\u00dferlich intakten K\u00f6rper des Patienten bestehen. Dabei werden die Patienten nicht narkotisiert, empfinden aber trotzdem keine oder nur ertr\u00e4gliche Schmerzen. Die durch die H\u00e4nde des Heilers erzeugte Wunde schlie\u00dft sich im allgemeinen nach Entfernung der H\u00e4nde von selbst, ohne da\u00df eine Narbe sichtbar bleibt.\" \/>\n<meta name=\"robots\" content=\"index, follow, max-snippet:-1, max-image-preview:large, max-video-preview:-1\" \/>\n<link rel=\"canonical\" href=\"https:\/\/wersch-verlag.de\/index.php\/product\/paranormale-heilmethoden-auf-den-philippinen\/\" \/>\n<meta property=\"og:locale\" content=\"de_DE\" \/>\n<meta property=\"og:type\" content=\"article\" \/>\n<meta property=\"og:title\" content=\"Paranormale Heilmethoden auf den Philippinen - WerSch Verlag\" \/>\n<meta property=\"og:description\" content=\"Auf den Philippinen \u00fcben Heiler christlich-spiritistischer Gemeinden die paranormale Heilung von K\u00f6rpersch\u00e4den und Krankheiten aus. Neben der Gebetsheilung, dem Auflegen der H\u00e4nde und gewissen Formen der Naturheilkunde sind quasichirurgische Behandlungsmethoden entwickelt worden, die in blutigen Eingriffen in den vorher \u00e4u\u00dferlich intakten K\u00f6rper des Patienten bestehen. Dabei werden die Patienten nicht narkotisiert, empfinden aber trotzdem keine oder nur ertr\u00e4gliche Schmerzen. Die durch die H\u00e4nde des Heilers erzeugte Wunde schlie\u00dft sich im allgemeinen nach Entfernung der H\u00e4nde von selbst, ohne da\u00df eine Narbe sichtbar bleibt.\" \/>\n<meta property=\"og:url\" content=\"https:\/\/wersch-verlag.de\/index.php\/product\/paranormale-heilmethoden-auf-den-philippinen\/\" \/>\n<meta property=\"og:site_name\" content=\"WerSch Verlag\" \/>\n<meta property=\"article:modified_time\" content=\"2025-05-09T09:00:48+00:00\" \/>\n<meta property=\"og:image\" content=\"https:\/\/wersch-verlag.de\/wp-content\/uploads\/2021\/04\/Paranormale-Heilmethoden.jpg\" \/>\n\t<meta property=\"og:image:width\" content=\"1190\" \/>\n\t<meta property=\"og:image:height\" content=\"1683\" \/>\n\t<meta property=\"og:image:type\" content=\"image\/jpeg\" \/>\n<meta name=\"twitter:card\" content=\"summary_large_image\" \/>\n<meta name=\"twitter:label1\" content=\"Gesch\u00e4tzte Lesezeit\" \/>\n\t<meta name=\"twitter:data1\" content=\"2\u00a0Minuten\" \/>\n<script type=\"application\/ld+json\" class=\"yoast-schema-graph\">{\"@context\":\"https:\\\/\\\/schema.org\",\"@graph\":[{\"@type\":\"WebPage\",\"@id\":\"https:\\\/\\\/wersch-verlag.de\\\/index.php\\\/product\\\/paranormale-heilmethoden-auf-den-philippinen\\\/\",\"url\":\"https:\\\/\\\/wersch-verlag.de\\\/index.php\\\/product\\\/paranormale-heilmethoden-auf-den-philippinen\\\/\",\"name\":\"Paranormale Heilmethoden auf den Philippinen - WerSch Verlag\",\"isPartOf\":{\"@id\":\"https:\\\/\\\/wersch-verlag.de\\\/#website\"},\"primaryImageOfPage\":{\"@id\":\"https:\\\/\\\/wersch-verlag.de\\\/index.php\\\/product\\\/paranormale-heilmethoden-auf-den-philippinen\\\/#primaryimage\"},\"image\":{\"@id\":\"https:\\\/\\\/wersch-verlag.de\\\/index.php\\\/product\\\/paranormale-heilmethoden-auf-den-philippinen\\\/#primaryimage\"},\"thumbnailUrl\":\"https:\\\/\\\/wersch-verlag.de\\\/wp-content\\\/uploads\\\/2021\\\/04\\\/Paranormale-Heilmethoden.jpg\",\"datePublished\":\"2021-04-20T09:56:03+00:00\",\"dateModified\":\"2025-05-09T09:00:48+00:00\",\"description\":\"Auf den Philippinen \u00fcben Heiler christlich-spiritistischer Gemeinden die paranormale Heilung von K\u00f6rpersch\u00e4den und Krankheiten aus. Neben der Gebetsheilung, dem Auflegen der H\u00e4nde und gewissen Formen der Naturheilkunde sind quasichirurgische Behandlungsmethoden entwickelt worden, die in blutigen Eingriffen in den vorher \u00e4u\u00dferlich intakten K\u00f6rper des Patienten bestehen. Dabei werden die Patienten nicht narkotisiert, empfinden aber trotzdem keine oder nur ertr\u00e4gliche Schmerzen. Die durch die H\u00e4nde des Heilers erzeugte Wunde schlie\u00dft sich im allgemeinen nach Entfernung der H\u00e4nde von selbst, ohne da\u00df eine Narbe sichtbar bleibt.\",\"breadcrumb\":{\"@id\":\"https:\\\/\\\/wersch-verlag.de\\\/index.php\\\/product\\\/paranormale-heilmethoden-auf-den-philippinen\\\/#breadcrumb\"},\"inLanguage\":\"de\",\"potentialAction\":[{\"@type\":\"ReadAction\",\"target\":[\"https:\\\/\\\/wersch-verlag.de\\\/index.php\\\/product\\\/paranormale-heilmethoden-auf-den-philippinen\\\/\"]}]},{\"@type\":\"ImageObject\",\"inLanguage\":\"de\",\"@id\":\"https:\\\/\\\/wersch-verlag.de\\\/index.php\\\/product\\\/paranormale-heilmethoden-auf-den-philippinen\\\/#primaryimage\",\"url\":\"https:\\\/\\\/wersch-verlag.de\\\/wp-content\\\/uploads\\\/2021\\\/04\\\/Paranormale-Heilmethoden.jpg\",\"contentUrl\":\"https:\\\/\\\/wersch-verlag.de\\\/wp-content\\\/uploads\\\/2021\\\/04\\\/Paranormale-Heilmethoden.jpg\",\"width\":1190,\"height\":1683,\"caption\":\"Paranormale Heilmethoden auf den Philippinen\"},{\"@type\":\"BreadcrumbList\",\"@id\":\"https:\\\/\\\/wersch-verlag.de\\\/index.php\\\/product\\\/paranormale-heilmethoden-auf-den-philippinen\\\/#breadcrumb\",\"itemListElement\":[{\"@type\":\"ListItem\",\"position\":1,\"name\":\"Home\",\"item\":\"https:\\\/\\\/wersch-verlag.de\\\/\"},{\"@type\":\"ListItem\",\"position\":2,\"name\":\"Shop\",\"item\":\"https:\\\/\\\/wersch-verlag.de\\\/index.php\\\/shop\\\/\"},{\"@type\":\"ListItem\",\"position\":3,\"name\":\"Paranormale Heilmethoden auf den Philippinen\"}]},{\"@type\":\"WebSite\",\"@id\":\"https:\\\/\\\/wersch-verlag.de\\\/#website\",\"url\":\"https:\\\/\\\/wersch-verlag.de\\\/\",\"name\":\"WerSch Verlag\",\"description\":\"M\u00fcnchen\",\"publisher\":{\"@id\":\"https:\\\/\\\/wersch-verlag.de\\\/#organization\"},\"potentialAction\":[{\"@type\":\"SearchAction\",\"target\":{\"@type\":\"EntryPoint\",\"urlTemplate\":\"https:\\\/\\\/wersch-verlag.de\\\/?s={search_term_string}\"},\"query-input\":{\"@type\":\"PropertyValueSpecification\",\"valueRequired\":true,\"valueName\":\"search_term_string\"}}],\"inLanguage\":\"de\"},{\"@type\":\"Organization\",\"@id\":\"https:\\\/\\\/wersch-verlag.de\\\/#organization\",\"name\":\"WerSch Verlag\",\"url\":\"https:\\\/\\\/wersch-verlag.de\\\/\",\"logo\":{\"@type\":\"ImageObject\",\"inLanguage\":\"de\",\"@id\":\"https:\\\/\\\/wersch-verlag.de\\\/#\\\/schema\\\/logo\\\/image\\\/\",\"url\":\"https:\\\/\\\/wersch-verlag.de\\\/wp-content\\\/uploads\\\/2021\\\/04\\\/Bild-Bruecke-a.jpeg\",\"contentUrl\":\"https:\\\/\\\/wersch-verlag.de\\\/wp-content\\\/uploads\\\/2021\\\/04\\\/Bild-Bruecke-a.jpeg\",\"width\":820,\"height\":617,\"caption\":\"WerSch Verlag\"},\"image\":{\"@id\":\"https:\\\/\\\/wersch-verlag.de\\\/#\\\/schema\\\/logo\\\/image\\\/\"}}]}<\/script>\n<!-- \/ Yoast SEO plugin. -->","yoast_head_json":{"title":"Paranormale Heilmethoden auf den Philippinen - WerSch Verlag","description":"Auf den Philippinen \u00fcben Heiler christlich-spiritistischer Gemeinden die paranormale Heilung von K\u00f6rpersch\u00e4den und Krankheiten aus. Neben der Gebetsheilung, dem Auflegen der H\u00e4nde und gewissen Formen der Naturheilkunde sind quasichirurgische Behandlungsmethoden entwickelt worden, die in blutigen Eingriffen in den vorher \u00e4u\u00dferlich intakten K\u00f6rper des Patienten bestehen. Dabei werden die Patienten nicht narkotisiert, empfinden aber trotzdem keine oder nur ertr\u00e4gliche Schmerzen. Die durch die H\u00e4nde des Heilers erzeugte Wunde schlie\u00dft sich im allgemeinen nach Entfernung der H\u00e4nde von selbst, ohne da\u00df eine Narbe sichtbar bleibt.","robots":{"index":"index","follow":"follow","max-snippet":"max-snippet:-1","max-image-preview":"max-image-preview:large","max-video-preview":"max-video-preview:-1"},"canonical":"https:\/\/wersch-verlag.de\/index.php\/product\/paranormale-heilmethoden-auf-den-philippinen\/","og_locale":"de_DE","og_type":"article","og_title":"Paranormale Heilmethoden auf den Philippinen - WerSch Verlag","og_description":"Auf den Philippinen \u00fcben Heiler christlich-spiritistischer Gemeinden die paranormale Heilung von K\u00f6rpersch\u00e4den und Krankheiten aus. Neben der Gebetsheilung, dem Auflegen der H\u00e4nde und gewissen Formen der Naturheilkunde sind quasichirurgische Behandlungsmethoden entwickelt worden, die in blutigen Eingriffen in den vorher \u00e4u\u00dferlich intakten K\u00f6rper des Patienten bestehen. Dabei werden die Patienten nicht narkotisiert, empfinden aber trotzdem keine oder nur ertr\u00e4gliche Schmerzen. Die durch die H\u00e4nde des Heilers erzeugte Wunde schlie\u00dft sich im allgemeinen nach Entfernung der H\u00e4nde von selbst, ohne da\u00df eine Narbe sichtbar bleibt.","og_url":"https:\/\/wersch-verlag.de\/index.php\/product\/paranormale-heilmethoden-auf-den-philippinen\/","og_site_name":"WerSch Verlag","article_modified_time":"2025-05-09T09:00:48+00:00","og_image":[{"width":1190,"height":1683,"url":"https:\/\/wersch-verlag.de\/wp-content\/uploads\/2021\/04\/Paranormale-Heilmethoden.jpg","type":"image\/jpeg"}],"twitter_card":"summary_large_image","twitter_misc":{"Gesch\u00e4tzte Lesezeit":"2\u00a0Minuten"},"schema":{"@context":"https:\/\/schema.org","@graph":[{"@type":"WebPage","@id":"https:\/\/wersch-verlag.de\/index.php\/product\/paranormale-heilmethoden-auf-den-philippinen\/","url":"https:\/\/wersch-verlag.de\/index.php\/product\/paranormale-heilmethoden-auf-den-philippinen\/","name":"Paranormale Heilmethoden auf den Philippinen - WerSch Verlag","isPartOf":{"@id":"https:\/\/wersch-verlag.de\/#website"},"primaryImageOfPage":{"@id":"https:\/\/wersch-verlag.de\/index.php\/product\/paranormale-heilmethoden-auf-den-philippinen\/#primaryimage"},"image":{"@id":"https:\/\/wersch-verlag.de\/index.php\/product\/paranormale-heilmethoden-auf-den-philippinen\/#primaryimage"},"thumbnailUrl":"https:\/\/wersch-verlag.de\/wp-content\/uploads\/2021\/04\/Paranormale-Heilmethoden.jpg","datePublished":"2021-04-20T09:56:03+00:00","dateModified":"2025-05-09T09:00:48+00:00","description":"Auf den Philippinen \u00fcben Heiler christlich-spiritistischer Gemeinden die paranormale Heilung von K\u00f6rpersch\u00e4den und Krankheiten aus. Neben der Gebetsheilung, dem Auflegen der H\u00e4nde und gewissen Formen der Naturheilkunde sind quasichirurgische Behandlungsmethoden entwickelt worden, die in blutigen Eingriffen in den vorher \u00e4u\u00dferlich intakten K\u00f6rper des Patienten bestehen. Dabei werden die Patienten nicht narkotisiert, empfinden aber trotzdem keine oder nur ertr\u00e4gliche Schmerzen. Die durch die H\u00e4nde des Heilers erzeugte Wunde schlie\u00dft sich im allgemeinen nach Entfernung der H\u00e4nde von selbst, ohne da\u00df eine Narbe sichtbar bleibt.","breadcrumb":{"@id":"https:\/\/wersch-verlag.de\/index.php\/product\/paranormale-heilmethoden-auf-den-philippinen\/#breadcrumb"},"inLanguage":"de","potentialAction":[{"@type":"ReadAction","target":["https:\/\/wersch-verlag.de\/index.php\/product\/paranormale-heilmethoden-auf-den-philippinen\/"]}]},{"@type":"ImageObject","inLanguage":"de","@id":"https:\/\/wersch-verlag.de\/index.php\/product\/paranormale-heilmethoden-auf-den-philippinen\/#primaryimage","url":"https:\/\/wersch-verlag.de\/wp-content\/uploads\/2021\/04\/Paranormale-Heilmethoden.jpg","contentUrl":"https:\/\/wersch-verlag.de\/wp-content\/uploads\/2021\/04\/Paranormale-Heilmethoden.jpg","width":1190,"height":1683,"caption":"Paranormale Heilmethoden auf den Philippinen"},{"@type":"BreadcrumbList","@id":"https:\/\/wersch-verlag.de\/index.php\/product\/paranormale-heilmethoden-auf-den-philippinen\/#breadcrumb","itemListElement":[{"@type":"ListItem","position":1,"name":"Home","item":"https:\/\/wersch-verlag.de\/"},{"@type":"ListItem","position":2,"name":"Shop","item":"https:\/\/wersch-verlag.de\/index.php\/shop\/"},{"@type":"ListItem","position":3,"name":"Paranormale Heilmethoden auf den Philippinen"}]},{"@type":"WebSite","@id":"https:\/\/wersch-verlag.de\/#website","url":"https:\/\/wersch-verlag.de\/","name":"WerSch Verlag","description":"M\u00fcnchen","publisher":{"@id":"https:\/\/wersch-verlag.de\/#organization"},"potentialAction":[{"@type":"SearchAction","target":{"@type":"EntryPoint","urlTemplate":"https:\/\/wersch-verlag.de\/?s={search_term_string}"},"query-input":{"@type":"PropertyValueSpecification","valueRequired":true,"valueName":"search_term_string"}}],"inLanguage":"de"},{"@type":"Organization","@id":"https:\/\/wersch-verlag.de\/#organization","name":"WerSch Verlag","url":"https:\/\/wersch-verlag.de\/","logo":{"@type":"ImageObject","inLanguage":"de","@id":"https:\/\/wersch-verlag.de\/#\/schema\/logo\/image\/","url":"https:\/\/wersch-verlag.de\/wp-content\/uploads\/2021\/04\/Bild-Bruecke-a.jpeg","contentUrl":"https:\/\/wersch-verlag.de\/wp-content\/uploads\/2021\/04\/Bild-Bruecke-a.jpeg","width":820,"height":617,"caption":"WerSch Verlag"},"image":{"@id":"https:\/\/wersch-verlag.de\/#\/schema\/logo\/image\/"}}]}},"_links":{"self":[{"href":"https:\/\/wersch-verlag.de\/index.php\/wp-json\/wp\/v2\/product\/167","targetHints":{"allow":["GET"]}}],"collection":[{"href":"https:\/\/wersch-verlag.de\/index.php\/wp-json\/wp\/v2\/product"}],"about":[{"href":"https:\/\/wersch-verlag.de\/index.php\/wp-json\/wp\/v2\/types\/product"}],"replies":[{"embeddable":true,"href":"https:\/\/wersch-verlag.de\/index.php\/wp-json\/wp\/v2\/comments?post=167"}],"wp:featuredmedia":[{"embeddable":true,"href":"https:\/\/wersch-verlag.de\/index.php\/wp-json\/wp\/v2\/media\/144"}],"wp:attachment":[{"href":"https:\/\/wersch-verlag.de\/index.php\/wp-json\/wp\/v2\/media?parent=167"}],"wp:term":[{"taxonomy":"product_brand","embeddable":true,"href":"https:\/\/wersch-verlag.de\/index.php\/wp-json\/wp\/v2\/product_brand?post=167"},{"taxonomy":"product_cat","embeddable":true,"href":"https:\/\/wersch-verlag.de\/index.php\/wp-json\/wp\/v2\/product_cat?post=167"},{"taxonomy":"product_tag","embeddable":true,"href":"https:\/\/wersch-verlag.de\/index.php\/wp-json\/wp\/v2\/product_tag?post=167"}],"curies":[{"name":"wp","href":"https:\/\/api.w.org\/{rel}","templated":true}]}}