{"id":168,"date":"2021-04-20T10:50:55","date_gmt":"2021-04-20T09:50:55","guid":{"rendered":"https:\/\/wersch-verlag.de\/?post_type=product&#038;p=168"},"modified":"2025-05-09T10:04:03","modified_gmt":"2025-05-09T09:04:03","slug":"das-fortleben-nach-dem-tode-und-irdische-wiedergeburt","status":"publish","type":"product","link":"https:\/\/wersch-verlag.de\/index.php\/product\/das-fortleben-nach-dem-tode-und-irdische-wiedergeburt\/","title":{"rendered":"Das Fortleben nach dem Tode und irdische Wiedergeburt"},"content":{"rendered":"<p>(Es handelt sich um eine Kurzfassung des Buches &#8222;Der Tod, die Br\u00fccke zu neuem Leben&#8220; ISBN 3-928867-06-7).<br \/>\nDie Wissenschaft der Parapsychologie befa\u00dft sich mit seltenen Naturerscheinungen, die eng mit dem menschlichen Leben verkn\u00fcpft sind und in den herk\u00f6mmlichen Wissenschaften nicht untersucht werden. Die Parapsychologie untersucht auch die Frage nach der Herkunft und dem Ziel des menschlichen Lebens und versucht eine Antwort darauf zu geben, ob denn der Tod wirklich das Ende des &#8222;Lebens&#8220; \u00fcberhaupt ist. Diese Wissenschaft hat zahlreiche F\u00e4lle aufgedeckt, in denen das &#8222;Ich&#8220; Verstorbener sich trotz des Zerfalls des irdischen K\u00f6rpers wieder mit Menschen dieser Welt in Verbindung setzen und handfeste Zeichen seines Fortbestandes geben konnte. Die Parapsychologie sieht darin einen Erfahrungsbeweis f\u00fcr das \u00dcberleben des Todes. Man mag dar\u00fcber denken, wie man will, fest steht, da\u00df man an dem Tatsachenmaterial der Parapsychologie und ihrer Jenseitsforschung nicht vorbeikommt, wenn man \u00fcber die M\u00f6glichkeiten eines Weiterlebens nach dem Tode nachdenkt.<br \/>\nUnsere heutigen Wissenschaften, insbesondere die Naturwissenschaften, haben uns in den letzten Jahrhunderten, in starkem Ma\u00dfe aber in den letzten Jahrzehnten, sehr bedeutsame Erkenntnisse \u00fcber unser Universum, unsere Erde, unsere Umwelt und unseren menschlichen K\u00f6rper geliefert. Wir wissen z.B. schon recht gut \u00fcber die Funktionen unseres menschlichen K\u00f6rpers, seine Krankheiten und deren Behandlung Bescheid. Aber alle herk\u00f6mmlichen Wissenschaften enden bislang beim oder am Tode des Menschen. Geburt und Tod werden als Beginn und Ende der menschlichen Existenz angesehen. Die Menschen wissen aber im allgemeinen nicht, warum sie diese Strecke zwischen den beiden angeblichen Endpunkten durchlaufen. Die Geburt wird meist als freudiges Ereignis angesehen, der Tod dagegen als unbarmherziger Vernichter. Seit \u00fcber 100 Jahren besteht aber eine Wissenschaft, die wir heute Parapsychologie nennen, jedoch besser Paranormologie nennen sollten. Diese Wissenschaft greift \u00fcber die bestehenden Naturwissenschaften hinaus, versucht sie zu erweitern und liefert Erfahrungsbeweise f\u00fcr ein pers\u00f6nliches \u00dcberleben des irdischen Todes.<\/p>\n","protected":false},"excerpt":{"rendered":"<p>Die Wissenschaft der Parapsychologie befa\u00dft sich mit seltenen Naturerscheinungen, die eng mit dem menschlichen Leben verkn\u00fcpft sind und in den herk\u00f6mmlichen Wissenschaften nicht untersucht werden. Die Parapsychologie untersucht auch die Frage nach der Herkunft und dem Ziel des menschlichen Lebens und versucht eine Antwort darauf zu geben, ob denn der Tod wirklich das Ende des &#8222;Lebens&#8220; \u00fcberhaupt ist. Diese Wissenschaft hat zahlreiche F\u00e4lle aufgedeckt, in denen das &#8222;Ich&#8220; Verstorbener sich trotz des Zerfalls des irdischen K\u00f6rpers wieder mit Menschen dieser Welt in Verbindung setzen und handfeste Zeichen seines Fortbestandes geben konnte. Man mag dar\u00fcber denken, wie man will, fest steht, da\u00df man an dem Tatsachenmaterial der Parapsychologie und ihrer Jenseitsforschung nicht vorbeikommt, wenn man \u00fcber die M\u00f6glichkeiten eines Weiterlebens nach dem Tode nachdenkt.<\/p>\n","protected":false},"featured_media":134,"comment_status":"open","ping_status":"closed","template":"","meta":{"_monsterinsights_skip_tracking":false,"_monsterinsights_sitenote_active":false,"_monsterinsights_sitenote_note":"","_monsterinsights_sitenote_category":0},"product_brand":[98],"product_cat":[30],"product_tag":[92,43,42,41,31,96,39,44,40,95],"class_list":{"0":"post-168","1":"product","2":"type-product","3":"status-publish","4":"has-post-thumbnail","6":"product_brand-wersch-verlag","7":"product_cat-broschuere","8":"product_tag-isbn-978-3-928867-21-4","9":"product_tag-jenseits","10":"product_tag-leben","11":"product_tag-naturwissenschaft","12":"product_tag-parapsychologie","13":"product_tag-reinkarnation","14":"product_tag-religion","15":"product_tag-spiritualitaet","16":"product_tag-tod","17":"product_tag-weiterleben-nach-tod","19":"first","20":"instock","21":"taxable","22":"shipping-taxable","23":"purchasable","24":"product-type-simple"},"yoast_head":"<!-- This site is optimized with the Yoast SEO plugin v27.5 - https:\/\/yoast.com\/product\/yoast-seo-wordpress\/ -->\n<title>Das Fortleben nach dem Tode und irdische Wiedergeburt - WerSch Verlag<\/title>\n<meta name=\"description\" content=\"Die Wissenschaft der Parapsychologie befa\u00dft sich mit seltenen Naturerscheinungen, die eng mit dem menschlichen Leben verkn\u00fcpft sind und in den herk\u00f6mmlichen Wissenschaften nicht untersucht werden. Die Parapsychologie untersucht auch die Frage nach der Herkunft und dem Ziel des menschlichen Lebens und versucht eine Antwort darauf zu geben, ob denn der Tod wirklich das Ende des &quot;Lebens&quot; \u00fcberhaupt ist. Diese Wissenschaft hat zahlreiche F\u00e4lle aufgedeckt, in denen das &quot;Ich&quot; Verstorbener sich trotz des Zerfalls des irdischen K\u00f6rpers wieder mit Menschen dieser Welt in Verbindung setzen und handfeste Zeichen seines Fortbestandes geben konnte. Man mag dar\u00fcber denken, wie man will, fest steht, da\u00df man an dem Tatsachenmaterial der Parapsychologie und ihrer Jenseitsforschung nicht vorbeikommt, wenn man \u00fcber die M\u00f6glichkeiten eines Weiterlebens nach dem Tode nachdenkt.\" \/>\n<meta name=\"robots\" content=\"index, follow, max-snippet:-1, max-image-preview:large, max-video-preview:-1\" \/>\n<link rel=\"canonical\" href=\"https:\/\/wersch-verlag.de\/index.php\/product\/das-fortleben-nach-dem-tode-und-irdische-wiedergeburt\/\" \/>\n<meta property=\"og:locale\" content=\"de_DE\" \/>\n<meta property=\"og:type\" content=\"article\" \/>\n<meta property=\"og:title\" content=\"Das Fortleben nach dem Tode und irdische Wiedergeburt - WerSch Verlag\" \/>\n<meta property=\"og:description\" content=\"Die Wissenschaft der Parapsychologie befa\u00dft sich mit seltenen Naturerscheinungen, die eng mit dem menschlichen Leben verkn\u00fcpft sind und in den herk\u00f6mmlichen Wissenschaften nicht untersucht werden. Die Parapsychologie untersucht auch die Frage nach der Herkunft und dem Ziel des menschlichen Lebens und versucht eine Antwort darauf zu geben, ob denn der Tod wirklich das Ende des &quot;Lebens&quot; \u00fcberhaupt ist. Diese Wissenschaft hat zahlreiche F\u00e4lle aufgedeckt, in denen das &quot;Ich&quot; Verstorbener sich trotz des Zerfalls des irdischen K\u00f6rpers wieder mit Menschen dieser Welt in Verbindung setzen und handfeste Zeichen seines Fortbestandes geben konnte. Man mag dar\u00fcber denken, wie man will, fest steht, da\u00df man an dem Tatsachenmaterial der Parapsychologie und ihrer Jenseitsforschung nicht vorbeikommt, wenn man \u00fcber die M\u00f6glichkeiten eines Weiterlebens nach dem Tode nachdenkt.\" \/>\n<meta property=\"og:url\" content=\"https:\/\/wersch-verlag.de\/index.php\/product\/das-fortleben-nach-dem-tode-und-irdische-wiedergeburt\/\" \/>\n<meta property=\"og:site_name\" content=\"WerSch Verlag\" \/>\n<meta property=\"article:modified_time\" content=\"2025-05-09T09:04:03+00:00\" \/>\n<meta property=\"og:image\" content=\"https:\/\/wersch-verlag.de\/wp-content\/uploads\/2021\/04\/Das-Fortleben-nach-dem-Tode-1.jpg\" \/>\n\t<meta property=\"og:image:width\" content=\"1190\" \/>\n\t<meta property=\"og:image:height\" content=\"1683\" \/>\n\t<meta property=\"og:image:type\" content=\"image\/jpeg\" \/>\n<meta name=\"twitter:card\" content=\"summary_large_image\" \/>\n<meta name=\"twitter:label1\" content=\"Gesch\u00e4tzte Lesezeit\" \/>\n\t<meta name=\"twitter:data1\" content=\"2\u00a0Minuten\" \/>\n<script type=\"application\/ld+json\" class=\"yoast-schema-graph\">{\"@context\":\"https:\\\/\\\/schema.org\",\"@graph\":[{\"@type\":\"WebPage\",\"@id\":\"https:\\\/\\\/wersch-verlag.de\\\/index.php\\\/product\\\/das-fortleben-nach-dem-tode-und-irdische-wiedergeburt\\\/\",\"url\":\"https:\\\/\\\/wersch-verlag.de\\\/index.php\\\/product\\\/das-fortleben-nach-dem-tode-und-irdische-wiedergeburt\\\/\",\"name\":\"Das Fortleben nach dem Tode und irdische Wiedergeburt - WerSch Verlag\",\"isPartOf\":{\"@id\":\"https:\\\/\\\/wersch-verlag.de\\\/#website\"},\"primaryImageOfPage\":{\"@id\":\"https:\\\/\\\/wersch-verlag.de\\\/index.php\\\/product\\\/das-fortleben-nach-dem-tode-und-irdische-wiedergeburt\\\/#primaryimage\"},\"image\":{\"@id\":\"https:\\\/\\\/wersch-verlag.de\\\/index.php\\\/product\\\/das-fortleben-nach-dem-tode-und-irdische-wiedergeburt\\\/#primaryimage\"},\"thumbnailUrl\":\"https:\\\/\\\/wersch-verlag.de\\\/wp-content\\\/uploads\\\/2021\\\/04\\\/Das-Fortleben-nach-dem-Tode-1.jpg\",\"datePublished\":\"2021-04-20T09:50:55+00:00\",\"dateModified\":\"2025-05-09T09:04:03+00:00\",\"description\":\"Die Wissenschaft der Parapsychologie befa\u00dft sich mit seltenen Naturerscheinungen, die eng mit dem menschlichen Leben verkn\u00fcpft sind und in den herk\u00f6mmlichen Wissenschaften nicht untersucht werden. Die Parapsychologie untersucht auch die Frage nach der Herkunft und dem Ziel des menschlichen Lebens und versucht eine Antwort darauf zu geben, ob denn der Tod wirklich das Ende des \\\"Lebens\\\" \u00fcberhaupt ist. Diese Wissenschaft hat zahlreiche F\u00e4lle aufgedeckt, in denen das \\\"Ich\\\" Verstorbener sich trotz des Zerfalls des irdischen K\u00f6rpers wieder mit Menschen dieser Welt in Verbindung setzen und handfeste Zeichen seines Fortbestandes geben konnte. Man mag dar\u00fcber denken, wie man will, fest steht, da\u00df man an dem Tatsachenmaterial der Parapsychologie und ihrer Jenseitsforschung nicht vorbeikommt, wenn man \u00fcber die M\u00f6glichkeiten eines Weiterlebens nach dem Tode nachdenkt.\",\"breadcrumb\":{\"@id\":\"https:\\\/\\\/wersch-verlag.de\\\/index.php\\\/product\\\/das-fortleben-nach-dem-tode-und-irdische-wiedergeburt\\\/#breadcrumb\"},\"inLanguage\":\"de\",\"potentialAction\":[{\"@type\":\"ReadAction\",\"target\":[\"https:\\\/\\\/wersch-verlag.de\\\/index.php\\\/product\\\/das-fortleben-nach-dem-tode-und-irdische-wiedergeburt\\\/\"]}]},{\"@type\":\"ImageObject\",\"inLanguage\":\"de\",\"@id\":\"https:\\\/\\\/wersch-verlag.de\\\/index.php\\\/product\\\/das-fortleben-nach-dem-tode-und-irdische-wiedergeburt\\\/#primaryimage\",\"url\":\"https:\\\/\\\/wersch-verlag.de\\\/wp-content\\\/uploads\\\/2021\\\/04\\\/Das-Fortleben-nach-dem-Tode-1.jpg\",\"contentUrl\":\"https:\\\/\\\/wersch-verlag.de\\\/wp-content\\\/uploads\\\/2021\\\/04\\\/Das-Fortleben-nach-dem-Tode-1.jpg\",\"width\":1190,\"height\":1683,\"caption\":\"Das Fortleben nach dem Tode und irdische Wiedergeburt\"},{\"@type\":\"BreadcrumbList\",\"@id\":\"https:\\\/\\\/wersch-verlag.de\\\/index.php\\\/product\\\/das-fortleben-nach-dem-tode-und-irdische-wiedergeburt\\\/#breadcrumb\",\"itemListElement\":[{\"@type\":\"ListItem\",\"position\":1,\"name\":\"Home\",\"item\":\"https:\\\/\\\/wersch-verlag.de\\\/\"},{\"@type\":\"ListItem\",\"position\":2,\"name\":\"Shop\",\"item\":\"https:\\\/\\\/wersch-verlag.de\\\/index.php\\\/shop\\\/\"},{\"@type\":\"ListItem\",\"position\":3,\"name\":\"Das Fortleben nach dem Tode und irdische Wiedergeburt\"}]},{\"@type\":\"WebSite\",\"@id\":\"https:\\\/\\\/wersch-verlag.de\\\/#website\",\"url\":\"https:\\\/\\\/wersch-verlag.de\\\/\",\"name\":\"WerSch Verlag\",\"description\":\"M\u00fcnchen\",\"publisher\":{\"@id\":\"https:\\\/\\\/wersch-verlag.de\\\/#organization\"},\"potentialAction\":[{\"@type\":\"SearchAction\",\"target\":{\"@type\":\"EntryPoint\",\"urlTemplate\":\"https:\\\/\\\/wersch-verlag.de\\\/?s={search_term_string}\"},\"query-input\":{\"@type\":\"PropertyValueSpecification\",\"valueRequired\":true,\"valueName\":\"search_term_string\"}}],\"inLanguage\":\"de\"},{\"@type\":\"Organization\",\"@id\":\"https:\\\/\\\/wersch-verlag.de\\\/#organization\",\"name\":\"WerSch Verlag\",\"url\":\"https:\\\/\\\/wersch-verlag.de\\\/\",\"logo\":{\"@type\":\"ImageObject\",\"inLanguage\":\"de\",\"@id\":\"https:\\\/\\\/wersch-verlag.de\\\/#\\\/schema\\\/logo\\\/image\\\/\",\"url\":\"https:\\\/\\\/wersch-verlag.de\\\/wp-content\\\/uploads\\\/2021\\\/04\\\/Bild-Bruecke-a.jpeg\",\"contentUrl\":\"https:\\\/\\\/wersch-verlag.de\\\/wp-content\\\/uploads\\\/2021\\\/04\\\/Bild-Bruecke-a.jpeg\",\"width\":820,\"height\":617,\"caption\":\"WerSch Verlag\"},\"image\":{\"@id\":\"https:\\\/\\\/wersch-verlag.de\\\/#\\\/schema\\\/logo\\\/image\\\/\"}}]}<\/script>\n<!-- \/ Yoast SEO plugin. -->","yoast_head_json":{"title":"Das Fortleben nach dem Tode und irdische Wiedergeburt - WerSch Verlag","description":"Die Wissenschaft der Parapsychologie befa\u00dft sich mit seltenen Naturerscheinungen, die eng mit dem menschlichen Leben verkn\u00fcpft sind und in den herk\u00f6mmlichen Wissenschaften nicht untersucht werden. Die Parapsychologie untersucht auch die Frage nach der Herkunft und dem Ziel des menschlichen Lebens und versucht eine Antwort darauf zu geben, ob denn der Tod wirklich das Ende des \"Lebens\" \u00fcberhaupt ist. Diese Wissenschaft hat zahlreiche F\u00e4lle aufgedeckt, in denen das \"Ich\" Verstorbener sich trotz des Zerfalls des irdischen K\u00f6rpers wieder mit Menschen dieser Welt in Verbindung setzen und handfeste Zeichen seines Fortbestandes geben konnte. Man mag dar\u00fcber denken, wie man will, fest steht, da\u00df man an dem Tatsachenmaterial der Parapsychologie und ihrer Jenseitsforschung nicht vorbeikommt, wenn man \u00fcber die M\u00f6glichkeiten eines Weiterlebens nach dem Tode nachdenkt.","robots":{"index":"index","follow":"follow","max-snippet":"max-snippet:-1","max-image-preview":"max-image-preview:large","max-video-preview":"max-video-preview:-1"},"canonical":"https:\/\/wersch-verlag.de\/index.php\/product\/das-fortleben-nach-dem-tode-und-irdische-wiedergeburt\/","og_locale":"de_DE","og_type":"article","og_title":"Das Fortleben nach dem Tode und irdische Wiedergeburt - WerSch Verlag","og_description":"Die Wissenschaft der Parapsychologie befa\u00dft sich mit seltenen Naturerscheinungen, die eng mit dem menschlichen Leben verkn\u00fcpft sind und in den herk\u00f6mmlichen Wissenschaften nicht untersucht werden. Die Parapsychologie untersucht auch die Frage nach der Herkunft und dem Ziel des menschlichen Lebens und versucht eine Antwort darauf zu geben, ob denn der Tod wirklich das Ende des \"Lebens\" \u00fcberhaupt ist. Diese Wissenschaft hat zahlreiche F\u00e4lle aufgedeckt, in denen das \"Ich\" Verstorbener sich trotz des Zerfalls des irdischen K\u00f6rpers wieder mit Menschen dieser Welt in Verbindung setzen und handfeste Zeichen seines Fortbestandes geben konnte. Man mag dar\u00fcber denken, wie man will, fest steht, da\u00df man an dem Tatsachenmaterial der Parapsychologie und ihrer Jenseitsforschung nicht vorbeikommt, wenn man \u00fcber die M\u00f6glichkeiten eines Weiterlebens nach dem Tode nachdenkt.","og_url":"https:\/\/wersch-verlag.de\/index.php\/product\/das-fortleben-nach-dem-tode-und-irdische-wiedergeburt\/","og_site_name":"WerSch Verlag","article_modified_time":"2025-05-09T09:04:03+00:00","og_image":[{"width":1190,"height":1683,"url":"https:\/\/wersch-verlag.de\/wp-content\/uploads\/2021\/04\/Das-Fortleben-nach-dem-Tode-1.jpg","type":"image\/jpeg"}],"twitter_card":"summary_large_image","twitter_misc":{"Gesch\u00e4tzte Lesezeit":"2\u00a0Minuten"},"schema":{"@context":"https:\/\/schema.org","@graph":[{"@type":"WebPage","@id":"https:\/\/wersch-verlag.de\/index.php\/product\/das-fortleben-nach-dem-tode-und-irdische-wiedergeburt\/","url":"https:\/\/wersch-verlag.de\/index.php\/product\/das-fortleben-nach-dem-tode-und-irdische-wiedergeburt\/","name":"Das Fortleben nach dem Tode und irdische Wiedergeburt - WerSch Verlag","isPartOf":{"@id":"https:\/\/wersch-verlag.de\/#website"},"primaryImageOfPage":{"@id":"https:\/\/wersch-verlag.de\/index.php\/product\/das-fortleben-nach-dem-tode-und-irdische-wiedergeburt\/#primaryimage"},"image":{"@id":"https:\/\/wersch-verlag.de\/index.php\/product\/das-fortleben-nach-dem-tode-und-irdische-wiedergeburt\/#primaryimage"},"thumbnailUrl":"https:\/\/wersch-verlag.de\/wp-content\/uploads\/2021\/04\/Das-Fortleben-nach-dem-Tode-1.jpg","datePublished":"2021-04-20T09:50:55+00:00","dateModified":"2025-05-09T09:04:03+00:00","description":"Die Wissenschaft der Parapsychologie befa\u00dft sich mit seltenen Naturerscheinungen, die eng mit dem menschlichen Leben verkn\u00fcpft sind und in den herk\u00f6mmlichen Wissenschaften nicht untersucht werden. Die Parapsychologie untersucht auch die Frage nach der Herkunft und dem Ziel des menschlichen Lebens und versucht eine Antwort darauf zu geben, ob denn der Tod wirklich das Ende des \"Lebens\" \u00fcberhaupt ist. Diese Wissenschaft hat zahlreiche F\u00e4lle aufgedeckt, in denen das \"Ich\" Verstorbener sich trotz des Zerfalls des irdischen K\u00f6rpers wieder mit Menschen dieser Welt in Verbindung setzen und handfeste Zeichen seines Fortbestandes geben konnte. Man mag dar\u00fcber denken, wie man will, fest steht, da\u00df man an dem Tatsachenmaterial der Parapsychologie und ihrer Jenseitsforschung nicht vorbeikommt, wenn man \u00fcber die M\u00f6glichkeiten eines Weiterlebens nach dem Tode nachdenkt.","breadcrumb":{"@id":"https:\/\/wersch-verlag.de\/index.php\/product\/das-fortleben-nach-dem-tode-und-irdische-wiedergeburt\/#breadcrumb"},"inLanguage":"de","potentialAction":[{"@type":"ReadAction","target":["https:\/\/wersch-verlag.de\/index.php\/product\/das-fortleben-nach-dem-tode-und-irdische-wiedergeburt\/"]}]},{"@type":"ImageObject","inLanguage":"de","@id":"https:\/\/wersch-verlag.de\/index.php\/product\/das-fortleben-nach-dem-tode-und-irdische-wiedergeburt\/#primaryimage","url":"https:\/\/wersch-verlag.de\/wp-content\/uploads\/2021\/04\/Das-Fortleben-nach-dem-Tode-1.jpg","contentUrl":"https:\/\/wersch-verlag.de\/wp-content\/uploads\/2021\/04\/Das-Fortleben-nach-dem-Tode-1.jpg","width":1190,"height":1683,"caption":"Das Fortleben nach dem Tode und irdische Wiedergeburt"},{"@type":"BreadcrumbList","@id":"https:\/\/wersch-verlag.de\/index.php\/product\/das-fortleben-nach-dem-tode-und-irdische-wiedergeburt\/#breadcrumb","itemListElement":[{"@type":"ListItem","position":1,"name":"Home","item":"https:\/\/wersch-verlag.de\/"},{"@type":"ListItem","position":2,"name":"Shop","item":"https:\/\/wersch-verlag.de\/index.php\/shop\/"},{"@type":"ListItem","position":3,"name":"Das Fortleben nach dem Tode und irdische Wiedergeburt"}]},{"@type":"WebSite","@id":"https:\/\/wersch-verlag.de\/#website","url":"https:\/\/wersch-verlag.de\/","name":"WerSch Verlag","description":"M\u00fcnchen","publisher":{"@id":"https:\/\/wersch-verlag.de\/#organization"},"potentialAction":[{"@type":"SearchAction","target":{"@type":"EntryPoint","urlTemplate":"https:\/\/wersch-verlag.de\/?s={search_term_string}"},"query-input":{"@type":"PropertyValueSpecification","valueRequired":true,"valueName":"search_term_string"}}],"inLanguage":"de"},{"@type":"Organization","@id":"https:\/\/wersch-verlag.de\/#organization","name":"WerSch Verlag","url":"https:\/\/wersch-verlag.de\/","logo":{"@type":"ImageObject","inLanguage":"de","@id":"https:\/\/wersch-verlag.de\/#\/schema\/logo\/image\/","url":"https:\/\/wersch-verlag.de\/wp-content\/uploads\/2021\/04\/Bild-Bruecke-a.jpeg","contentUrl":"https:\/\/wersch-verlag.de\/wp-content\/uploads\/2021\/04\/Bild-Bruecke-a.jpeg","width":820,"height":617,"caption":"WerSch Verlag"},"image":{"@id":"https:\/\/wersch-verlag.de\/#\/schema\/logo\/image\/"}}]}},"_links":{"self":[{"href":"https:\/\/wersch-verlag.de\/index.php\/wp-json\/wp\/v2\/product\/168","targetHints":{"allow":["GET"]}}],"collection":[{"href":"https:\/\/wersch-verlag.de\/index.php\/wp-json\/wp\/v2\/product"}],"about":[{"href":"https:\/\/wersch-verlag.de\/index.php\/wp-json\/wp\/v2\/types\/product"}],"replies":[{"embeddable":true,"href":"https:\/\/wersch-verlag.de\/index.php\/wp-json\/wp\/v2\/comments?post=168"}],"wp:featuredmedia":[{"embeddable":true,"href":"https:\/\/wersch-verlag.de\/index.php\/wp-json\/wp\/v2\/media\/134"}],"wp:attachment":[{"href":"https:\/\/wersch-verlag.de\/index.php\/wp-json\/wp\/v2\/media?parent=168"}],"wp:term":[{"taxonomy":"product_brand","embeddable":true,"href":"https:\/\/wersch-verlag.de\/index.php\/wp-json\/wp\/v2\/product_brand?post=168"},{"taxonomy":"product_cat","embeddable":true,"href":"https:\/\/wersch-verlag.de\/index.php\/wp-json\/wp\/v2\/product_cat?post=168"},{"taxonomy":"product_tag","embeddable":true,"href":"https:\/\/wersch-verlag.de\/index.php\/wp-json\/wp\/v2\/product_tag?post=168"}],"curies":[{"name":"wp","href":"https:\/\/api.w.org\/{rel}","templated":true}]}}