{"id":169,"date":"2021-04-20T10:28:59","date_gmt":"2021-04-20T09:28:59","guid":{"rendered":"https:\/\/wersch-verlag.de\/?post_type=product&#038;p=169"},"modified":"2025-05-09T10:02:55","modified_gmt":"2025-05-09T09:02:55","slug":"der-einfluss-der-trauer-auf-verstorbene","status":"publish","type":"product","link":"https:\/\/wersch-verlag.de\/index.php\/product\/der-einfluss-der-trauer-auf-verstorbene\/","title":{"rendered":"Der Einflu\u00df der Trauer auf Verstorbene"},"content":{"rendered":"<div>Trauer ist die seelische Antwort auf einen erlittenen Verlust, z.B. eines Gegenstandes oder eines Menschen. Trauer ist eine Gem\u00fctsbewegung wie Freude, Angst, Wut usw. Wie alle Gem\u00fctsbewegungen dient auch die Trauer der Lebensbew\u00e4ltigung, in diesem Falle dem Ziel, in der durch den Verlust ver\u00e4nderten Welt wieder einigerma\u00dfen normal leben zu k\u00f6nnen. Sie ist also ein Heilungsproze\u00df, der allerdings eine Narbe hinterlassen kann. Die Trauer f\u00e4ngt oft, besonders wenn es sich um den Tod eines geliebten Menschen handelt, mit einem Schock an. Man kann das, was geschehen ist, nicht annehmen, will es unterbewu\u00dft oder bewu\u00dft nicht wahrhaben. Erst allm\u00e4hlich pa\u00dft sich der Trauernde der neuen Wirklichkeit an. Er wird schlie\u00dflich dankbar f\u00fcr das, was er hatte, auch wenn es unwiederbringlich verloren ist. Wenn er sich auf diese Weise neu in das Leben eingef\u00fcgt hat, ist die Trauer erfolgreich beendet. Diese Betrachtungsweise ist rein irdisch auf den Trauernden und seine Belange bezogen, ist reine Psychologie. Aber welche Auswirkungen hat die Trauer auf einen verstorbenen Menschen, um den getrauert wird? Kann man ihn au\u00dferhalb jeder Betrachtung lassen? Trauer ist ja wie jede Gem\u00fctsbewegung eine besondere Form der Informationsverarbeitung im menschlichen Gehirn, besteht also letztenendes aus einer Aneinanderreihung von Gedanken. Und diese k\u00f6nnen ausstrahlen, k\u00f6nnen andere Wesenheiten, irdische und nichtirdische, beeinflussen.<br \/>\nDie heutigen Wissenschaften, insbesondere die Naturwissenschaften, haben in den letzten Jahrzehnten sehr bedeutsame Erkenntnisse \u00fcber unsere Umwelt und unseren menschlichen K\u00f6rper geliefert. Aber alle herk\u00f6mmlichen Wissenschaften enden bislang beim oder am Tode des Menschen. Geburt und Tod werden als Beginn und Ende einer menschlichen Existenz angesehen. Die Menschen wissen aber im allgemeinen nicht, warum sie diese Strecke zwischen den angeblichen Endpunkten durchlaufen. Die Geburt wird dabei meist als freudiges Ereignis angesehen, der Tod dagegen als unbarmherziger Vernichter. Vor ihm f\u00fcrchten sich die Menschen, wenn sie ihn auf sich zukommen sehen. Der Tod bedr\u00fcckt sie aber auch, wenn er nahe Familienangeh\u00f6rige oder gute Freunde betrifft. Viele Menschen geben sich dann ganz dem Schmerz hin, d.h. sie bemitleiden den Verstorbenen und vor allem sich selbst. Manche verzweifeln sogar am eigenen Leben, halten ihr Dasein f\u00fcr sinnlos und versuchen sich umzubringen. Besonders tritt so etwas in Erscheinung, wenn M\u00fctter einzige Kinder oder Ehegatten den vertrauten Partner verlieren. Die Trauer \u00fcber den Verlust und die Sehnsucht nach dem fortgegangenen geliebten Menschen ist dann grenzenlos. Tag und Nacht k\u00f6nnen sich die Gedanken eines solchen Trauernden in uns\u00e4glichem Schmerz auf den Verstorbenen richten und ihn zur\u00fcckw\u00fcnschen. Sie machen sich aber dabei keine Gedanken, welche R\u00fcckwirkungen m\u00f6glicherweise auf den Verstorbenen entstehen. Sie sind der Meinung, der ist ja tot, der sp\u00fcrt nichts mehr. Aber bedeutet der Begriff &#8222;tot&#8220;, da\u00df der Verstorbene \u00fcberhaupt nicht mehr vorhanden ist, da\u00df sein geistiges Leben unwiderruflich erloschen ist, und da\u00df er nichts mehr von dem sp\u00fcrt, was auf dieser Erde geschieht? &#8211; Diese Auffassung teilen heutzutage vielfach sogar Theologen. Sie meinen, der Tod sei ein schreckliches Ereignis, n\u00e4mlich die v\u00f6llige Vernichtung der menschlichen Existenz durch Gott. Tats\u00e4chlich ist er die Beendigung eines Lebensabschnittes und der Beginn eines neuen, das Hin\u00fcbergehen in eine andere Welt und das Betrautwerden mit neuen Aufgaben. Der Tod ist vergleichbar mit dem Abschlu\u00df einer irdischen Schulausbildung und dem Verlassen des Elternhauses und dem \u00dcbertritt in das Berufsleben. Auch das ist mit einer gewissen Trennung von dem bisherigen Lebenskreis verbunden, aber es ist keine Katastrophe.&#8220;<\/div>\n","protected":false},"excerpt":{"rendered":"<p>Trauer ist die seelische Antwort auf einen erlittenen Verlust, z.B. eines Gegenstandes oder eines Menschen. Trauer ist eine Gem\u00fctsbewegung wie Freude, Angst, Wut usw. Wie alle Gem\u00fctsbewegungen dient auch die Trauer der Lebensbew\u00e4ltigung, in diesem Falle dem Ziel, in der durch den Verlust ver\u00e4nderten Welt wieder einigerma\u00dfen normal leben zu k\u00f6nnen. Sie ist also ein Heilungsproze\u00df, der allerdings eine Narbe hinterlassen kann. Die Trauer f\u00e4ngt oft, besonders wenn es sich um den Tod eines geliebten Menschen handelt, mit einem Schock an. Man kann das, was geschehen ist, nicht annehmen, will es unterbewu\u00dft oder bewu\u00dft nicht wahrhaben. Erst allm\u00e4hlich pa\u00dft sich der Trauernde der neuen Wirklichkeit an. Er wird schlie\u00dflich dankbar f\u00fcr das, was er hatte, auch wenn es unwiederbringlich verloren ist. Wenn er sich auf diese Weise neu in das Leben eingef\u00fcgt hat, ist die Trauer erfolgreich beendet. Diese Betrachtungsweise ist rein irdisch auf den Trauernden und seine Belange bezogen, ist reine Psychologie. Aber welche Auswirkungen hat die Trauer auf einen verstorbenen Menschen, um den getrauert wird? Kann man ihn au\u00dferhalb jeder Betrachtung lassen? Trauer ist ja wie jede Gem\u00fctsbewegung eine besondere Form der Informationsverarbeitung im menschlichen Gehirn, besteht also letztenendes aus einer Aneinanderreihung von Gedanken. Und diese k\u00f6nnen ausstrahlen, k\u00f6nnen andere Wesenheiten, irdische und nichtirdische, beeinflussen.<\/p>\n","protected":false},"featured_media":137,"comment_status":"open","ping_status":"closed","template":"","meta":{"_monsterinsights_skip_tracking":false,"_monsterinsights_sitenote_active":false,"_monsterinsights_sitenote_note":"","_monsterinsights_sitenote_category":0},"product_brand":[98],"product_cat":[30],"product_tag":[89,43,42,54,31,32,39,44,40,55],"class_list":{"0":"post-169","1":"product","2":"type-product","3":"status-publish","4":"has-post-thumbnail","6":"product_brand-wersch-verlag","7":"product_cat-broschuere","8":"product_tag-isbn-978-3-928867-04-7","9":"product_tag-jenseits","10":"product_tag-leben","11":"product_tag-paranormal","12":"product_tag-parapsychologie","13":"product_tag-phaenomene","14":"product_tag-religion","15":"product_tag-spiritualitaet","16":"product_tag-tod","17":"product_tag-trauer","19":"first","20":"instock","21":"taxable","22":"shipping-taxable","23":"purchasable","24":"product-type-simple"},"yoast_head":"<!-- This site is optimized with the Yoast SEO plugin v27.4 - https:\/\/yoast.com\/product\/yoast-seo-wordpress\/ -->\n<title>Der Einflu\u00df der Trauer auf Verstorbene - WerSch Verlag<\/title>\n<meta name=\"description\" content=\"Trauer ist die seelische Antwort auf einen erlittenen Verlust, z.B. eines Gegenstandes oder eines Menschen. Trauer ist eine Gem\u00fctsbewegung wie Freude, Angst, Wut usw. Wie alle Gem\u00fctsbewegungen dient auch die Trauer der Lebensbew\u00e4ltigung, in diesem Falle dem Ziel, in der durch den Verlust ver\u00e4nderten Welt wieder einigerma\u00dfen normal leben zu k\u00f6nnen. Sie ist also ein Heilungsproze\u00df, der allerdings eine Narbe hinterlassen kann. Die Trauer f\u00e4ngt oft, besonders wenn es sich um den Tod eines geliebten Menschen handelt, mit einem Schock an. Man kann das, was geschehen ist, nicht annehmen, will es unterbewu\u00dft oder bewu\u00dft nicht wahrhaben. Erst allm\u00e4hlich pa\u00dft sich der Trauernde der neuen Wirklichkeit an. Er wird schlie\u00dflich dankbar f\u00fcr das, was er hatte, auch wenn es unwiederbringlich verloren ist. Wenn er sich auf diese Weise neu in das Leben eingef\u00fcgt hat, ist die Trauer erfolgreich beendet. Diese Betrachtungsweise ist rein irdisch auf den Trauernden und seine Belange bezogen, ist reine Psychologie. Aber welche Auswirkungen hat die Trauer auf einen verstorbenen Menschen, um den getrauert wird? Kann man ihn au\u00dferhalb jeder Betrachtung lassen? Trauer ist ja wie jede Gem\u00fctsbewegung eine besondere Form der Informationsverarbeitung im menschlichen Gehirn, besteht also letztenendes aus einer Aneinanderreihung von Gedanken. Und diese k\u00f6nnen ausstrahlen, k\u00f6nnen andere Wesenheiten, irdische und nichtirdische, beeinflussen.\" \/>\n<meta name=\"robots\" content=\"index, follow, max-snippet:-1, max-image-preview:large, max-video-preview:-1\" \/>\n<link rel=\"canonical\" href=\"https:\/\/wersch-verlag.de\/index.php\/product\/der-einfluss-der-trauer-auf-verstorbene\/\" \/>\n<meta property=\"og:locale\" content=\"de_DE\" \/>\n<meta property=\"og:type\" content=\"article\" \/>\n<meta property=\"og:title\" content=\"Der Einflu\u00df der Trauer auf Verstorbene - WerSch Verlag\" \/>\n<meta property=\"og:description\" content=\"Trauer ist die seelische Antwort auf einen erlittenen Verlust, z.B. eines Gegenstandes oder eines Menschen. Trauer ist eine Gem\u00fctsbewegung wie Freude, Angst, Wut usw. Wie alle Gem\u00fctsbewegungen dient auch die Trauer der Lebensbew\u00e4ltigung, in diesem Falle dem Ziel, in der durch den Verlust ver\u00e4nderten Welt wieder einigerma\u00dfen normal leben zu k\u00f6nnen. Sie ist also ein Heilungsproze\u00df, der allerdings eine Narbe hinterlassen kann. Die Trauer f\u00e4ngt oft, besonders wenn es sich um den Tod eines geliebten Menschen handelt, mit einem Schock an. Man kann das, was geschehen ist, nicht annehmen, will es unterbewu\u00dft oder bewu\u00dft nicht wahrhaben. Erst allm\u00e4hlich pa\u00dft sich der Trauernde der neuen Wirklichkeit an. Er wird schlie\u00dflich dankbar f\u00fcr das, was er hatte, auch wenn es unwiederbringlich verloren ist. Wenn er sich auf diese Weise neu in das Leben eingef\u00fcgt hat, ist die Trauer erfolgreich beendet. Diese Betrachtungsweise ist rein irdisch auf den Trauernden und seine Belange bezogen, ist reine Psychologie. Aber welche Auswirkungen hat die Trauer auf einen verstorbenen Menschen, um den getrauert wird? Kann man ihn au\u00dferhalb jeder Betrachtung lassen? Trauer ist ja wie jede Gem\u00fctsbewegung eine besondere Form der Informationsverarbeitung im menschlichen Gehirn, besteht also letztenendes aus einer Aneinanderreihung von Gedanken. Und diese k\u00f6nnen ausstrahlen, k\u00f6nnen andere Wesenheiten, irdische und nichtirdische, beeinflussen.\" \/>\n<meta property=\"og:url\" content=\"https:\/\/wersch-verlag.de\/index.php\/product\/der-einfluss-der-trauer-auf-verstorbene\/\" \/>\n<meta property=\"og:site_name\" content=\"WerSch Verlag\" \/>\n<meta property=\"article:modified_time\" content=\"2025-05-09T09:02:55+00:00\" \/>\n<meta property=\"og:image\" content=\"https:\/\/wersch-verlag.de\/wp-content\/uploads\/2021\/04\/Der-Einfluss-der-Trauer-1.jpg\" \/>\n\t<meta property=\"og:image:width\" content=\"1190\" \/>\n\t<meta property=\"og:image:height\" content=\"1683\" \/>\n\t<meta property=\"og:image:type\" content=\"image\/jpeg\" \/>\n<meta name=\"twitter:card\" content=\"summary_large_image\" \/>\n<meta name=\"twitter:label1\" content=\"Gesch\u00e4tzte Lesezeit\" \/>\n\t<meta name=\"twitter:data1\" content=\"3\u00a0Minuten\" \/>\n<script type=\"application\/ld+json\" class=\"yoast-schema-graph\">{\"@context\":\"https:\\\/\\\/schema.org\",\"@graph\":[{\"@type\":\"WebPage\",\"@id\":\"https:\\\/\\\/wersch-verlag.de\\\/index.php\\\/product\\\/der-einfluss-der-trauer-auf-verstorbene\\\/\",\"url\":\"https:\\\/\\\/wersch-verlag.de\\\/index.php\\\/product\\\/der-einfluss-der-trauer-auf-verstorbene\\\/\",\"name\":\"Der Einflu\u00df der Trauer auf Verstorbene - WerSch Verlag\",\"isPartOf\":{\"@id\":\"https:\\\/\\\/wersch-verlag.de\\\/#website\"},\"primaryImageOfPage\":{\"@id\":\"https:\\\/\\\/wersch-verlag.de\\\/index.php\\\/product\\\/der-einfluss-der-trauer-auf-verstorbene\\\/#primaryimage\"},\"image\":{\"@id\":\"https:\\\/\\\/wersch-verlag.de\\\/index.php\\\/product\\\/der-einfluss-der-trauer-auf-verstorbene\\\/#primaryimage\"},\"thumbnailUrl\":\"https:\\\/\\\/wersch-verlag.de\\\/wp-content\\\/uploads\\\/2021\\\/04\\\/Der-Einfluss-der-Trauer-1.jpg\",\"datePublished\":\"2021-04-20T09:28:59+00:00\",\"dateModified\":\"2025-05-09T09:02:55+00:00\",\"description\":\"Trauer ist die seelische Antwort auf einen erlittenen Verlust, z.B. eines Gegenstandes oder eines Menschen. Trauer ist eine Gem\u00fctsbewegung wie Freude, Angst, Wut usw. Wie alle Gem\u00fctsbewegungen dient auch die Trauer der Lebensbew\u00e4ltigung, in diesem Falle dem Ziel, in der durch den Verlust ver\u00e4nderten Welt wieder einigerma\u00dfen normal leben zu k\u00f6nnen. Sie ist also ein Heilungsproze\u00df, der allerdings eine Narbe hinterlassen kann. Die Trauer f\u00e4ngt oft, besonders wenn es sich um den Tod eines geliebten Menschen handelt, mit einem Schock an. Man kann das, was geschehen ist, nicht annehmen, will es unterbewu\u00dft oder bewu\u00dft nicht wahrhaben. Erst allm\u00e4hlich pa\u00dft sich der Trauernde der neuen Wirklichkeit an. Er wird schlie\u00dflich dankbar f\u00fcr das, was er hatte, auch wenn es unwiederbringlich verloren ist. Wenn er sich auf diese Weise neu in das Leben eingef\u00fcgt hat, ist die Trauer erfolgreich beendet. Diese Betrachtungsweise ist rein irdisch auf den Trauernden und seine Belange bezogen, ist reine Psychologie. Aber welche Auswirkungen hat die Trauer auf einen verstorbenen Menschen, um den getrauert wird? Kann man ihn au\u00dferhalb jeder Betrachtung lassen? Trauer ist ja wie jede Gem\u00fctsbewegung eine besondere Form der Informationsverarbeitung im menschlichen Gehirn, besteht also letztenendes aus einer Aneinanderreihung von Gedanken. Und diese k\u00f6nnen ausstrahlen, k\u00f6nnen andere Wesenheiten, irdische und nichtirdische, beeinflussen.\",\"breadcrumb\":{\"@id\":\"https:\\\/\\\/wersch-verlag.de\\\/index.php\\\/product\\\/der-einfluss-der-trauer-auf-verstorbene\\\/#breadcrumb\"},\"inLanguage\":\"de\",\"potentialAction\":[{\"@type\":\"ReadAction\",\"target\":[\"https:\\\/\\\/wersch-verlag.de\\\/index.php\\\/product\\\/der-einfluss-der-trauer-auf-verstorbene\\\/\"]}]},{\"@type\":\"ImageObject\",\"inLanguage\":\"de\",\"@id\":\"https:\\\/\\\/wersch-verlag.de\\\/index.php\\\/product\\\/der-einfluss-der-trauer-auf-verstorbene\\\/#primaryimage\",\"url\":\"https:\\\/\\\/wersch-verlag.de\\\/wp-content\\\/uploads\\\/2021\\\/04\\\/Der-Einfluss-der-Trauer-1.jpg\",\"contentUrl\":\"https:\\\/\\\/wersch-verlag.de\\\/wp-content\\\/uploads\\\/2021\\\/04\\\/Der-Einfluss-der-Trauer-1.jpg\",\"width\":1190,\"height\":1683,\"caption\":\"Der Einfluss der Trauer auf Verstorbene\"},{\"@type\":\"BreadcrumbList\",\"@id\":\"https:\\\/\\\/wersch-verlag.de\\\/index.php\\\/product\\\/der-einfluss-der-trauer-auf-verstorbene\\\/#breadcrumb\",\"itemListElement\":[{\"@type\":\"ListItem\",\"position\":1,\"name\":\"Home\",\"item\":\"https:\\\/\\\/wersch-verlag.de\\\/\"},{\"@type\":\"ListItem\",\"position\":2,\"name\":\"Shop\",\"item\":\"https:\\\/\\\/wersch-verlag.de\\\/index.php\\\/shop\\\/\"},{\"@type\":\"ListItem\",\"position\":3,\"name\":\"Der Einflu\u00df der Trauer auf Verstorbene\"}]},{\"@type\":\"WebSite\",\"@id\":\"https:\\\/\\\/wersch-verlag.de\\\/#website\",\"url\":\"https:\\\/\\\/wersch-verlag.de\\\/\",\"name\":\"WerSch Verlag\",\"description\":\"M\u00fcnchen\",\"publisher\":{\"@id\":\"https:\\\/\\\/wersch-verlag.de\\\/#organization\"},\"potentialAction\":[{\"@type\":\"SearchAction\",\"target\":{\"@type\":\"EntryPoint\",\"urlTemplate\":\"https:\\\/\\\/wersch-verlag.de\\\/?s={search_term_string}\"},\"query-input\":{\"@type\":\"PropertyValueSpecification\",\"valueRequired\":true,\"valueName\":\"search_term_string\"}}],\"inLanguage\":\"de\"},{\"@type\":\"Organization\",\"@id\":\"https:\\\/\\\/wersch-verlag.de\\\/#organization\",\"name\":\"WerSch Verlag\",\"url\":\"https:\\\/\\\/wersch-verlag.de\\\/\",\"logo\":{\"@type\":\"ImageObject\",\"inLanguage\":\"de\",\"@id\":\"https:\\\/\\\/wersch-verlag.de\\\/#\\\/schema\\\/logo\\\/image\\\/\",\"url\":\"https:\\\/\\\/wersch-verlag.de\\\/wp-content\\\/uploads\\\/2021\\\/04\\\/Bild-Bruecke-a.jpeg\",\"contentUrl\":\"https:\\\/\\\/wersch-verlag.de\\\/wp-content\\\/uploads\\\/2021\\\/04\\\/Bild-Bruecke-a.jpeg\",\"width\":820,\"height\":617,\"caption\":\"WerSch Verlag\"},\"image\":{\"@id\":\"https:\\\/\\\/wersch-verlag.de\\\/#\\\/schema\\\/logo\\\/image\\\/\"}}]}<\/script>\n<!-- \/ Yoast SEO plugin. -->","yoast_head_json":{"title":"Der Einflu\u00df der Trauer auf Verstorbene - WerSch Verlag","description":"Trauer ist die seelische Antwort auf einen erlittenen Verlust, z.B. eines Gegenstandes oder eines Menschen. Trauer ist eine Gem\u00fctsbewegung wie Freude, Angst, Wut usw. Wie alle Gem\u00fctsbewegungen dient auch die Trauer der Lebensbew\u00e4ltigung, in diesem Falle dem Ziel, in der durch den Verlust ver\u00e4nderten Welt wieder einigerma\u00dfen normal leben zu k\u00f6nnen. Sie ist also ein Heilungsproze\u00df, der allerdings eine Narbe hinterlassen kann. Die Trauer f\u00e4ngt oft, besonders wenn es sich um den Tod eines geliebten Menschen handelt, mit einem Schock an. Man kann das, was geschehen ist, nicht annehmen, will es unterbewu\u00dft oder bewu\u00dft nicht wahrhaben. Erst allm\u00e4hlich pa\u00dft sich der Trauernde der neuen Wirklichkeit an. Er wird schlie\u00dflich dankbar f\u00fcr das, was er hatte, auch wenn es unwiederbringlich verloren ist. Wenn er sich auf diese Weise neu in das Leben eingef\u00fcgt hat, ist die Trauer erfolgreich beendet. Diese Betrachtungsweise ist rein irdisch auf den Trauernden und seine Belange bezogen, ist reine Psychologie. Aber welche Auswirkungen hat die Trauer auf einen verstorbenen Menschen, um den getrauert wird? Kann man ihn au\u00dferhalb jeder Betrachtung lassen? Trauer ist ja wie jede Gem\u00fctsbewegung eine besondere Form der Informationsverarbeitung im menschlichen Gehirn, besteht also letztenendes aus einer Aneinanderreihung von Gedanken. Und diese k\u00f6nnen ausstrahlen, k\u00f6nnen andere Wesenheiten, irdische und nichtirdische, beeinflussen.","robots":{"index":"index","follow":"follow","max-snippet":"max-snippet:-1","max-image-preview":"max-image-preview:large","max-video-preview":"max-video-preview:-1"},"canonical":"https:\/\/wersch-verlag.de\/index.php\/product\/der-einfluss-der-trauer-auf-verstorbene\/","og_locale":"de_DE","og_type":"article","og_title":"Der Einflu\u00df der Trauer auf Verstorbene - WerSch Verlag","og_description":"Trauer ist die seelische Antwort auf einen erlittenen Verlust, z.B. eines Gegenstandes oder eines Menschen. Trauer ist eine Gem\u00fctsbewegung wie Freude, Angst, Wut usw. Wie alle Gem\u00fctsbewegungen dient auch die Trauer der Lebensbew\u00e4ltigung, in diesem Falle dem Ziel, in der durch den Verlust ver\u00e4nderten Welt wieder einigerma\u00dfen normal leben zu k\u00f6nnen. Sie ist also ein Heilungsproze\u00df, der allerdings eine Narbe hinterlassen kann. Die Trauer f\u00e4ngt oft, besonders wenn es sich um den Tod eines geliebten Menschen handelt, mit einem Schock an. Man kann das, was geschehen ist, nicht annehmen, will es unterbewu\u00dft oder bewu\u00dft nicht wahrhaben. Erst allm\u00e4hlich pa\u00dft sich der Trauernde der neuen Wirklichkeit an. Er wird schlie\u00dflich dankbar f\u00fcr das, was er hatte, auch wenn es unwiederbringlich verloren ist. Wenn er sich auf diese Weise neu in das Leben eingef\u00fcgt hat, ist die Trauer erfolgreich beendet. Diese Betrachtungsweise ist rein irdisch auf den Trauernden und seine Belange bezogen, ist reine Psychologie. Aber welche Auswirkungen hat die Trauer auf einen verstorbenen Menschen, um den getrauert wird? Kann man ihn au\u00dferhalb jeder Betrachtung lassen? Trauer ist ja wie jede Gem\u00fctsbewegung eine besondere Form der Informationsverarbeitung im menschlichen Gehirn, besteht also letztenendes aus einer Aneinanderreihung von Gedanken. Und diese k\u00f6nnen ausstrahlen, k\u00f6nnen andere Wesenheiten, irdische und nichtirdische, beeinflussen.","og_url":"https:\/\/wersch-verlag.de\/index.php\/product\/der-einfluss-der-trauer-auf-verstorbene\/","og_site_name":"WerSch Verlag","article_modified_time":"2025-05-09T09:02:55+00:00","og_image":[{"width":1190,"height":1683,"url":"https:\/\/wersch-verlag.de\/wp-content\/uploads\/2021\/04\/Der-Einfluss-der-Trauer-1.jpg","type":"image\/jpeg"}],"twitter_card":"summary_large_image","twitter_misc":{"Gesch\u00e4tzte Lesezeit":"3\u00a0Minuten"},"schema":{"@context":"https:\/\/schema.org","@graph":[{"@type":"WebPage","@id":"https:\/\/wersch-verlag.de\/index.php\/product\/der-einfluss-der-trauer-auf-verstorbene\/","url":"https:\/\/wersch-verlag.de\/index.php\/product\/der-einfluss-der-trauer-auf-verstorbene\/","name":"Der Einflu\u00df der Trauer auf Verstorbene - WerSch Verlag","isPartOf":{"@id":"https:\/\/wersch-verlag.de\/#website"},"primaryImageOfPage":{"@id":"https:\/\/wersch-verlag.de\/index.php\/product\/der-einfluss-der-trauer-auf-verstorbene\/#primaryimage"},"image":{"@id":"https:\/\/wersch-verlag.de\/index.php\/product\/der-einfluss-der-trauer-auf-verstorbene\/#primaryimage"},"thumbnailUrl":"https:\/\/wersch-verlag.de\/wp-content\/uploads\/2021\/04\/Der-Einfluss-der-Trauer-1.jpg","datePublished":"2021-04-20T09:28:59+00:00","dateModified":"2025-05-09T09:02:55+00:00","description":"Trauer ist die seelische Antwort auf einen erlittenen Verlust, z.B. eines Gegenstandes oder eines Menschen. Trauer ist eine Gem\u00fctsbewegung wie Freude, Angst, Wut usw. Wie alle Gem\u00fctsbewegungen dient auch die Trauer der Lebensbew\u00e4ltigung, in diesem Falle dem Ziel, in der durch den Verlust ver\u00e4nderten Welt wieder einigerma\u00dfen normal leben zu k\u00f6nnen. Sie ist also ein Heilungsproze\u00df, der allerdings eine Narbe hinterlassen kann. Die Trauer f\u00e4ngt oft, besonders wenn es sich um den Tod eines geliebten Menschen handelt, mit einem Schock an. Man kann das, was geschehen ist, nicht annehmen, will es unterbewu\u00dft oder bewu\u00dft nicht wahrhaben. Erst allm\u00e4hlich pa\u00dft sich der Trauernde der neuen Wirklichkeit an. Er wird schlie\u00dflich dankbar f\u00fcr das, was er hatte, auch wenn es unwiederbringlich verloren ist. Wenn er sich auf diese Weise neu in das Leben eingef\u00fcgt hat, ist die Trauer erfolgreich beendet. Diese Betrachtungsweise ist rein irdisch auf den Trauernden und seine Belange bezogen, ist reine Psychologie. Aber welche Auswirkungen hat die Trauer auf einen verstorbenen Menschen, um den getrauert wird? Kann man ihn au\u00dferhalb jeder Betrachtung lassen? Trauer ist ja wie jede Gem\u00fctsbewegung eine besondere Form der Informationsverarbeitung im menschlichen Gehirn, besteht also letztenendes aus einer Aneinanderreihung von Gedanken. Und diese k\u00f6nnen ausstrahlen, k\u00f6nnen andere Wesenheiten, irdische und nichtirdische, beeinflussen.","breadcrumb":{"@id":"https:\/\/wersch-verlag.de\/index.php\/product\/der-einfluss-der-trauer-auf-verstorbene\/#breadcrumb"},"inLanguage":"de","potentialAction":[{"@type":"ReadAction","target":["https:\/\/wersch-verlag.de\/index.php\/product\/der-einfluss-der-trauer-auf-verstorbene\/"]}]},{"@type":"ImageObject","inLanguage":"de","@id":"https:\/\/wersch-verlag.de\/index.php\/product\/der-einfluss-der-trauer-auf-verstorbene\/#primaryimage","url":"https:\/\/wersch-verlag.de\/wp-content\/uploads\/2021\/04\/Der-Einfluss-der-Trauer-1.jpg","contentUrl":"https:\/\/wersch-verlag.de\/wp-content\/uploads\/2021\/04\/Der-Einfluss-der-Trauer-1.jpg","width":1190,"height":1683,"caption":"Der Einfluss der Trauer auf Verstorbene"},{"@type":"BreadcrumbList","@id":"https:\/\/wersch-verlag.de\/index.php\/product\/der-einfluss-der-trauer-auf-verstorbene\/#breadcrumb","itemListElement":[{"@type":"ListItem","position":1,"name":"Home","item":"https:\/\/wersch-verlag.de\/"},{"@type":"ListItem","position":2,"name":"Shop","item":"https:\/\/wersch-verlag.de\/index.php\/shop\/"},{"@type":"ListItem","position":3,"name":"Der Einflu\u00df der Trauer auf Verstorbene"}]},{"@type":"WebSite","@id":"https:\/\/wersch-verlag.de\/#website","url":"https:\/\/wersch-verlag.de\/","name":"WerSch Verlag","description":"M\u00fcnchen","publisher":{"@id":"https:\/\/wersch-verlag.de\/#organization"},"potentialAction":[{"@type":"SearchAction","target":{"@type":"EntryPoint","urlTemplate":"https:\/\/wersch-verlag.de\/?s={search_term_string}"},"query-input":{"@type":"PropertyValueSpecification","valueRequired":true,"valueName":"search_term_string"}}],"inLanguage":"de"},{"@type":"Organization","@id":"https:\/\/wersch-verlag.de\/#organization","name":"WerSch Verlag","url":"https:\/\/wersch-verlag.de\/","logo":{"@type":"ImageObject","inLanguage":"de","@id":"https:\/\/wersch-verlag.de\/#\/schema\/logo\/image\/","url":"https:\/\/wersch-verlag.de\/wp-content\/uploads\/2021\/04\/Bild-Bruecke-a.jpeg","contentUrl":"https:\/\/wersch-verlag.de\/wp-content\/uploads\/2021\/04\/Bild-Bruecke-a.jpeg","width":820,"height":617,"caption":"WerSch Verlag"},"image":{"@id":"https:\/\/wersch-verlag.de\/#\/schema\/logo\/image\/"}}]}},"_links":{"self":[{"href":"https:\/\/wersch-verlag.de\/index.php\/wp-json\/wp\/v2\/product\/169","targetHints":{"allow":["GET"]}}],"collection":[{"href":"https:\/\/wersch-verlag.de\/index.php\/wp-json\/wp\/v2\/product"}],"about":[{"href":"https:\/\/wersch-verlag.de\/index.php\/wp-json\/wp\/v2\/types\/product"}],"replies":[{"embeddable":true,"href":"https:\/\/wersch-verlag.de\/index.php\/wp-json\/wp\/v2\/comments?post=169"}],"wp:featuredmedia":[{"embeddable":true,"href":"https:\/\/wersch-verlag.de\/index.php\/wp-json\/wp\/v2\/media\/137"}],"wp:attachment":[{"href":"https:\/\/wersch-verlag.de\/index.php\/wp-json\/wp\/v2\/media?parent=169"}],"wp:term":[{"taxonomy":"product_brand","embeddable":true,"href":"https:\/\/wersch-verlag.de\/index.php\/wp-json\/wp\/v2\/product_brand?post=169"},{"taxonomy":"product_cat","embeddable":true,"href":"https:\/\/wersch-verlag.de\/index.php\/wp-json\/wp\/v2\/product_cat?post=169"},{"taxonomy":"product_tag","embeddable":true,"href":"https:\/\/wersch-verlag.de\/index.php\/wp-json\/wp\/v2\/product_tag?post=169"}],"curies":[{"name":"wp","href":"https:\/\/api.w.org\/{rel}","templated":true}]}}