{"id":171,"date":"2024-02-13T13:33:27","date_gmt":"2024-02-13T12:33:27","guid":{"rendered":"https:\/\/wersch-verlag.de\/?post_type=product&#038;p=171"},"modified":"2025-05-09T10:04:29","modified_gmt":"2025-05-09T09:04:29","slug":"der-mensch-und-seine-bindung-an-gott-parapsychologie-und-religion","status":"publish","type":"product","link":"https:\/\/wersch-verlag.de\/index.php\/product\/der-mensch-und-seine-bindung-an-gott-parapsychologie-und-religion\/","title":{"rendered":"Der Mensch und seine Bindung an Gott &#8211; Parapsychologie und Religion"},"content":{"rendered":"<p>Der moderne Mensch glaubt meist nicht mehr an Gott und ein himmlisches Reich. In fr\u00fcheren Zeiten war das ganz anders. Seit es Menschen auf dieser Erde gibt, haben sie die \u00dcberzeugung von einer jenseitigen Welt, einem Fortleben nach dem Tode und einer Verbindungsm\u00f6glichkeit mit ihren verstorbenen Vorfahren gehabt. Sehr fr\u00fch entwickelte sich dann auch die Vorstellung von g\u00f6ttlichen Wesenheiten mit gro\u00dfer Machtvollkommenheit \u00fcber die irdischen Menschen. Der Glaube an sie und die daraus entwickelten Moralvorstellungen und Kultformen werden als Religion bezeichnet. Besondere Bedeutung haben vier Religionen erlangt, die als sogenannte monotheistische Religionen einen gemeinsamen Gott als universalen Weltensch\u00f6pfer und Weltenlenker verehren. Es sind dies in der zeitlichen Reihenfolge ihres Entstehens: Die Mosaische Religion, die Zarathustrische Religion (oder Mazdaismus), das Christentum und der Islam. Allen vieren ist gemeinsam, da\u00df ihre Stifter (Moses, Zarathustra, Jesus Christus und Mohammed) \u00fcber unmittelbare Verbindung zur g\u00f6ttlichen Welt berichten und von ihr Anweisungen und Belehrungen entgegennahmen. Die moderne Theologie bezeichnet derartige Auffassungen als mythologischen Ballast, den man schleunigst ablegen sollte. Die Forschungsergebnisse der heutigen Parapsychologie haben dagegen gezeigt, da\u00df ein Verkehr mit der jenseitigen Welt tats\u00e4chlich m\u00f6glich ist, und daher die Kernaussagen der vier monotheistischen Religionen \u00fcber einen einzigen universalen Gott durchaus glaubhaft sind. Daher sagte der inzwischen verstorbene evangelische Theologe Prof. Fritz Blanke von der Universit\u00e4t Z\u00fcrich, da\u00df die Parapsychologie einen neuen Zugang zur biblischen Wirklichkeit der Engel und D\u00e4monen er\u00f6ffnet, und dadurch den Glauben zwar nicht ersetzt, aber f\u00fcr ihn Raum schafft. Dadurch k\u00f6nnen Menschen, die im Materialismus und Rationalismus versunken sind, beginnen, an ihrer bisherigen Weltschauung zu zweifeln, und zu Religion und Christentum zur\u00fcckfinden.<\/p>\n","protected":false},"excerpt":{"rendered":"<p>Der moderne Mensch glaubt meist nicht mehr an Gott und ein himmlisches Reich. In fr\u00fcheren Zeiten war das ganz anders. Seit es Menschen auf dieser Erde gibt, haben sie die \u00dcberzeugung von einer jenseitigen Welt, einem Fortleben nach dem Tode und einer Verbindungsm\u00f6glichkeit mit ihren verstorbenen Vorfahren gehabt. Sehr fr\u00fch entwickelte sich dann auch die Vorstellung von g\u00f6ttlichen Wesenheiten mit gro\u00dfer Machtvollkommenheit \u00fcber die irdischen Menschen. Der Glaube an sie und die daraus entwickelten Moralvorstellungen und Kultformen werden als Religion bezeichnet. Die Parapsychologie er\u00f6ffnet einen neuen Zugang zur biblischen Wirklichkeit der Engel und D\u00e4monen und ersetzt dadurch zwar nicht den Glauben, aber schafft f\u00fcr ihn Raum. Dadurch k\u00f6nnen Menschen, die im Materialismus und Rationalismus versunken sind, beginnen, an ihrer bisherigen Weltschauung zu zweifeln, und zu Religion und Christentum zur\u00fcckfinden.<\/p>\n","protected":false},"featured_media":542,"comment_status":"open","ping_status":"closed","template":"","meta":{"_monsterinsights_skip_tracking":false,"_monsterinsights_sitenote_active":false,"_monsterinsights_sitenote_note":"","_monsterinsights_sitenote_category":0},"product_brand":[98],"product_cat":[29],"product_tag":[45,85,43,51,31,39,33,34],"class_list":{"0":"post-171","1":"product","2":"type-product","3":"status-publish","4":"has-post-thumbnail","6":"product_brand-wersch-verlag","7":"product_cat-buch","8":"product_tag-gott","9":"product_tag-isbn-978-3-928867-14-6","10":"product_tag-jenseits","11":"product_tag-mensch","12":"product_tag-parapsychologie","13":"product_tag-religion","14":"product_tag-spiritualismus","15":"product_tag-wissenschaft","17":"first","18":"instock","19":"taxable","20":"shipping-taxable","21":"purchasable","22":"product-type-simple"},"yoast_head":"<!-- This site is optimized with the Yoast SEO plugin v27.4 - https:\/\/yoast.com\/product\/yoast-seo-wordpress\/ -->\n<title>Der Mensch und seine Bindung an Gott - Parapsychologie und Religion - WerSch Verlag<\/title>\n<meta name=\"description\" content=\"Der moderne Mensch glaubt meist nicht mehr an Gott und ein himmlisches Reich. In fr\u00fcheren Zeiten war das ganz anders. Seit es Menschen auf dieser Erde gibt, haben sie die \u00dcberzeugung von einer jenseitigen Welt, einem Fortleben nach dem Tode und einer Verbindungsm\u00f6glichkeit mit ihren verstorbenen Vorfahren gehabt. Sehr fr\u00fch entwickelte sich dann auch die Vorstellung von g\u00f6ttlichen Wesenheiten mit gro\u00dfer Machtvollkommenheit \u00fcber die irdischen Menschen. Der Glaube an sie und die daraus entwickelten Moralvorstellungen und Kultformen werden als Religion bezeichnet. Die Parapsychologie er\u00f6ffnet einen neuen Zugang zur biblischen Wirklichkeit der Engel und D\u00e4monen und ersetzt dadurch zwar nicht den Glauben, aber schafft f\u00fcr ihn Raum. Dadurch k\u00f6nnen Menschen, die im Materialismus und Rationalismus versunken sind, beginnen, an ihrer bisherigen Weltschauung zu zweifeln, und zu Religion und Christentum zur\u00fcckfinden.\" \/>\n<meta name=\"robots\" content=\"index, follow, max-snippet:-1, max-image-preview:large, max-video-preview:-1\" \/>\n<link rel=\"canonical\" href=\"https:\/\/wersch-verlag.de\/index.php\/product\/der-mensch-und-seine-bindung-an-gott-parapsychologie-und-religion\/\" \/>\n<meta property=\"og:locale\" content=\"de_DE\" \/>\n<meta property=\"og:type\" content=\"article\" \/>\n<meta property=\"og:title\" content=\"Der Mensch und seine Bindung an Gott - Parapsychologie und Religion - WerSch Verlag\" \/>\n<meta property=\"og:description\" content=\"Der moderne Mensch glaubt meist nicht mehr an Gott und ein himmlisches Reich. In fr\u00fcheren Zeiten war das ganz anders. Seit es Menschen auf dieser Erde gibt, haben sie die \u00dcberzeugung von einer jenseitigen Welt, einem Fortleben nach dem Tode und einer Verbindungsm\u00f6glichkeit mit ihren verstorbenen Vorfahren gehabt. Sehr fr\u00fch entwickelte sich dann auch die Vorstellung von g\u00f6ttlichen Wesenheiten mit gro\u00dfer Machtvollkommenheit \u00fcber die irdischen Menschen. Der Glaube an sie und die daraus entwickelten Moralvorstellungen und Kultformen werden als Religion bezeichnet. Die Parapsychologie er\u00f6ffnet einen neuen Zugang zur biblischen Wirklichkeit der Engel und D\u00e4monen und ersetzt dadurch zwar nicht den Glauben, aber schafft f\u00fcr ihn Raum. Dadurch k\u00f6nnen Menschen, die im Materialismus und Rationalismus versunken sind, beginnen, an ihrer bisherigen Weltschauung zu zweifeln, und zu Religion und Christentum zur\u00fcckfinden.\" \/>\n<meta property=\"og:url\" content=\"https:\/\/wersch-verlag.de\/index.php\/product\/der-mensch-und-seine-bindung-an-gott-parapsychologie-und-religion\/\" \/>\n<meta property=\"og:site_name\" content=\"WerSch Verlag\" \/>\n<meta property=\"article:modified_time\" content=\"2025-05-09T09:04:29+00:00\" \/>\n<meta property=\"og:image\" content=\"https:\/\/wersch-verlag.de\/wp-content\/uploads\/2024\/02\/Der-Mensch-Cover-neu-7.png\" \/>\n\t<meta property=\"og:image:width\" content=\"389\" \/>\n\t<meta property=\"og:image:height\" content=\"551\" \/>\n\t<meta property=\"og:image:type\" content=\"image\/png\" \/>\n<meta name=\"twitter:card\" content=\"summary_large_image\" \/>\n<meta name=\"twitter:label1\" content=\"Gesch\u00e4tzte Lesezeit\" \/>\n\t<meta name=\"twitter:data1\" content=\"2\u00a0Minuten\" \/>\n<script type=\"application\/ld+json\" class=\"yoast-schema-graph\">{\"@context\":\"https:\\\/\\\/schema.org\",\"@graph\":[{\"@type\":\"WebPage\",\"@id\":\"https:\\\/\\\/wersch-verlag.de\\\/index.php\\\/product\\\/der-mensch-und-seine-bindung-an-gott-parapsychologie-und-religion\\\/\",\"url\":\"https:\\\/\\\/wersch-verlag.de\\\/index.php\\\/product\\\/der-mensch-und-seine-bindung-an-gott-parapsychologie-und-religion\\\/\",\"name\":\"Der Mensch und seine Bindung an Gott - Parapsychologie und Religion - WerSch Verlag\",\"isPartOf\":{\"@id\":\"https:\\\/\\\/wersch-verlag.de\\\/#website\"},\"primaryImageOfPage\":{\"@id\":\"https:\\\/\\\/wersch-verlag.de\\\/index.php\\\/product\\\/der-mensch-und-seine-bindung-an-gott-parapsychologie-und-religion\\\/#primaryimage\"},\"image\":{\"@id\":\"https:\\\/\\\/wersch-verlag.de\\\/index.php\\\/product\\\/der-mensch-und-seine-bindung-an-gott-parapsychologie-und-religion\\\/#primaryimage\"},\"thumbnailUrl\":\"https:\\\/\\\/wersch-verlag.de\\\/wp-content\\\/uploads\\\/2024\\\/02\\\/Der-Mensch-Cover-neu-7.png\",\"datePublished\":\"2024-02-13T12:33:27+00:00\",\"dateModified\":\"2025-05-09T09:04:29+00:00\",\"description\":\"Der moderne Mensch glaubt meist nicht mehr an Gott und ein himmlisches Reich. In fr\u00fcheren Zeiten war das ganz anders. Seit es Menschen auf dieser Erde gibt, haben sie die \u00dcberzeugung von einer jenseitigen Welt, einem Fortleben nach dem Tode und einer Verbindungsm\u00f6glichkeit mit ihren verstorbenen Vorfahren gehabt. Sehr fr\u00fch entwickelte sich dann auch die Vorstellung von g\u00f6ttlichen Wesenheiten mit gro\u00dfer Machtvollkommenheit \u00fcber die irdischen Menschen. Der Glaube an sie und die daraus entwickelten Moralvorstellungen und Kultformen werden als Religion bezeichnet. Die Parapsychologie er\u00f6ffnet einen neuen Zugang zur biblischen Wirklichkeit der Engel und D\u00e4monen und ersetzt dadurch zwar nicht den Glauben, aber schafft f\u00fcr ihn Raum. Dadurch k\u00f6nnen Menschen, die im Materialismus und Rationalismus versunken sind, beginnen, an ihrer bisherigen Weltschauung zu zweifeln, und zu Religion und Christentum zur\u00fcckfinden.\",\"breadcrumb\":{\"@id\":\"https:\\\/\\\/wersch-verlag.de\\\/index.php\\\/product\\\/der-mensch-und-seine-bindung-an-gott-parapsychologie-und-religion\\\/#breadcrumb\"},\"inLanguage\":\"de\",\"potentialAction\":[{\"@type\":\"ReadAction\",\"target\":[\"https:\\\/\\\/wersch-verlag.de\\\/index.php\\\/product\\\/der-mensch-und-seine-bindung-an-gott-parapsychologie-und-religion\\\/\"]}]},{\"@type\":\"ImageObject\",\"inLanguage\":\"de\",\"@id\":\"https:\\\/\\\/wersch-verlag.de\\\/index.php\\\/product\\\/der-mensch-und-seine-bindung-an-gott-parapsychologie-und-religion\\\/#primaryimage\",\"url\":\"https:\\\/\\\/wersch-verlag.de\\\/wp-content\\\/uploads\\\/2024\\\/02\\\/Der-Mensch-Cover-neu-7.png\",\"contentUrl\":\"https:\\\/\\\/wersch-verlag.de\\\/wp-content\\\/uploads\\\/2024\\\/02\\\/Der-Mensch-Cover-neu-7.png\",\"width\":389,\"height\":551},{\"@type\":\"BreadcrumbList\",\"@id\":\"https:\\\/\\\/wersch-verlag.de\\\/index.php\\\/product\\\/der-mensch-und-seine-bindung-an-gott-parapsychologie-und-religion\\\/#breadcrumb\",\"itemListElement\":[{\"@type\":\"ListItem\",\"position\":1,\"name\":\"Home\",\"item\":\"https:\\\/\\\/wersch-verlag.de\\\/\"},{\"@type\":\"ListItem\",\"position\":2,\"name\":\"Shop\",\"item\":\"https:\\\/\\\/wersch-verlag.de\\\/index.php\\\/shop\\\/\"},{\"@type\":\"ListItem\",\"position\":3,\"name\":\"Der Mensch und seine Bindung an Gott &#8211; Parapsychologie und Religion\"}]},{\"@type\":\"WebSite\",\"@id\":\"https:\\\/\\\/wersch-verlag.de\\\/#website\",\"url\":\"https:\\\/\\\/wersch-verlag.de\\\/\",\"name\":\"WerSch Verlag\",\"description\":\"M\u00fcnchen\",\"publisher\":{\"@id\":\"https:\\\/\\\/wersch-verlag.de\\\/#organization\"},\"potentialAction\":[{\"@type\":\"SearchAction\",\"target\":{\"@type\":\"EntryPoint\",\"urlTemplate\":\"https:\\\/\\\/wersch-verlag.de\\\/?s={search_term_string}\"},\"query-input\":{\"@type\":\"PropertyValueSpecification\",\"valueRequired\":true,\"valueName\":\"search_term_string\"}}],\"inLanguage\":\"de\"},{\"@type\":\"Organization\",\"@id\":\"https:\\\/\\\/wersch-verlag.de\\\/#organization\",\"name\":\"WerSch Verlag\",\"url\":\"https:\\\/\\\/wersch-verlag.de\\\/\",\"logo\":{\"@type\":\"ImageObject\",\"inLanguage\":\"de\",\"@id\":\"https:\\\/\\\/wersch-verlag.de\\\/#\\\/schema\\\/logo\\\/image\\\/\",\"url\":\"https:\\\/\\\/wersch-verlag.de\\\/wp-content\\\/uploads\\\/2021\\\/04\\\/Bild-Bruecke-a.jpeg\",\"contentUrl\":\"https:\\\/\\\/wersch-verlag.de\\\/wp-content\\\/uploads\\\/2021\\\/04\\\/Bild-Bruecke-a.jpeg\",\"width\":820,\"height\":617,\"caption\":\"WerSch Verlag\"},\"image\":{\"@id\":\"https:\\\/\\\/wersch-verlag.de\\\/#\\\/schema\\\/logo\\\/image\\\/\"}}]}<\/script>\n<!-- \/ Yoast SEO plugin. -->","yoast_head_json":{"title":"Der Mensch und seine Bindung an Gott - Parapsychologie und Religion - WerSch Verlag","description":"Der moderne Mensch glaubt meist nicht mehr an Gott und ein himmlisches Reich. In fr\u00fcheren Zeiten war das ganz anders. Seit es Menschen auf dieser Erde gibt, haben sie die \u00dcberzeugung von einer jenseitigen Welt, einem Fortleben nach dem Tode und einer Verbindungsm\u00f6glichkeit mit ihren verstorbenen Vorfahren gehabt. Sehr fr\u00fch entwickelte sich dann auch die Vorstellung von g\u00f6ttlichen Wesenheiten mit gro\u00dfer Machtvollkommenheit \u00fcber die irdischen Menschen. Der Glaube an sie und die daraus entwickelten Moralvorstellungen und Kultformen werden als Religion bezeichnet. Die Parapsychologie er\u00f6ffnet einen neuen Zugang zur biblischen Wirklichkeit der Engel und D\u00e4monen und ersetzt dadurch zwar nicht den Glauben, aber schafft f\u00fcr ihn Raum. Dadurch k\u00f6nnen Menschen, die im Materialismus und Rationalismus versunken sind, beginnen, an ihrer bisherigen Weltschauung zu zweifeln, und zu Religion und Christentum zur\u00fcckfinden.","robots":{"index":"index","follow":"follow","max-snippet":"max-snippet:-1","max-image-preview":"max-image-preview:large","max-video-preview":"max-video-preview:-1"},"canonical":"https:\/\/wersch-verlag.de\/index.php\/product\/der-mensch-und-seine-bindung-an-gott-parapsychologie-und-religion\/","og_locale":"de_DE","og_type":"article","og_title":"Der Mensch und seine Bindung an Gott - Parapsychologie und Religion - WerSch Verlag","og_description":"Der moderne Mensch glaubt meist nicht mehr an Gott und ein himmlisches Reich. In fr\u00fcheren Zeiten war das ganz anders. Seit es Menschen auf dieser Erde gibt, haben sie die \u00dcberzeugung von einer jenseitigen Welt, einem Fortleben nach dem Tode und einer Verbindungsm\u00f6glichkeit mit ihren verstorbenen Vorfahren gehabt. Sehr fr\u00fch entwickelte sich dann auch die Vorstellung von g\u00f6ttlichen Wesenheiten mit gro\u00dfer Machtvollkommenheit \u00fcber die irdischen Menschen. Der Glaube an sie und die daraus entwickelten Moralvorstellungen und Kultformen werden als Religion bezeichnet. Die Parapsychologie er\u00f6ffnet einen neuen Zugang zur biblischen Wirklichkeit der Engel und D\u00e4monen und ersetzt dadurch zwar nicht den Glauben, aber schafft f\u00fcr ihn Raum. Dadurch k\u00f6nnen Menschen, die im Materialismus und Rationalismus versunken sind, beginnen, an ihrer bisherigen Weltschauung zu zweifeln, und zu Religion und Christentum zur\u00fcckfinden.","og_url":"https:\/\/wersch-verlag.de\/index.php\/product\/der-mensch-und-seine-bindung-an-gott-parapsychologie-und-religion\/","og_site_name":"WerSch Verlag","article_modified_time":"2025-05-09T09:04:29+00:00","og_image":[{"width":389,"height":551,"url":"https:\/\/wersch-verlag.de\/wp-content\/uploads\/2024\/02\/Der-Mensch-Cover-neu-7.png","type":"image\/png"}],"twitter_card":"summary_large_image","twitter_misc":{"Gesch\u00e4tzte Lesezeit":"2\u00a0Minuten"},"schema":{"@context":"https:\/\/schema.org","@graph":[{"@type":"WebPage","@id":"https:\/\/wersch-verlag.de\/index.php\/product\/der-mensch-und-seine-bindung-an-gott-parapsychologie-und-religion\/","url":"https:\/\/wersch-verlag.de\/index.php\/product\/der-mensch-und-seine-bindung-an-gott-parapsychologie-und-religion\/","name":"Der Mensch und seine Bindung an Gott - Parapsychologie und Religion - WerSch Verlag","isPartOf":{"@id":"https:\/\/wersch-verlag.de\/#website"},"primaryImageOfPage":{"@id":"https:\/\/wersch-verlag.de\/index.php\/product\/der-mensch-und-seine-bindung-an-gott-parapsychologie-und-religion\/#primaryimage"},"image":{"@id":"https:\/\/wersch-verlag.de\/index.php\/product\/der-mensch-und-seine-bindung-an-gott-parapsychologie-und-religion\/#primaryimage"},"thumbnailUrl":"https:\/\/wersch-verlag.de\/wp-content\/uploads\/2024\/02\/Der-Mensch-Cover-neu-7.png","datePublished":"2024-02-13T12:33:27+00:00","dateModified":"2025-05-09T09:04:29+00:00","description":"Der moderne Mensch glaubt meist nicht mehr an Gott und ein himmlisches Reich. In fr\u00fcheren Zeiten war das ganz anders. Seit es Menschen auf dieser Erde gibt, haben sie die \u00dcberzeugung von einer jenseitigen Welt, einem Fortleben nach dem Tode und einer Verbindungsm\u00f6glichkeit mit ihren verstorbenen Vorfahren gehabt. Sehr fr\u00fch entwickelte sich dann auch die Vorstellung von g\u00f6ttlichen Wesenheiten mit gro\u00dfer Machtvollkommenheit \u00fcber die irdischen Menschen. Der Glaube an sie und die daraus entwickelten Moralvorstellungen und Kultformen werden als Religion bezeichnet. Die Parapsychologie er\u00f6ffnet einen neuen Zugang zur biblischen Wirklichkeit der Engel und D\u00e4monen und ersetzt dadurch zwar nicht den Glauben, aber schafft f\u00fcr ihn Raum. Dadurch k\u00f6nnen Menschen, die im Materialismus und Rationalismus versunken sind, beginnen, an ihrer bisherigen Weltschauung zu zweifeln, und zu Religion und Christentum zur\u00fcckfinden.","breadcrumb":{"@id":"https:\/\/wersch-verlag.de\/index.php\/product\/der-mensch-und-seine-bindung-an-gott-parapsychologie-und-religion\/#breadcrumb"},"inLanguage":"de","potentialAction":[{"@type":"ReadAction","target":["https:\/\/wersch-verlag.de\/index.php\/product\/der-mensch-und-seine-bindung-an-gott-parapsychologie-und-religion\/"]}]},{"@type":"ImageObject","inLanguage":"de","@id":"https:\/\/wersch-verlag.de\/index.php\/product\/der-mensch-und-seine-bindung-an-gott-parapsychologie-und-religion\/#primaryimage","url":"https:\/\/wersch-verlag.de\/wp-content\/uploads\/2024\/02\/Der-Mensch-Cover-neu-7.png","contentUrl":"https:\/\/wersch-verlag.de\/wp-content\/uploads\/2024\/02\/Der-Mensch-Cover-neu-7.png","width":389,"height":551},{"@type":"BreadcrumbList","@id":"https:\/\/wersch-verlag.de\/index.php\/product\/der-mensch-und-seine-bindung-an-gott-parapsychologie-und-religion\/#breadcrumb","itemListElement":[{"@type":"ListItem","position":1,"name":"Home","item":"https:\/\/wersch-verlag.de\/"},{"@type":"ListItem","position":2,"name":"Shop","item":"https:\/\/wersch-verlag.de\/index.php\/shop\/"},{"@type":"ListItem","position":3,"name":"Der Mensch und seine Bindung an Gott &#8211; Parapsychologie und Religion"}]},{"@type":"WebSite","@id":"https:\/\/wersch-verlag.de\/#website","url":"https:\/\/wersch-verlag.de\/","name":"WerSch Verlag","description":"M\u00fcnchen","publisher":{"@id":"https:\/\/wersch-verlag.de\/#organization"},"potentialAction":[{"@type":"SearchAction","target":{"@type":"EntryPoint","urlTemplate":"https:\/\/wersch-verlag.de\/?s={search_term_string}"},"query-input":{"@type":"PropertyValueSpecification","valueRequired":true,"valueName":"search_term_string"}}],"inLanguage":"de"},{"@type":"Organization","@id":"https:\/\/wersch-verlag.de\/#organization","name":"WerSch Verlag","url":"https:\/\/wersch-verlag.de\/","logo":{"@type":"ImageObject","inLanguage":"de","@id":"https:\/\/wersch-verlag.de\/#\/schema\/logo\/image\/","url":"https:\/\/wersch-verlag.de\/wp-content\/uploads\/2021\/04\/Bild-Bruecke-a.jpeg","contentUrl":"https:\/\/wersch-verlag.de\/wp-content\/uploads\/2021\/04\/Bild-Bruecke-a.jpeg","width":820,"height":617,"caption":"WerSch Verlag"},"image":{"@id":"https:\/\/wersch-verlag.de\/#\/schema\/logo\/image\/"}}]}},"_links":{"self":[{"href":"https:\/\/wersch-verlag.de\/index.php\/wp-json\/wp\/v2\/product\/171","targetHints":{"allow":["GET"]}}],"collection":[{"href":"https:\/\/wersch-verlag.de\/index.php\/wp-json\/wp\/v2\/product"}],"about":[{"href":"https:\/\/wersch-verlag.de\/index.php\/wp-json\/wp\/v2\/types\/product"}],"replies":[{"embeddable":true,"href":"https:\/\/wersch-verlag.de\/index.php\/wp-json\/wp\/v2\/comments?post=171"}],"wp:featuredmedia":[{"embeddable":true,"href":"https:\/\/wersch-verlag.de\/index.php\/wp-json\/wp\/v2\/media\/542"}],"wp:attachment":[{"href":"https:\/\/wersch-verlag.de\/index.php\/wp-json\/wp\/v2\/media?parent=171"}],"wp:term":[{"taxonomy":"product_brand","embeddable":true,"href":"https:\/\/wersch-verlag.de\/index.php\/wp-json\/wp\/v2\/product_brand?post=171"},{"taxonomy":"product_cat","embeddable":true,"href":"https:\/\/wersch-verlag.de\/index.php\/wp-json\/wp\/v2\/product_cat?post=171"},{"taxonomy":"product_tag","embeddable":true,"href":"https:\/\/wersch-verlag.de\/index.php\/wp-json\/wp\/v2\/product_tag?post=171"}],"curies":[{"name":"wp","href":"https:\/\/api.w.org\/{rel}","templated":true}]}}