{"id":176,"date":"2021-04-20T10:25:43","date_gmt":"2021-04-20T09:25:43","guid":{"rendered":"https:\/\/wersch-verlag.de\/?post_type=product&#038;p=176"},"modified":"2025-05-09T10:03:15","modified_gmt":"2025-05-09T09:03:15","slug":"johannes-greber-sein-leben-und-werk","status":"publish","type":"product","link":"https:\/\/wersch-verlag.de\/index.php\/product\/johannes-greber-sein-leben-und-werk\/","title":{"rendered":"Johannes Greber sein Leben und Werk"},"content":{"rendered":"<p>In dem Hauptwerk von Johannes Greber &#8222;Der Verkehr mit der Geisterwelt Gottes, seine Gesetze und sein Zweck&#8220; erf\u00e4hrt man zwar alles \u00fcber die ihm mitgeteilte Lehre, aber wenig \u00fcber sein pers\u00f6nliches Leben in Deutschland und in den USA. Das Buch soll tiefe Einblicke verschaffen.<\/p>\n","protected":false},"excerpt":{"rendered":"<p>In dem Hauptwerk von Johannes Greber &#8222;Der Verkehr mit der Geisterwelt Gottes, seine Gesetze und sein Zweck&#8220; erf\u00e4hrt man zwar alles \u00fcber die ihm mitgeteilte Lehre, aber wenig \u00fcber sein pers\u00f6nliches Leben in Deutschland und in den USA. Das Buch soll tiefe Einblicke in das Leben und das Werk von Johannes Greber verschaffen.<\/p>\n","protected":false},"featured_media":151,"comment_status":"open","ping_status":"closed","template":"","meta":{"_monsterinsights_skip_tracking":false,"_monsterinsights_sitenote_active":false,"_monsterinsights_sitenote_note":"","_monsterinsights_sitenote_category":0},"product_brand":[98],"product_cat":[29],"product_tag":[58,56,45,60,90,57,59,39],"class_list":{"0":"post-176","1":"product","2":"type-product","3":"status-publish","4":"has-post-thumbnail","6":"product_brand-wersch-verlag","7":"product_cat-buch","8":"product_tag-bibel","9":"product_tag-glaube","10":"product_tag-gott","11":"product_tag-greber","12":"product_tag-isbn-3-9808576-0-3","13":"product_tag-jesus","14":"product_tag-kirche","15":"product_tag-religion","17":"first","18":"instock","19":"taxable","20":"shipping-taxable","21":"purchasable","22":"product-type-simple"},"yoast_head":"<!-- This site is optimized with the Yoast SEO plugin v27.5 - https:\/\/yoast.com\/product\/yoast-seo-wordpress\/ -->\n<title>Johannes Greber sein Leben und Werk - WerSch Verlag<\/title>\n<meta name=\"description\" content=\"In dem Hauptwerk von Johannes Greber &quot;Der Verkehr mit der Geisterwelt Gottes, seine Gesetze und sein Zweck&quot; erf\u00e4hrt man zwar alles \u00fcber die ihm mitgeteilte Lehre, aber wenig \u00fcber sein pers\u00f6nliches Leben in Deutschland und in den USA. Das Buch soll tiefe Einblicke in das Leben und das Werk von Johannes Greber verschaffen.\" \/>\n<meta name=\"robots\" content=\"index, follow, max-snippet:-1, max-image-preview:large, max-video-preview:-1\" \/>\n<link rel=\"canonical\" href=\"https:\/\/wersch-verlag.de\/index.php\/product\/johannes-greber-sein-leben-und-werk\/\" \/>\n<meta property=\"og:locale\" content=\"de_DE\" \/>\n<meta property=\"og:type\" content=\"article\" \/>\n<meta property=\"og:title\" content=\"Johannes Greber sein Leben und Werk - WerSch Verlag\" \/>\n<meta property=\"og:description\" content=\"In dem Hauptwerk von Johannes Greber &quot;Der Verkehr mit der Geisterwelt Gottes, seine Gesetze und sein Zweck&quot; erf\u00e4hrt man zwar alles \u00fcber die ihm mitgeteilte Lehre, aber wenig \u00fcber sein pers\u00f6nliches Leben in Deutschland und in den USA. Das Buch soll tiefe Einblicke in das Leben und das Werk von Johannes Greber verschaffen.\" \/>\n<meta property=\"og:url\" content=\"https:\/\/wersch-verlag.de\/index.php\/product\/johannes-greber-sein-leben-und-werk\/\" \/>\n<meta property=\"og:site_name\" content=\"WerSch Verlag\" \/>\n<meta property=\"article:modified_time\" content=\"2025-05-09T09:03:15+00:00\" \/>\n<meta property=\"og:image\" content=\"https:\/\/wersch-verlag.de\/wp-content\/uploads\/2021\/04\/Johannes-Greber.jpg\" \/>\n\t<meta property=\"og:image:width\" content=\"1190\" \/>\n\t<meta property=\"og:image:height\" content=\"1683\" \/>\n\t<meta property=\"og:image:type\" content=\"image\/jpeg\" \/>\n<meta name=\"twitter:card\" content=\"summary_large_image\" \/>\n<meta name=\"twitter:label1\" content=\"Gesch\u00e4tzte Lesezeit\" \/>\n\t<meta name=\"twitter:data1\" content=\"1\u00a0Minute\" \/>\n<script type=\"application\/ld+json\" class=\"yoast-schema-graph\">{\"@context\":\"https:\\\/\\\/schema.org\",\"@graph\":[{\"@type\":\"WebPage\",\"@id\":\"https:\\\/\\\/wersch-verlag.de\\\/index.php\\\/product\\\/johannes-greber-sein-leben-und-werk\\\/\",\"url\":\"https:\\\/\\\/wersch-verlag.de\\\/index.php\\\/product\\\/johannes-greber-sein-leben-und-werk\\\/\",\"name\":\"Johannes Greber sein Leben und Werk - WerSch Verlag\",\"isPartOf\":{\"@id\":\"https:\\\/\\\/wersch-verlag.de\\\/#website\"},\"primaryImageOfPage\":{\"@id\":\"https:\\\/\\\/wersch-verlag.de\\\/index.php\\\/product\\\/johannes-greber-sein-leben-und-werk\\\/#primaryimage\"},\"image\":{\"@id\":\"https:\\\/\\\/wersch-verlag.de\\\/index.php\\\/product\\\/johannes-greber-sein-leben-und-werk\\\/#primaryimage\"},\"thumbnailUrl\":\"https:\\\/\\\/wersch-verlag.de\\\/wp-content\\\/uploads\\\/2021\\\/04\\\/Johannes-Greber.jpg\",\"datePublished\":\"2021-04-20T09:25:43+00:00\",\"dateModified\":\"2025-05-09T09:03:15+00:00\",\"description\":\"In dem Hauptwerk von Johannes Greber \\\"Der Verkehr mit der Geisterwelt Gottes, seine Gesetze und sein Zweck\\\" erf\u00e4hrt man zwar alles \u00fcber die ihm mitgeteilte Lehre, aber wenig \u00fcber sein pers\u00f6nliches Leben in Deutschland und in den USA. Das Buch soll tiefe Einblicke in das Leben und das Werk von Johannes Greber verschaffen.\",\"breadcrumb\":{\"@id\":\"https:\\\/\\\/wersch-verlag.de\\\/index.php\\\/product\\\/johannes-greber-sein-leben-und-werk\\\/#breadcrumb\"},\"inLanguage\":\"de\",\"potentialAction\":[{\"@type\":\"ReadAction\",\"target\":[\"https:\\\/\\\/wersch-verlag.de\\\/index.php\\\/product\\\/johannes-greber-sein-leben-und-werk\\\/\"]}]},{\"@type\":\"ImageObject\",\"inLanguage\":\"de\",\"@id\":\"https:\\\/\\\/wersch-verlag.de\\\/index.php\\\/product\\\/johannes-greber-sein-leben-und-werk\\\/#primaryimage\",\"url\":\"https:\\\/\\\/wersch-verlag.de\\\/wp-content\\\/uploads\\\/2021\\\/04\\\/Johannes-Greber.jpg\",\"contentUrl\":\"https:\\\/\\\/wersch-verlag.de\\\/wp-content\\\/uploads\\\/2021\\\/04\\\/Johannes-Greber.jpg\",\"width\":1190,\"height\":1683,\"caption\":\"Johannes Greber und sein Werk\"},{\"@type\":\"BreadcrumbList\",\"@id\":\"https:\\\/\\\/wersch-verlag.de\\\/index.php\\\/product\\\/johannes-greber-sein-leben-und-werk\\\/#breadcrumb\",\"itemListElement\":[{\"@type\":\"ListItem\",\"position\":1,\"name\":\"Home\",\"item\":\"https:\\\/\\\/wersch-verlag.de\\\/\"},{\"@type\":\"ListItem\",\"position\":2,\"name\":\"Shop\",\"item\":\"https:\\\/\\\/wersch-verlag.de\\\/index.php\\\/shop\\\/\"},{\"@type\":\"ListItem\",\"position\":3,\"name\":\"Johannes Greber sein Leben und Werk\"}]},{\"@type\":\"WebSite\",\"@id\":\"https:\\\/\\\/wersch-verlag.de\\\/#website\",\"url\":\"https:\\\/\\\/wersch-verlag.de\\\/\",\"name\":\"WerSch Verlag\",\"description\":\"M\u00fcnchen\",\"publisher\":{\"@id\":\"https:\\\/\\\/wersch-verlag.de\\\/#organization\"},\"potentialAction\":[{\"@type\":\"SearchAction\",\"target\":{\"@type\":\"EntryPoint\",\"urlTemplate\":\"https:\\\/\\\/wersch-verlag.de\\\/?s={search_term_string}\"},\"query-input\":{\"@type\":\"PropertyValueSpecification\",\"valueRequired\":true,\"valueName\":\"search_term_string\"}}],\"inLanguage\":\"de\"},{\"@type\":\"Organization\",\"@id\":\"https:\\\/\\\/wersch-verlag.de\\\/#organization\",\"name\":\"WerSch Verlag\",\"url\":\"https:\\\/\\\/wersch-verlag.de\\\/\",\"logo\":{\"@type\":\"ImageObject\",\"inLanguage\":\"de\",\"@id\":\"https:\\\/\\\/wersch-verlag.de\\\/#\\\/schema\\\/logo\\\/image\\\/\",\"url\":\"https:\\\/\\\/wersch-verlag.de\\\/wp-content\\\/uploads\\\/2021\\\/04\\\/Bild-Bruecke-a.jpeg\",\"contentUrl\":\"https:\\\/\\\/wersch-verlag.de\\\/wp-content\\\/uploads\\\/2021\\\/04\\\/Bild-Bruecke-a.jpeg\",\"width\":820,\"height\":617,\"caption\":\"WerSch Verlag\"},\"image\":{\"@id\":\"https:\\\/\\\/wersch-verlag.de\\\/#\\\/schema\\\/logo\\\/image\\\/\"}}]}<\/script>\n<!-- \/ Yoast SEO plugin. -->","yoast_head_json":{"title":"Johannes Greber sein Leben und Werk - WerSch Verlag","description":"In dem Hauptwerk von Johannes Greber \"Der Verkehr mit der Geisterwelt Gottes, seine Gesetze und sein Zweck\" erf\u00e4hrt man zwar alles \u00fcber die ihm mitgeteilte Lehre, aber wenig \u00fcber sein pers\u00f6nliches Leben in Deutschland und in den USA. Das Buch soll tiefe Einblicke in das Leben und das Werk von Johannes Greber verschaffen.","robots":{"index":"index","follow":"follow","max-snippet":"max-snippet:-1","max-image-preview":"max-image-preview:large","max-video-preview":"max-video-preview:-1"},"canonical":"https:\/\/wersch-verlag.de\/index.php\/product\/johannes-greber-sein-leben-und-werk\/","og_locale":"de_DE","og_type":"article","og_title":"Johannes Greber sein Leben und Werk - WerSch Verlag","og_description":"In dem Hauptwerk von Johannes Greber \"Der Verkehr mit der Geisterwelt Gottes, seine Gesetze und sein Zweck\" erf\u00e4hrt man zwar alles \u00fcber die ihm mitgeteilte Lehre, aber wenig \u00fcber sein pers\u00f6nliches Leben in Deutschland und in den USA. Das Buch soll tiefe Einblicke in das Leben und das Werk von Johannes Greber verschaffen.","og_url":"https:\/\/wersch-verlag.de\/index.php\/product\/johannes-greber-sein-leben-und-werk\/","og_site_name":"WerSch Verlag","article_modified_time":"2025-05-09T09:03:15+00:00","og_image":[{"width":1190,"height":1683,"url":"https:\/\/wersch-verlag.de\/wp-content\/uploads\/2021\/04\/Johannes-Greber.jpg","type":"image\/jpeg"}],"twitter_card":"summary_large_image","twitter_misc":{"Gesch\u00e4tzte Lesezeit":"1\u00a0Minute"},"schema":{"@context":"https:\/\/schema.org","@graph":[{"@type":"WebPage","@id":"https:\/\/wersch-verlag.de\/index.php\/product\/johannes-greber-sein-leben-und-werk\/","url":"https:\/\/wersch-verlag.de\/index.php\/product\/johannes-greber-sein-leben-und-werk\/","name":"Johannes Greber sein Leben und Werk - WerSch Verlag","isPartOf":{"@id":"https:\/\/wersch-verlag.de\/#website"},"primaryImageOfPage":{"@id":"https:\/\/wersch-verlag.de\/index.php\/product\/johannes-greber-sein-leben-und-werk\/#primaryimage"},"image":{"@id":"https:\/\/wersch-verlag.de\/index.php\/product\/johannes-greber-sein-leben-und-werk\/#primaryimage"},"thumbnailUrl":"https:\/\/wersch-verlag.de\/wp-content\/uploads\/2021\/04\/Johannes-Greber.jpg","datePublished":"2021-04-20T09:25:43+00:00","dateModified":"2025-05-09T09:03:15+00:00","description":"In dem Hauptwerk von Johannes Greber \"Der Verkehr mit der Geisterwelt Gottes, seine Gesetze und sein Zweck\" erf\u00e4hrt man zwar alles \u00fcber die ihm mitgeteilte Lehre, aber wenig \u00fcber sein pers\u00f6nliches Leben in Deutschland und in den USA. Das Buch soll tiefe Einblicke in das Leben und das Werk von Johannes Greber verschaffen.","breadcrumb":{"@id":"https:\/\/wersch-verlag.de\/index.php\/product\/johannes-greber-sein-leben-und-werk\/#breadcrumb"},"inLanguage":"de","potentialAction":[{"@type":"ReadAction","target":["https:\/\/wersch-verlag.de\/index.php\/product\/johannes-greber-sein-leben-und-werk\/"]}]},{"@type":"ImageObject","inLanguage":"de","@id":"https:\/\/wersch-verlag.de\/index.php\/product\/johannes-greber-sein-leben-und-werk\/#primaryimage","url":"https:\/\/wersch-verlag.de\/wp-content\/uploads\/2021\/04\/Johannes-Greber.jpg","contentUrl":"https:\/\/wersch-verlag.de\/wp-content\/uploads\/2021\/04\/Johannes-Greber.jpg","width":1190,"height":1683,"caption":"Johannes Greber und sein Werk"},{"@type":"BreadcrumbList","@id":"https:\/\/wersch-verlag.de\/index.php\/product\/johannes-greber-sein-leben-und-werk\/#breadcrumb","itemListElement":[{"@type":"ListItem","position":1,"name":"Home","item":"https:\/\/wersch-verlag.de\/"},{"@type":"ListItem","position":2,"name":"Shop","item":"https:\/\/wersch-verlag.de\/index.php\/shop\/"},{"@type":"ListItem","position":3,"name":"Johannes Greber sein Leben und Werk"}]},{"@type":"WebSite","@id":"https:\/\/wersch-verlag.de\/#website","url":"https:\/\/wersch-verlag.de\/","name":"WerSch Verlag","description":"M\u00fcnchen","publisher":{"@id":"https:\/\/wersch-verlag.de\/#organization"},"potentialAction":[{"@type":"SearchAction","target":{"@type":"EntryPoint","urlTemplate":"https:\/\/wersch-verlag.de\/?s={search_term_string}"},"query-input":{"@type":"PropertyValueSpecification","valueRequired":true,"valueName":"search_term_string"}}],"inLanguage":"de"},{"@type":"Organization","@id":"https:\/\/wersch-verlag.de\/#organization","name":"WerSch Verlag","url":"https:\/\/wersch-verlag.de\/","logo":{"@type":"ImageObject","inLanguage":"de","@id":"https:\/\/wersch-verlag.de\/#\/schema\/logo\/image\/","url":"https:\/\/wersch-verlag.de\/wp-content\/uploads\/2021\/04\/Bild-Bruecke-a.jpeg","contentUrl":"https:\/\/wersch-verlag.de\/wp-content\/uploads\/2021\/04\/Bild-Bruecke-a.jpeg","width":820,"height":617,"caption":"WerSch Verlag"},"image":{"@id":"https:\/\/wersch-verlag.de\/#\/schema\/logo\/image\/"}}]}},"_links":{"self":[{"href":"https:\/\/wersch-verlag.de\/index.php\/wp-json\/wp\/v2\/product\/176","targetHints":{"allow":["GET"]}}],"collection":[{"href":"https:\/\/wersch-verlag.de\/index.php\/wp-json\/wp\/v2\/product"}],"about":[{"href":"https:\/\/wersch-verlag.de\/index.php\/wp-json\/wp\/v2\/types\/product"}],"replies":[{"embeddable":true,"href":"https:\/\/wersch-verlag.de\/index.php\/wp-json\/wp\/v2\/comments?post=176"}],"wp:featuredmedia":[{"embeddable":true,"href":"https:\/\/wersch-verlag.de\/index.php\/wp-json\/wp\/v2\/media\/151"}],"wp:attachment":[{"href":"https:\/\/wersch-verlag.de\/index.php\/wp-json\/wp\/v2\/media?parent=176"}],"wp:term":[{"taxonomy":"product_brand","embeddable":true,"href":"https:\/\/wersch-verlag.de\/index.php\/wp-json\/wp\/v2\/product_brand?post=176"},{"taxonomy":"product_cat","embeddable":true,"href":"https:\/\/wersch-verlag.de\/index.php\/wp-json\/wp\/v2\/product_cat?post=176"},{"taxonomy":"product_tag","embeddable":true,"href":"https:\/\/wersch-verlag.de\/index.php\/wp-json\/wp\/v2\/product_tag?post=176"}],"curies":[{"name":"wp","href":"https:\/\/api.w.org\/{rel}","templated":true}]}}