{"id":591,"date":"2025-01-30T15:45:15","date_gmt":"2025-01-30T14:45:15","guid":{"rendered":"https:\/\/wersch-verlag.de\/?post_type=product&#038;p=591"},"modified":"2025-04-13T19:41:41","modified_gmt":"2025-04-13T18:41:41","slug":"das-fortleben-nach-dem-tode-im-hinblick-auf-naturwissenschaft-und-parapsychologie","status":"publish","type":"product","link":"https:\/\/wersch-verlag.de\/index.php\/product\/das-fortleben-nach-dem-tode-im-hinblick-auf-naturwissenschaft-und-parapsychologie\/","title":{"rendered":"Das Fortleben nach dem Tode im Hinblick auf Naturwissenschaft und Parapsychologie"},"content":{"rendered":"<p><a href=\"https:\/\/wersch-verlag.de\/wp-content\/uploads\/2025\/01\/Das-Fortleben-nach-dem-Tode-im-Hinblick-auf-Naturwissenschaft-und-Parapsychologie.png\"><img fetchpriority=\"high\" decoding=\"async\" class=\"alignnone size-medium wp-image-592\" src=\"https:\/\/wersch-verlag.de\/wp-content\/uploads\/2025\/01\/Das-Fortleben-nach-dem-Tode-im-Hinblick-auf-Naturwissenschaft-und-Parapsychologie-214x300.png\" alt=\"\" width=\"214\" height=\"300\" srcset=\"https:\/\/wersch-verlag.de\/wp-content\/uploads\/2025\/01\/Das-Fortleben-nach-dem-Tode-im-Hinblick-auf-Naturwissenschaft-und-Parapsychologie-214x300.png 214w, https:\/\/wersch-verlag.de\/wp-content\/uploads\/2025\/01\/Das-Fortleben-nach-dem-Tode-im-Hinblick-auf-Naturwissenschaft-und-Parapsychologie-450x632.png 450w, https:\/\/wersch-verlag.de\/wp-content\/uploads\/2025\/01\/Das-Fortleben-nach-dem-Tode-im-Hinblick-auf-Naturwissenschaft-und-Parapsychologie.png 571w\" sizes=\"(max-width: 214px) 100vw, 214px\" \/><\/a><\/p>\n","protected":false},"excerpt":{"rendered":"","protected":false},"featured_media":592,"comment_status":"open","ping_status":"closed","template":"","meta":{"_monsterinsights_skip_tracking":false,"_monsterinsights_sitenote_active":false,"_monsterinsights_sitenote_note":"","_monsterinsights_sitenote_category":0},"product_brand":[],"product_cat":[29],"product_tag":[93,45,94,43,31],"class_list":{"0":"post-591","1":"product","2":"type-product","3":"status-publish","4":"has-post-thumbnail","6":"product_cat-buch","7":"product_tag-fortleben-nach-dem-tod","8":"product_tag-gott","9":"product_tag-isbn-978-3-928867-20-7","10":"product_tag-jenseits","11":"product_tag-parapsychologie","13":"first","14":"instock","15":"taxable","16":"shipping-taxable","17":"purchasable","18":"product-type-simple"},"yoast_head":"<!-- This site is optimized with the Yoast SEO plugin v27.5 - https:\/\/yoast.com\/product\/yoast-seo-wordpress\/ -->\n<title>Das Fortleben nach dem Tode im Hinblick auf Naturwissenschaft und Parapsychologie - WerSch Verlag<\/title>\n<meta name=\"description\" content=\"Zu dem Eindrucksvollsten, was die Grenzwissenschaft zu bieten hat, geh\u00f6ren die Materialisationsph\u00e4nomene. Offiziell gibt es derzeit nur sehr wenige Menschen, die in der Lage sind, auf diese Weise als Mittler zwischen den Welten zu wirken. Je mehr man dieses Gebiet erforscht, desto klarer wird man erkennen, dass der Tod eben nicht die Vernichtung der Individualit\u00e4t bedeutet, noch deren Aufl\u00f6sung, sondern dass der Mensch mit gesteigerter Individualit\u00e4t fortbesteht, dass also die sogenannten Toten viel lebendiger sind als wir. Gerade durch diese paranormalen Ph\u00e4nomene l\u00e4sst sich der Tod als superlative Steigerung der Individualit\u00e4t erkennen, mit enormen geistigen M\u00f6glichkeiten, in einem leiblichen Zustand. Bei dem Widerstand, den die Unsterblichkeitslehre findet, sollte man meinen, sie sei ganz und gar undenkbar und nur Gegenstand des Glaubens. Das ist ein Irrtum! Die Unsterblichkeit resultiert aus der logischen Gewissheit der Erkenntnis, dass der Mensch das Produkt einer organisierenden KRAFT ist, und durch die empirische Gewissheit, die der Spiritualismus und der Spiritismus liefern. Wer aber dieses leugnet, hat eben noch einiges zu lernen.\" \/>\n<meta name=\"robots\" content=\"index, follow, max-snippet:-1, max-image-preview:large, max-video-preview:-1\" \/>\n<link rel=\"canonical\" href=\"https:\/\/wersch-verlag.de\/index.php\/product\/das-fortleben-nach-dem-tode-im-hinblick-auf-naturwissenschaft-und-parapsychologie\/\" \/>\n<meta property=\"og:locale\" content=\"de_DE\" \/>\n<meta property=\"og:type\" content=\"article\" \/>\n<meta property=\"og:title\" content=\"Das Fortleben nach dem Tode im Hinblick auf Naturwissenschaft und Parapsychologie - WerSch Verlag\" \/>\n<meta property=\"og:description\" content=\"Zu dem Eindrucksvollsten, was die Grenzwissenschaft zu bieten hat, geh\u00f6ren die Materialisationsph\u00e4nomene. Offiziell gibt es derzeit nur sehr wenige Menschen, die in der Lage sind, auf diese Weise als Mittler zwischen den Welten zu wirken. Je mehr man dieses Gebiet erforscht, desto klarer wird man erkennen, dass der Tod eben nicht die Vernichtung der Individualit\u00e4t bedeutet, noch deren Aufl\u00f6sung, sondern dass der Mensch mit gesteigerter Individualit\u00e4t fortbesteht, dass also die sogenannten Toten viel lebendiger sind als wir. Gerade durch diese paranormalen Ph\u00e4nomene l\u00e4sst sich der Tod als superlative Steigerung der Individualit\u00e4t erkennen, mit enormen geistigen M\u00f6glichkeiten, in einem leiblichen Zustand. Bei dem Widerstand, den die Unsterblichkeitslehre findet, sollte man meinen, sie sei ganz und gar undenkbar und nur Gegenstand des Glaubens. Das ist ein Irrtum! Die Unsterblichkeit resultiert aus der logischen Gewissheit der Erkenntnis, dass der Mensch das Produkt einer organisierenden KRAFT ist, und durch die empirische Gewissheit, die der Spiritualismus und der Spiritismus liefern. Wer aber dieses leugnet, hat eben noch einiges zu lernen.\" \/>\n<meta property=\"og:url\" content=\"https:\/\/wersch-verlag.de\/index.php\/product\/das-fortleben-nach-dem-tode-im-hinblick-auf-naturwissenschaft-und-parapsychologie\/\" \/>\n<meta property=\"og:site_name\" content=\"WerSch Verlag\" \/>\n<meta property=\"article:modified_time\" content=\"2025-04-13T18:41:41+00:00\" \/>\n<meta property=\"og:image\" content=\"https:\/\/wersch-verlag.de\/wp-content\/uploads\/2025\/01\/Das-Fortleben-nach-dem-Tode-im-Hinblick-auf-Naturwissenschaft-und-Parapsychologie.png\" \/>\n\t<meta property=\"og:image:width\" content=\"571\" \/>\n\t<meta property=\"og:image:height\" content=\"802\" \/>\n\t<meta property=\"og:image:type\" content=\"image\/png\" \/>\n<meta name=\"twitter:card\" content=\"summary_large_image\" \/>\n<script type=\"application\/ld+json\" class=\"yoast-schema-graph\">{\"@context\":\"https:\\\/\\\/schema.org\",\"@graph\":[{\"@type\":\"WebPage\",\"@id\":\"https:\\\/\\\/wersch-verlag.de\\\/index.php\\\/product\\\/das-fortleben-nach-dem-tode-im-hinblick-auf-naturwissenschaft-und-parapsychologie\\\/\",\"url\":\"https:\\\/\\\/wersch-verlag.de\\\/index.php\\\/product\\\/das-fortleben-nach-dem-tode-im-hinblick-auf-naturwissenschaft-und-parapsychologie\\\/\",\"name\":\"Das Fortleben nach dem Tode im Hinblick auf Naturwissenschaft und Parapsychologie - WerSch Verlag\",\"isPartOf\":{\"@id\":\"https:\\\/\\\/wersch-verlag.de\\\/#website\"},\"primaryImageOfPage\":{\"@id\":\"https:\\\/\\\/wersch-verlag.de\\\/index.php\\\/product\\\/das-fortleben-nach-dem-tode-im-hinblick-auf-naturwissenschaft-und-parapsychologie\\\/#primaryimage\"},\"image\":{\"@id\":\"https:\\\/\\\/wersch-verlag.de\\\/index.php\\\/product\\\/das-fortleben-nach-dem-tode-im-hinblick-auf-naturwissenschaft-und-parapsychologie\\\/#primaryimage\"},\"thumbnailUrl\":\"https:\\\/\\\/wersch-verlag.de\\\/wp-content\\\/uploads\\\/2025\\\/01\\\/Das-Fortleben-nach-dem-Tode-im-Hinblick-auf-Naturwissenschaft-und-Parapsychologie.png\",\"datePublished\":\"2025-01-30T14:45:15+00:00\",\"dateModified\":\"2025-04-13T18:41:41+00:00\",\"description\":\"Zu dem Eindrucksvollsten, was die Grenzwissenschaft zu bieten hat, geh\u00f6ren die Materialisationsph\u00e4nomene. Offiziell gibt es derzeit nur sehr wenige Menschen, die in der Lage sind, auf diese Weise als Mittler zwischen den Welten zu wirken. Je mehr man dieses Gebiet erforscht, desto klarer wird man erkennen, dass der Tod eben nicht die Vernichtung der Individualit\u00e4t bedeutet, noch deren Aufl\u00f6sung, sondern dass der Mensch mit gesteigerter Individualit\u00e4t fortbesteht, dass also die sogenannten Toten viel lebendiger sind als wir. Gerade durch diese paranormalen Ph\u00e4nomene l\u00e4sst sich der Tod als superlative Steigerung der Individualit\u00e4t erkennen, mit enormen geistigen M\u00f6glichkeiten, in einem leiblichen Zustand. Bei dem Widerstand, den die Unsterblichkeitslehre findet, sollte man meinen, sie sei ganz und gar undenkbar und nur Gegenstand des Glaubens. Das ist ein Irrtum! Die Unsterblichkeit resultiert aus der logischen Gewissheit der Erkenntnis, dass der Mensch das Produkt einer organisierenden KRAFT ist, und durch die empirische Gewissheit, die der Spiritualismus und der Spiritismus liefern. Wer aber dieses leugnet, hat eben noch einiges zu lernen.\",\"breadcrumb\":{\"@id\":\"https:\\\/\\\/wersch-verlag.de\\\/index.php\\\/product\\\/das-fortleben-nach-dem-tode-im-hinblick-auf-naturwissenschaft-und-parapsychologie\\\/#breadcrumb\"},\"inLanguage\":\"de\",\"potentialAction\":[{\"@type\":\"ReadAction\",\"target\":[\"https:\\\/\\\/wersch-verlag.de\\\/index.php\\\/product\\\/das-fortleben-nach-dem-tode-im-hinblick-auf-naturwissenschaft-und-parapsychologie\\\/\"]}]},{\"@type\":\"ImageObject\",\"inLanguage\":\"de\",\"@id\":\"https:\\\/\\\/wersch-verlag.de\\\/index.php\\\/product\\\/das-fortleben-nach-dem-tode-im-hinblick-auf-naturwissenschaft-und-parapsychologie\\\/#primaryimage\",\"url\":\"https:\\\/\\\/wersch-verlag.de\\\/wp-content\\\/uploads\\\/2025\\\/01\\\/Das-Fortleben-nach-dem-Tode-im-Hinblick-auf-Naturwissenschaft-und-Parapsychologie.png\",\"contentUrl\":\"https:\\\/\\\/wersch-verlag.de\\\/wp-content\\\/uploads\\\/2025\\\/01\\\/Das-Fortleben-nach-dem-Tode-im-Hinblick-auf-Naturwissenschaft-und-Parapsychologie.png\",\"width\":571,\"height\":802},{\"@type\":\"BreadcrumbList\",\"@id\":\"https:\\\/\\\/wersch-verlag.de\\\/index.php\\\/product\\\/das-fortleben-nach-dem-tode-im-hinblick-auf-naturwissenschaft-und-parapsychologie\\\/#breadcrumb\",\"itemListElement\":[{\"@type\":\"ListItem\",\"position\":1,\"name\":\"Home\",\"item\":\"https:\\\/\\\/wersch-verlag.de\\\/\"},{\"@type\":\"ListItem\",\"position\":2,\"name\":\"Shop\",\"item\":\"https:\\\/\\\/wersch-verlag.de\\\/index.php\\\/shop\\\/\"},{\"@type\":\"ListItem\",\"position\":3,\"name\":\"Das Fortleben nach dem Tode im Hinblick auf Naturwissenschaft und Parapsychologie\"}]},{\"@type\":\"WebSite\",\"@id\":\"https:\\\/\\\/wersch-verlag.de\\\/#website\",\"url\":\"https:\\\/\\\/wersch-verlag.de\\\/\",\"name\":\"WerSch Verlag\",\"description\":\"M\u00fcnchen\",\"publisher\":{\"@id\":\"https:\\\/\\\/wersch-verlag.de\\\/#organization\"},\"potentialAction\":[{\"@type\":\"SearchAction\",\"target\":{\"@type\":\"EntryPoint\",\"urlTemplate\":\"https:\\\/\\\/wersch-verlag.de\\\/?s={search_term_string}\"},\"query-input\":{\"@type\":\"PropertyValueSpecification\",\"valueRequired\":true,\"valueName\":\"search_term_string\"}}],\"inLanguage\":\"de\"},{\"@type\":\"Organization\",\"@id\":\"https:\\\/\\\/wersch-verlag.de\\\/#organization\",\"name\":\"WerSch Verlag\",\"url\":\"https:\\\/\\\/wersch-verlag.de\\\/\",\"logo\":{\"@type\":\"ImageObject\",\"inLanguage\":\"de\",\"@id\":\"https:\\\/\\\/wersch-verlag.de\\\/#\\\/schema\\\/logo\\\/image\\\/\",\"url\":\"https:\\\/\\\/wersch-verlag.de\\\/wp-content\\\/uploads\\\/2021\\\/04\\\/Bild-Bruecke-a.jpeg\",\"contentUrl\":\"https:\\\/\\\/wersch-verlag.de\\\/wp-content\\\/uploads\\\/2021\\\/04\\\/Bild-Bruecke-a.jpeg\",\"width\":820,\"height\":617,\"caption\":\"WerSch Verlag\"},\"image\":{\"@id\":\"https:\\\/\\\/wersch-verlag.de\\\/#\\\/schema\\\/logo\\\/image\\\/\"}}]}<\/script>\n<!-- \/ Yoast SEO plugin. -->","yoast_head_json":{"title":"Das Fortleben nach dem Tode im Hinblick auf Naturwissenschaft und Parapsychologie - WerSch Verlag","description":"Zu dem Eindrucksvollsten, was die Grenzwissenschaft zu bieten hat, geh\u00f6ren die Materialisationsph\u00e4nomene. Offiziell gibt es derzeit nur sehr wenige Menschen, die in der Lage sind, auf diese Weise als Mittler zwischen den Welten zu wirken. Je mehr man dieses Gebiet erforscht, desto klarer wird man erkennen, dass der Tod eben nicht die Vernichtung der Individualit\u00e4t bedeutet, noch deren Aufl\u00f6sung, sondern dass der Mensch mit gesteigerter Individualit\u00e4t fortbesteht, dass also die sogenannten Toten viel lebendiger sind als wir. Gerade durch diese paranormalen Ph\u00e4nomene l\u00e4sst sich der Tod als superlative Steigerung der Individualit\u00e4t erkennen, mit enormen geistigen M\u00f6glichkeiten, in einem leiblichen Zustand. Bei dem Widerstand, den die Unsterblichkeitslehre findet, sollte man meinen, sie sei ganz und gar undenkbar und nur Gegenstand des Glaubens. Das ist ein Irrtum! Die Unsterblichkeit resultiert aus der logischen Gewissheit der Erkenntnis, dass der Mensch das Produkt einer organisierenden KRAFT ist, und durch die empirische Gewissheit, die der Spiritualismus und der Spiritismus liefern. Wer aber dieses leugnet, hat eben noch einiges zu lernen.","robots":{"index":"index","follow":"follow","max-snippet":"max-snippet:-1","max-image-preview":"max-image-preview:large","max-video-preview":"max-video-preview:-1"},"canonical":"https:\/\/wersch-verlag.de\/index.php\/product\/das-fortleben-nach-dem-tode-im-hinblick-auf-naturwissenschaft-und-parapsychologie\/","og_locale":"de_DE","og_type":"article","og_title":"Das Fortleben nach dem Tode im Hinblick auf Naturwissenschaft und Parapsychologie - WerSch Verlag","og_description":"Zu dem Eindrucksvollsten, was die Grenzwissenschaft zu bieten hat, geh\u00f6ren die Materialisationsph\u00e4nomene. Offiziell gibt es derzeit nur sehr wenige Menschen, die in der Lage sind, auf diese Weise als Mittler zwischen den Welten zu wirken. Je mehr man dieses Gebiet erforscht, desto klarer wird man erkennen, dass der Tod eben nicht die Vernichtung der Individualit\u00e4t bedeutet, noch deren Aufl\u00f6sung, sondern dass der Mensch mit gesteigerter Individualit\u00e4t fortbesteht, dass also die sogenannten Toten viel lebendiger sind als wir. Gerade durch diese paranormalen Ph\u00e4nomene l\u00e4sst sich der Tod als superlative Steigerung der Individualit\u00e4t erkennen, mit enormen geistigen M\u00f6glichkeiten, in einem leiblichen Zustand. Bei dem Widerstand, den die Unsterblichkeitslehre findet, sollte man meinen, sie sei ganz und gar undenkbar und nur Gegenstand des Glaubens. Das ist ein Irrtum! Die Unsterblichkeit resultiert aus der logischen Gewissheit der Erkenntnis, dass der Mensch das Produkt einer organisierenden KRAFT ist, und durch die empirische Gewissheit, die der Spiritualismus und der Spiritismus liefern. Wer aber dieses leugnet, hat eben noch einiges zu lernen.","og_url":"https:\/\/wersch-verlag.de\/index.php\/product\/das-fortleben-nach-dem-tode-im-hinblick-auf-naturwissenschaft-und-parapsychologie\/","og_site_name":"WerSch Verlag","article_modified_time":"2025-04-13T18:41:41+00:00","og_image":[{"width":571,"height":802,"url":"https:\/\/wersch-verlag.de\/wp-content\/uploads\/2025\/01\/Das-Fortleben-nach-dem-Tode-im-Hinblick-auf-Naturwissenschaft-und-Parapsychologie.png","type":"image\/png"}],"twitter_card":"summary_large_image","schema":{"@context":"https:\/\/schema.org","@graph":[{"@type":"WebPage","@id":"https:\/\/wersch-verlag.de\/index.php\/product\/das-fortleben-nach-dem-tode-im-hinblick-auf-naturwissenschaft-und-parapsychologie\/","url":"https:\/\/wersch-verlag.de\/index.php\/product\/das-fortleben-nach-dem-tode-im-hinblick-auf-naturwissenschaft-und-parapsychologie\/","name":"Das Fortleben nach dem Tode im Hinblick auf Naturwissenschaft und Parapsychologie - WerSch Verlag","isPartOf":{"@id":"https:\/\/wersch-verlag.de\/#website"},"primaryImageOfPage":{"@id":"https:\/\/wersch-verlag.de\/index.php\/product\/das-fortleben-nach-dem-tode-im-hinblick-auf-naturwissenschaft-und-parapsychologie\/#primaryimage"},"image":{"@id":"https:\/\/wersch-verlag.de\/index.php\/product\/das-fortleben-nach-dem-tode-im-hinblick-auf-naturwissenschaft-und-parapsychologie\/#primaryimage"},"thumbnailUrl":"https:\/\/wersch-verlag.de\/wp-content\/uploads\/2025\/01\/Das-Fortleben-nach-dem-Tode-im-Hinblick-auf-Naturwissenschaft-und-Parapsychologie.png","datePublished":"2025-01-30T14:45:15+00:00","dateModified":"2025-04-13T18:41:41+00:00","description":"Zu dem Eindrucksvollsten, was die Grenzwissenschaft zu bieten hat, geh\u00f6ren die Materialisationsph\u00e4nomene. Offiziell gibt es derzeit nur sehr wenige Menschen, die in der Lage sind, auf diese Weise als Mittler zwischen den Welten zu wirken. Je mehr man dieses Gebiet erforscht, desto klarer wird man erkennen, dass der Tod eben nicht die Vernichtung der Individualit\u00e4t bedeutet, noch deren Aufl\u00f6sung, sondern dass der Mensch mit gesteigerter Individualit\u00e4t fortbesteht, dass also die sogenannten Toten viel lebendiger sind als wir. Gerade durch diese paranormalen Ph\u00e4nomene l\u00e4sst sich der Tod als superlative Steigerung der Individualit\u00e4t erkennen, mit enormen geistigen M\u00f6glichkeiten, in einem leiblichen Zustand. Bei dem Widerstand, den die Unsterblichkeitslehre findet, sollte man meinen, sie sei ganz und gar undenkbar und nur Gegenstand des Glaubens. Das ist ein Irrtum! Die Unsterblichkeit resultiert aus der logischen Gewissheit der Erkenntnis, dass der Mensch das Produkt einer organisierenden KRAFT ist, und durch die empirische Gewissheit, die der Spiritualismus und der Spiritismus liefern. Wer aber dieses leugnet, hat eben noch einiges zu lernen.","breadcrumb":{"@id":"https:\/\/wersch-verlag.de\/index.php\/product\/das-fortleben-nach-dem-tode-im-hinblick-auf-naturwissenschaft-und-parapsychologie\/#breadcrumb"},"inLanguage":"de","potentialAction":[{"@type":"ReadAction","target":["https:\/\/wersch-verlag.de\/index.php\/product\/das-fortleben-nach-dem-tode-im-hinblick-auf-naturwissenschaft-und-parapsychologie\/"]}]},{"@type":"ImageObject","inLanguage":"de","@id":"https:\/\/wersch-verlag.de\/index.php\/product\/das-fortleben-nach-dem-tode-im-hinblick-auf-naturwissenschaft-und-parapsychologie\/#primaryimage","url":"https:\/\/wersch-verlag.de\/wp-content\/uploads\/2025\/01\/Das-Fortleben-nach-dem-Tode-im-Hinblick-auf-Naturwissenschaft-und-Parapsychologie.png","contentUrl":"https:\/\/wersch-verlag.de\/wp-content\/uploads\/2025\/01\/Das-Fortleben-nach-dem-Tode-im-Hinblick-auf-Naturwissenschaft-und-Parapsychologie.png","width":571,"height":802},{"@type":"BreadcrumbList","@id":"https:\/\/wersch-verlag.de\/index.php\/product\/das-fortleben-nach-dem-tode-im-hinblick-auf-naturwissenschaft-und-parapsychologie\/#breadcrumb","itemListElement":[{"@type":"ListItem","position":1,"name":"Home","item":"https:\/\/wersch-verlag.de\/"},{"@type":"ListItem","position":2,"name":"Shop","item":"https:\/\/wersch-verlag.de\/index.php\/shop\/"},{"@type":"ListItem","position":3,"name":"Das Fortleben nach dem Tode im Hinblick auf Naturwissenschaft und Parapsychologie"}]},{"@type":"WebSite","@id":"https:\/\/wersch-verlag.de\/#website","url":"https:\/\/wersch-verlag.de\/","name":"WerSch Verlag","description":"M\u00fcnchen","publisher":{"@id":"https:\/\/wersch-verlag.de\/#organization"},"potentialAction":[{"@type":"SearchAction","target":{"@type":"EntryPoint","urlTemplate":"https:\/\/wersch-verlag.de\/?s={search_term_string}"},"query-input":{"@type":"PropertyValueSpecification","valueRequired":true,"valueName":"search_term_string"}}],"inLanguage":"de"},{"@type":"Organization","@id":"https:\/\/wersch-verlag.de\/#organization","name":"WerSch Verlag","url":"https:\/\/wersch-verlag.de\/","logo":{"@type":"ImageObject","inLanguage":"de","@id":"https:\/\/wersch-verlag.de\/#\/schema\/logo\/image\/","url":"https:\/\/wersch-verlag.de\/wp-content\/uploads\/2021\/04\/Bild-Bruecke-a.jpeg","contentUrl":"https:\/\/wersch-verlag.de\/wp-content\/uploads\/2021\/04\/Bild-Bruecke-a.jpeg","width":820,"height":617,"caption":"WerSch Verlag"},"image":{"@id":"https:\/\/wersch-verlag.de\/#\/schema\/logo\/image\/"}}]}},"_links":{"self":[{"href":"https:\/\/wersch-verlag.de\/index.php\/wp-json\/wp\/v2\/product\/591","targetHints":{"allow":["GET"]}}],"collection":[{"href":"https:\/\/wersch-verlag.de\/index.php\/wp-json\/wp\/v2\/product"}],"about":[{"href":"https:\/\/wersch-verlag.de\/index.php\/wp-json\/wp\/v2\/types\/product"}],"replies":[{"embeddable":true,"href":"https:\/\/wersch-verlag.de\/index.php\/wp-json\/wp\/v2\/comments?post=591"}],"wp:featuredmedia":[{"embeddable":true,"href":"https:\/\/wersch-verlag.de\/index.php\/wp-json\/wp\/v2\/media\/592"}],"wp:attachment":[{"href":"https:\/\/wersch-verlag.de\/index.php\/wp-json\/wp\/v2\/media?parent=591"}],"wp:term":[{"taxonomy":"product_brand","embeddable":true,"href":"https:\/\/wersch-verlag.de\/index.php\/wp-json\/wp\/v2\/product_brand?post=591"},{"taxonomy":"product_cat","embeddable":true,"href":"https:\/\/wersch-verlag.de\/index.php\/wp-json\/wp\/v2\/product_cat?post=591"},{"taxonomy":"product_tag","embeddable":true,"href":"https:\/\/wersch-verlag.de\/index.php\/wp-json\/wp\/v2\/product_tag?post=591"}],"curies":[{"name":"wp","href":"https:\/\/api.w.org\/{rel}","templated":true}]}}