{"id":701,"date":"2025-03-14T16:37:11","date_gmt":"2025-03-14T15:37:11","guid":{"rendered":"https:\/\/wersch-verlag.de\/?post_type=product&#038;p=701"},"modified":"2025-10-26T19:21:15","modified_gmt":"2025-10-26T18:21:15","slug":"die-geistige-heilung-durch-verbindung-mit-der-jenseitigen-welt-2","status":"publish","type":"product","link":"https:\/\/wersch-verlag.de\/index.php\/product\/die-geistige-heilung-durch-verbindung-mit-der-jenseitigen-welt-2\/","title":{"rendered":"Die Geistige Heilung durch Verbindung mit der jenseitigen Welt"},"content":{"rendered":"<p>Unter geistiger Heilung wird die Behandlung von Krankheiten verstanden, bei der keine der \u00fcblichen Heilmethoden angewandt wird. Die Erfolge sind medizinisch nicht erkl\u00e4rbar. In dem Buch werden geistige Heilungen von folgenden, medial veranlagten Personen beschrieben: Harry Edwards, George Chapman, Z\u00e9 Arig\u00f3, Dr. med Edson Quiroz, Mustafa Mujagitsch und Bruno Gr\u00f6ning<\/p>\n","protected":false},"excerpt":{"rendered":"<p>Heilung von Krankheiten, bei der keine der \u00fcblichen Heilmethoden angewandt wird, die nicht nach bekannter, medizinischer Erfahrung verl\u00e4uft und nicht nachvollziehbar ist.<\/p>\n","protected":false},"featured_media":776,"comment_status":"open","ping_status":"closed","template":"","meta":{"_monsterinsights_skip_tracking":false,"_monsterinsights_sitenote_active":false,"_monsterinsights_sitenote_note":"","_monsterinsights_sitenote_category":0},"product_brand":[98],"product_cat":[29],"product_tag":[48,99,50,45,100,43,47,54,31,39,33,101],"class_list":{"0":"post-701","1":"product","2":"type-product","3":"status-publish","4":"has-post-thumbnail","6":"product_brand-wersch-verlag","7":"product_cat-buch","8":"product_tag-behandlungsmethode","9":"product_tag-geistige","10":"product_tag-geistige-heilung","11":"product_tag-gott","12":"product_tag-heilung","13":"product_tag-jenseits","14":"product_tag-medizin","15":"product_tag-paranormal","16":"product_tag-parapsychologie","17":"product_tag-religion","18":"product_tag-spiritualismus","19":"product_tag-wunder","21":"first","22":"instock","23":"taxable","24":"shipping-taxable","25":"purchasable","26":"product-type-simple"},"yoast_head":"<!-- This site is optimized with the Yoast SEO plugin v27.4 - https:\/\/yoast.com\/product\/yoast-seo-wordpress\/ -->\n<title>Die Geistige Heilung durch Verbindung mit der jenseitigen Welt - WerSch Verlag<\/title>\n<meta name=\"description\" content=\"Geistige Heilung ist die Behandlung von Krankheiten, bei der keine der \u00fcblichen Heilmethoden angewandt wird. Die Erfolge sind medizinisch nicht erkl\u00e4rbar.\" \/>\n<meta name=\"robots\" content=\"index, follow, max-snippet:-1, max-image-preview:large, max-video-preview:-1\" \/>\n<link rel=\"canonical\" href=\"https:\/\/wersch-verlag.de\/index.php\/product\/die-geistige-heilung-durch-verbindung-mit-der-jenseitigen-welt-2\/\" \/>\n<meta property=\"og:locale\" content=\"de_DE\" \/>\n<meta property=\"og:type\" content=\"article\" \/>\n<meta property=\"og:title\" content=\"Die Geistige Heilung durch Verbindung mit der jenseitigen Welt - WerSch Verlag\" \/>\n<meta property=\"og:description\" content=\"Geistige Heilung ist die Behandlung von Krankheiten, bei der keine der \u00fcblichen Heilmethoden angewandt wird. Die Erfolge sind medizinisch nicht erkl\u00e4rbar.\" \/>\n<meta property=\"og:url\" content=\"https:\/\/wersch-verlag.de\/index.php\/product\/die-geistige-heilung-durch-verbindung-mit-der-jenseitigen-welt-2\/\" \/>\n<meta property=\"og:site_name\" content=\"WerSch Verlag\" \/>\n<meta property=\"article:modified_time\" content=\"2025-10-26T18:21:15+00:00\" \/>\n<meta property=\"og:image\" content=\"https:\/\/wersch-verlag.de\/wp-content\/uploads\/2025\/03\/PDF-auf-jpg-72dpi.jpg\" \/>\n\t<meta property=\"og:image:width\" content=\"427\" \/>\n\t<meta property=\"og:image:height\" content=\"595\" \/>\n\t<meta property=\"og:image:type\" content=\"image\/jpeg\" \/>\n<meta name=\"twitter:card\" content=\"summary_large_image\" \/>\n<script type=\"application\/ld+json\" class=\"yoast-schema-graph\">{\"@context\":\"https:\\\/\\\/schema.org\",\"@graph\":[{\"@type\":\"WebPage\",\"@id\":\"https:\\\/\\\/wersch-verlag.de\\\/index.php\\\/product\\\/die-geistige-heilung-durch-verbindung-mit-der-jenseitigen-welt-2\\\/\",\"url\":\"https:\\\/\\\/wersch-verlag.de\\\/index.php\\\/product\\\/die-geistige-heilung-durch-verbindung-mit-der-jenseitigen-welt-2\\\/\",\"name\":\"Die Geistige Heilung durch Verbindung mit der jenseitigen Welt - WerSch Verlag\",\"isPartOf\":{\"@id\":\"https:\\\/\\\/wersch-verlag.de\\\/#website\"},\"primaryImageOfPage\":{\"@id\":\"https:\\\/\\\/wersch-verlag.de\\\/index.php\\\/product\\\/die-geistige-heilung-durch-verbindung-mit-der-jenseitigen-welt-2\\\/#primaryimage\"},\"image\":{\"@id\":\"https:\\\/\\\/wersch-verlag.de\\\/index.php\\\/product\\\/die-geistige-heilung-durch-verbindung-mit-der-jenseitigen-welt-2\\\/#primaryimage\"},\"thumbnailUrl\":\"https:\\\/\\\/wersch-verlag.de\\\/wp-content\\\/uploads\\\/2025\\\/03\\\/PDF-auf-jpg-72dpi.jpg\",\"datePublished\":\"2025-03-14T15:37:11+00:00\",\"dateModified\":\"2025-10-26T18:21:15+00:00\",\"description\":\"Geistige Heilung ist die Behandlung von Krankheiten, bei der keine der \u00fcblichen Heilmethoden angewandt wird. Die Erfolge sind medizinisch nicht erkl\u00e4rbar.\",\"breadcrumb\":{\"@id\":\"https:\\\/\\\/wersch-verlag.de\\\/index.php\\\/product\\\/die-geistige-heilung-durch-verbindung-mit-der-jenseitigen-welt-2\\\/#breadcrumb\"},\"inLanguage\":\"de\",\"potentialAction\":[{\"@type\":\"ReadAction\",\"target\":[\"https:\\\/\\\/wersch-verlag.de\\\/index.php\\\/product\\\/die-geistige-heilung-durch-verbindung-mit-der-jenseitigen-welt-2\\\/\"]}]},{\"@type\":\"ImageObject\",\"inLanguage\":\"de\",\"@id\":\"https:\\\/\\\/wersch-verlag.de\\\/index.php\\\/product\\\/die-geistige-heilung-durch-verbindung-mit-der-jenseitigen-welt-2\\\/#primaryimage\",\"url\":\"https:\\\/\\\/wersch-verlag.de\\\/wp-content\\\/uploads\\\/2025\\\/03\\\/PDF-auf-jpg-72dpi.jpg\",\"contentUrl\":\"https:\\\/\\\/wersch-verlag.de\\\/wp-content\\\/uploads\\\/2025\\\/03\\\/PDF-auf-jpg-72dpi.jpg\",\"width\":427,\"height\":595},{\"@type\":\"BreadcrumbList\",\"@id\":\"https:\\\/\\\/wersch-verlag.de\\\/index.php\\\/product\\\/die-geistige-heilung-durch-verbindung-mit-der-jenseitigen-welt-2\\\/#breadcrumb\",\"itemListElement\":[{\"@type\":\"ListItem\",\"position\":1,\"name\":\"Home\",\"item\":\"https:\\\/\\\/wersch-verlag.de\\\/\"},{\"@type\":\"ListItem\",\"position\":2,\"name\":\"Shop\",\"item\":\"https:\\\/\\\/wersch-verlag.de\\\/index.php\\\/shop\\\/\"},{\"@type\":\"ListItem\",\"position\":3,\"name\":\"Die Geistige Heilung durch Verbindung mit der jenseitigen Welt\"}]},{\"@type\":\"WebSite\",\"@id\":\"https:\\\/\\\/wersch-verlag.de\\\/#website\",\"url\":\"https:\\\/\\\/wersch-verlag.de\\\/\",\"name\":\"WerSch Verlag\",\"description\":\"M\u00fcnchen\",\"publisher\":{\"@id\":\"https:\\\/\\\/wersch-verlag.de\\\/#organization\"},\"potentialAction\":[{\"@type\":\"SearchAction\",\"target\":{\"@type\":\"EntryPoint\",\"urlTemplate\":\"https:\\\/\\\/wersch-verlag.de\\\/?s={search_term_string}\"},\"query-input\":{\"@type\":\"PropertyValueSpecification\",\"valueRequired\":true,\"valueName\":\"search_term_string\"}}],\"inLanguage\":\"de\"},{\"@type\":\"Organization\",\"@id\":\"https:\\\/\\\/wersch-verlag.de\\\/#organization\",\"name\":\"WerSch Verlag\",\"url\":\"https:\\\/\\\/wersch-verlag.de\\\/\",\"logo\":{\"@type\":\"ImageObject\",\"inLanguage\":\"de\",\"@id\":\"https:\\\/\\\/wersch-verlag.de\\\/#\\\/schema\\\/logo\\\/image\\\/\",\"url\":\"https:\\\/\\\/wersch-verlag.de\\\/wp-content\\\/uploads\\\/2021\\\/04\\\/Bild-Bruecke-a.jpeg\",\"contentUrl\":\"https:\\\/\\\/wersch-verlag.de\\\/wp-content\\\/uploads\\\/2021\\\/04\\\/Bild-Bruecke-a.jpeg\",\"width\":820,\"height\":617,\"caption\":\"WerSch Verlag\"},\"image\":{\"@id\":\"https:\\\/\\\/wersch-verlag.de\\\/#\\\/schema\\\/logo\\\/image\\\/\"}}]}<\/script>\n<!-- \/ Yoast SEO plugin. -->","yoast_head_json":{"title":"Die Geistige Heilung durch Verbindung mit der jenseitigen Welt - WerSch Verlag","description":"Geistige Heilung ist die Behandlung von Krankheiten, bei der keine der \u00fcblichen Heilmethoden angewandt wird. Die Erfolge sind medizinisch nicht erkl\u00e4rbar.","robots":{"index":"index","follow":"follow","max-snippet":"max-snippet:-1","max-image-preview":"max-image-preview:large","max-video-preview":"max-video-preview:-1"},"canonical":"https:\/\/wersch-verlag.de\/index.php\/product\/die-geistige-heilung-durch-verbindung-mit-der-jenseitigen-welt-2\/","og_locale":"de_DE","og_type":"article","og_title":"Die Geistige Heilung durch Verbindung mit der jenseitigen Welt - WerSch Verlag","og_description":"Geistige Heilung ist die Behandlung von Krankheiten, bei der keine der \u00fcblichen Heilmethoden angewandt wird. Die Erfolge sind medizinisch nicht erkl\u00e4rbar.","og_url":"https:\/\/wersch-verlag.de\/index.php\/product\/die-geistige-heilung-durch-verbindung-mit-der-jenseitigen-welt-2\/","og_site_name":"WerSch Verlag","article_modified_time":"2025-10-26T18:21:15+00:00","og_image":[{"width":427,"height":595,"url":"https:\/\/wersch-verlag.de\/wp-content\/uploads\/2025\/03\/PDF-auf-jpg-72dpi.jpg","type":"image\/jpeg"}],"twitter_card":"summary_large_image","schema":{"@context":"https:\/\/schema.org","@graph":[{"@type":"WebPage","@id":"https:\/\/wersch-verlag.de\/index.php\/product\/die-geistige-heilung-durch-verbindung-mit-der-jenseitigen-welt-2\/","url":"https:\/\/wersch-verlag.de\/index.php\/product\/die-geistige-heilung-durch-verbindung-mit-der-jenseitigen-welt-2\/","name":"Die Geistige Heilung durch Verbindung mit der jenseitigen Welt - WerSch Verlag","isPartOf":{"@id":"https:\/\/wersch-verlag.de\/#website"},"primaryImageOfPage":{"@id":"https:\/\/wersch-verlag.de\/index.php\/product\/die-geistige-heilung-durch-verbindung-mit-der-jenseitigen-welt-2\/#primaryimage"},"image":{"@id":"https:\/\/wersch-verlag.de\/index.php\/product\/die-geistige-heilung-durch-verbindung-mit-der-jenseitigen-welt-2\/#primaryimage"},"thumbnailUrl":"https:\/\/wersch-verlag.de\/wp-content\/uploads\/2025\/03\/PDF-auf-jpg-72dpi.jpg","datePublished":"2025-03-14T15:37:11+00:00","dateModified":"2025-10-26T18:21:15+00:00","description":"Geistige Heilung ist die Behandlung von Krankheiten, bei der keine der \u00fcblichen Heilmethoden angewandt wird. Die Erfolge sind medizinisch nicht erkl\u00e4rbar.","breadcrumb":{"@id":"https:\/\/wersch-verlag.de\/index.php\/product\/die-geistige-heilung-durch-verbindung-mit-der-jenseitigen-welt-2\/#breadcrumb"},"inLanguage":"de","potentialAction":[{"@type":"ReadAction","target":["https:\/\/wersch-verlag.de\/index.php\/product\/die-geistige-heilung-durch-verbindung-mit-der-jenseitigen-welt-2\/"]}]},{"@type":"ImageObject","inLanguage":"de","@id":"https:\/\/wersch-verlag.de\/index.php\/product\/die-geistige-heilung-durch-verbindung-mit-der-jenseitigen-welt-2\/#primaryimage","url":"https:\/\/wersch-verlag.de\/wp-content\/uploads\/2025\/03\/PDF-auf-jpg-72dpi.jpg","contentUrl":"https:\/\/wersch-verlag.de\/wp-content\/uploads\/2025\/03\/PDF-auf-jpg-72dpi.jpg","width":427,"height":595},{"@type":"BreadcrumbList","@id":"https:\/\/wersch-verlag.de\/index.php\/product\/die-geistige-heilung-durch-verbindung-mit-der-jenseitigen-welt-2\/#breadcrumb","itemListElement":[{"@type":"ListItem","position":1,"name":"Home","item":"https:\/\/wersch-verlag.de\/"},{"@type":"ListItem","position":2,"name":"Shop","item":"https:\/\/wersch-verlag.de\/index.php\/shop\/"},{"@type":"ListItem","position":3,"name":"Die Geistige Heilung durch Verbindung mit der jenseitigen Welt"}]},{"@type":"WebSite","@id":"https:\/\/wersch-verlag.de\/#website","url":"https:\/\/wersch-verlag.de\/","name":"WerSch Verlag","description":"M\u00fcnchen","publisher":{"@id":"https:\/\/wersch-verlag.de\/#organization"},"potentialAction":[{"@type":"SearchAction","target":{"@type":"EntryPoint","urlTemplate":"https:\/\/wersch-verlag.de\/?s={search_term_string}"},"query-input":{"@type":"PropertyValueSpecification","valueRequired":true,"valueName":"search_term_string"}}],"inLanguage":"de"},{"@type":"Organization","@id":"https:\/\/wersch-verlag.de\/#organization","name":"WerSch Verlag","url":"https:\/\/wersch-verlag.de\/","logo":{"@type":"ImageObject","inLanguage":"de","@id":"https:\/\/wersch-verlag.de\/#\/schema\/logo\/image\/","url":"https:\/\/wersch-verlag.de\/wp-content\/uploads\/2021\/04\/Bild-Bruecke-a.jpeg","contentUrl":"https:\/\/wersch-verlag.de\/wp-content\/uploads\/2021\/04\/Bild-Bruecke-a.jpeg","width":820,"height":617,"caption":"WerSch Verlag"},"image":{"@id":"https:\/\/wersch-verlag.de\/#\/schema\/logo\/image\/"}}]}},"_links":{"self":[{"href":"https:\/\/wersch-verlag.de\/index.php\/wp-json\/wp\/v2\/product\/701","targetHints":{"allow":["GET"]}}],"collection":[{"href":"https:\/\/wersch-verlag.de\/index.php\/wp-json\/wp\/v2\/product"}],"about":[{"href":"https:\/\/wersch-verlag.de\/index.php\/wp-json\/wp\/v2\/types\/product"}],"replies":[{"embeddable":true,"href":"https:\/\/wersch-verlag.de\/index.php\/wp-json\/wp\/v2\/comments?post=701"}],"wp:featuredmedia":[{"embeddable":true,"href":"https:\/\/wersch-verlag.de\/index.php\/wp-json\/wp\/v2\/media\/776"}],"wp:attachment":[{"href":"https:\/\/wersch-verlag.de\/index.php\/wp-json\/wp\/v2\/media?parent=701"}],"wp:term":[{"taxonomy":"product_brand","embeddable":true,"href":"https:\/\/wersch-verlag.de\/index.php\/wp-json\/wp\/v2\/product_brand?post=701"},{"taxonomy":"product_cat","embeddable":true,"href":"https:\/\/wersch-verlag.de\/index.php\/wp-json\/wp\/v2\/product_cat?post=701"},{"taxonomy":"product_tag","embeddable":true,"href":"https:\/\/wersch-verlag.de\/index.php\/wp-json\/wp\/v2\/product_tag?post=701"}],"curies":[{"name":"wp","href":"https:\/\/api.w.org\/{rel}","templated":true}]}}